{"id":1012,"date":"2020-09-28T10:13:19","date_gmt":"2020-09-28T09:13:19","guid":{"rendered":"https:\/\/www.groupe-archimbaud.com\/key-figures\/"},"modified":"2023-01-23T16:40:10","modified_gmt":"2023-01-23T15:40:10","slug":"datos-clave","status":"publish","type":"page","link":"https:\/\/www.groupe-archimbaud.com\/es\/datos-clave\/","title":{"rendered":"Datos clave"},"content":{"rendered":"\r\n<p>&nbsp;<\/p>\r\n<p><strong>Distribuci\u00f3n del volumen de negocios por actividad<\/strong><\/p>\r\n<p><strong>Updated key figures<\/strong><\/p>\r\n<p><a id=\"fl-accordion--label-0\" tabindex=\"0\" href=\"#\" aria-controls=\"fl-accordion--panel-0\">550\u00a0000 m2 de parc industriel (8 sites en France et 2 \u00e0 l&#8217;international)<\/a> <a id=\"fl-accordion--icon-0\" tabindex=\"0\" href=\"#\" aria-controls=\"fl-accordion--panel-0\"><i>Expand<\/i><\/a><\/p>\r\n<p>550 000<\/p>\r\n<p>m\u00b2 de parque industrial (9 centros en Francia y 3 en el extranjero)<\/p>\r\n<p><a id=\"fl-accordion--label-1\" tabindex=\"0\" href=\"#\" aria-controls=\"fl-accordion--panel-1\">2\u00c8ME scieur fran\u00e7ais de planches \u00e0 palettes<\/a> <a id=\"fl-accordion--icon-1\" tabindex=\"0\" href=\"#\" aria-controls=\"fl-accordion--panel-1\"><i>Expand<\/i><\/a><\/p>\r\n<p>2nd<\/p>\r\n<p>aserradero de tablas para pallets y productor de pellets de madera de Francia<\/p>\r\n<p><a id=\"fl-accordion--label-2\" tabindex=\"0\" href=\"#\" aria-controls=\"fl-accordion--panel-2\">230 000 tonnes de granul\u00e9s bois pour le chauffage<\/a> <a id=\"fl-accordion--icon-2\" tabindex=\"0\" href=\"#\" aria-controls=\"fl-accordion--panel-2\"><i>Expand<\/i><\/a><\/p>\r\n<p>230 000<\/p>\r\n<p>toneladas de pellets de madera para calefacci\u00f3n<\/p>\r\n<p><a id=\"fl-accordion--label-3\" tabindex=\"0\" href=\"#\" aria-controls=\"fl-accordion--panel-3\">145M\u20ac de chiffre d&#8217;affaires<\/a> <a id=\"fl-accordion--icon-3\" tabindex=\"0\" href=\"#\" aria-controls=\"fl-accordion--panel-3\"><i>Expand<\/i><\/a><\/p>\r\n<p>145M\u20ac<\/p>\r\n<p>de facturaci\u00f3n<\/p>\r\n<p><a id=\"fl-accordion--label-4\" tabindex=\"0\" href=\"#\" aria-controls=\"fl-accordion--panel-4\">650 000 tonnes de bois transform\u00e9s\u00a0<\/a> <a id=\"fl-accordion--icon-4\" tabindex=\"0\" href=\"#\" aria-controls=\"fl-accordion--panel-4\"><i>Expand<\/i><\/a><\/p>\r\n<p>650 000<\/p>\r\n<p>toneladas de madera procesada<\/p>\r\n<p><a id=\"fl-accordion--label-5\" tabindex=\"0\" href=\"#\" aria-controls=\"fl-accordion--panel-5\">7 000 000 de palettes assembl\u00e9es<\/a> <a id=\"fl-accordion--icon-5\" tabindex=\"0\" href=\"#\" aria-controls=\"fl-accordion--panel-5\"><i>Expand<\/i><\/a><\/p>\r\n<p>7 000 000<\/p>\r\n<p>de palets ensamblados<\/p>\r\n<p><a id=\"fl-accordion--label-6\" tabindex=\"0\" href=\"#\" aria-controls=\"fl-accordion--panel-6\">600 collaborateurs<\/a> <a id=\"fl-accordion--icon-6\" tabindex=\"0\" href=\"#\" aria-controls=\"fl-accordion--panel-6\"><i>Expand<\/i><\/a><\/p>\r\n<p>600<\/p>\r\n<p>empleados<\/p>\r\n<p><a id=\"fl-accordion--label-7\" tabindex=\"0\" href=\"#\" aria-controls=\"fl-accordion--panel-7\">30 GW de production \u00e9nerg\u00e9tique par la centrale biomasse Cogeland et panneaux photovolta\u00efques \u00e0 St-Romans-les-Melle.<\/a> <a id=\"fl-accordion--icon-7\" tabindex=\"0\" href=\"#\" aria-controls=\"fl-accordion--panel-7\"><i>Expand<\/i><\/a><\/p>\r\n<p>30 GW<\/p>\r\n<p>de producci\u00f3n de energ\u00eda por la planta de biomasa de Cogeland y los paneles fotovoltaicos de St-Romans-les-Melle.<\/p>\r\n","protected":false},"excerpt":{"rendered":"<p>&nbsp; Distribuci\u00f3n del volumen de negocios por actividad Updated key figures 550\u00a0000 m2 de parc industriel (8 sites en France et 2 \u00e0 l&#8217;international) Expand 550 000 m\u00b2 de parque industrial (9 centros en Francia y 3 en el extranjero) 2\u00c8ME scieur fran\u00e7ais de planches \u00e0 palettes Expand 2nd aserradero de tablas para pallets y [&hellip;]<\/p>\n","protected":false},"author":1,"featured_media":900,"parent":0,"menu_order":0,"comment_status":"closed","ping_status":"closed","template":"","meta":{"_acf_changed":false,"footnotes":""},"class_list":["post-1012","page","type-page","status-publish","has-post-thumbnail","hentry"],"acf":[],"yoast_head":"<!-- This site is optimized with the Yoast SEO plugin v27.4 - https:\/\/yoast.com\/product\/yoast-seo-wordpress\/ -->\n<title>Datos clave - Archimbaud<\/title>\n<meta name=\"robots\" content=\"index, follow, max-snippet:-1, max-image-preview:large, max-video-preview:-1\" \/>\n<link rel=\"canonical\" href=\"https:\/\/www.groupe-archimbaud.com\/es\/datos-clave\/\" \/>\n<meta property=\"og:locale\" content=\"es_ES\" \/>\n<meta property=\"og:type\" content=\"article\" \/>\n<meta property=\"og:title\" content=\"Datos clave - Archimbaud\" \/>\n<meta property=\"og:description\" content=\"&nbsp; Distribuci\u00f3n del volumen de negocios por actividad Updated key figures 550\u00a0000 m2 de parc industriel (8 sites en France et 2 \u00e0 l&#8217;international) Expand 550 000 m\u00b2 de parque industrial (9 centros en Francia y 3 en el extranjero) 2\u00c8ME scieur fran\u00e7ais de planches \u00e0 palettes Expand 2nd aserradero de tablas para pallets y [&hellip;]\" \/>\n<meta property=\"og:url\" content=\"https:\/\/www.groupe-archimbaud.com\/es\/datos-clave\/\" \/>\n<meta property=\"og:site_name\" content=\"Archimbaud\" \/>\n<meta property=\"article:modified_time\" content=\"2023-01-23T15:40:10+00:00\" \/>\n<meta property=\"og:image\" content=\"https:\/\/www.groupe-archimbaud.com\/wp-content\/uploads\/2021\/04\/archimbaud-transpalette.jpg\" \/>\n\t<meta property=\"og:image:width\" content=\"880\" \/>\n\t<meta property=\"og:image:height\" content=\"880\" \/>\n\t<meta property=\"og:image:type\" content=\"image\/jpeg\" \/>\n<meta name=\"twitter:card\" content=\"summary_large_image\" \/>\n<meta name=\"twitter:label1\" content=\"Tiempo de lectura\" \/>\n\t<meta name=\"twitter:data1\" content=\"1 minuto\" \/>\n<script type=\"application\/ld+json\" class=\"yoast-schema-graph\">{\"@context\":\"https:\\\/\\\/schema.org\",\"@graph\":[{\"@type\":\"WebPage\",\"@id\":\"https:\\\/\\\/www.groupe-archimbaud.com\\\/es\\\/datos-clave\\\/\",\"url\":\"https:\\\/\\\/www.groupe-archimbaud.com\\\/es\\\/datos-clave\\\/\",\"name\":\"Datos clave - Archimbaud\",\"isPartOf\":{\"@id\":\"https:\\\/\\\/www.groupe-archimbaud.com\\\/es\\\/#website\"},\"primaryImageOfPage\":{\"@id\":\"https:\\\/\\\/www.groupe-archimbaud.com\\\/es\\\/datos-clave\\\/#primaryimage\"},\"image\":{\"@id\":\"https:\\\/\\\/www.groupe-archimbaud.com\\\/es\\\/datos-clave\\\/#primaryimage\"},\"thumbnailUrl\":\"https:\\\/\\\/www.groupe-archimbaud.com\\\/wp-content\\\/uploads\\\/2021\\\/04\\\/archimbaud-transpalette.jpg\",\"datePublished\":\"2020-09-28T09:13:19+00:00\",\"dateModified\":\"2023-01-23T15:40:10+00:00\",\"breadcrumb\":{\"@id\":\"https:\\\/\\\/www.groupe-archimbaud.com\\\/es\\\/datos-clave\\\/#breadcrumb\"},\"inLanguage\":\"es\",\"potentialAction\":[{\"@type\":\"ReadAction\",\"target\":[\"https:\\\/\\\/www.groupe-archimbaud.com\\\/es\\\/datos-clave\\\/\"]}]},{\"@type\":\"ImageObject\",\"inLanguage\":\"es\",\"@id\":\"https:\\\/\\\/www.groupe-archimbaud.com\\\/es\\\/datos-clave\\\/#primaryimage\",\"url\":\"https:\\\/\\\/www.groupe-archimbaud.com\\\/wp-content\\\/uploads\\\/2021\\\/04\\\/archimbaud-transpalette.jpg\",\"contentUrl\":\"https:\\\/\\\/www.groupe-archimbaud.com\\\/wp-content\\\/uploads\\\/2021\\\/04\\\/archimbaud-transpalette.jpg\",\"width\":880,\"height\":880},{\"@type\":\"BreadcrumbList\",\"@id\":\"https:\\\/\\\/www.groupe-archimbaud.com\\\/es\\\/datos-clave\\\/#breadcrumb\",\"itemListElement\":[{\"@type\":\"ListItem\",\"position\":1,\"name\":\"Accueil\",\"item\":\"https:\\\/\\\/www.groupe-archimbaud.com\\\/es\\\/\"},{\"@type\":\"ListItem\",\"position\":2,\"name\":\"Datos clave\"}]},{\"@type\":\"WebSite\",\"@id\":\"https:\\\/\\\/www.groupe-archimbaud.com\\\/es\\\/#website\",\"url\":\"https:\\\/\\\/www.groupe-archimbaud.com\\\/es\\\/\",\"name\":\"Archimbaud\",\"description\":\"\",\"potentialAction\":[{\"@type\":\"SearchAction\",\"target\":{\"@type\":\"EntryPoint\",\"urlTemplate\":\"https:\\\/\\\/www.groupe-archimbaud.com\\\/es\\\/?s={search_term_string}\"},\"query-input\":{\"@type\":\"PropertyValueSpecification\",\"valueRequired\":true,\"valueName\":\"search_term_string\"}}],\"inLanguage\":\"es\"}]}<\/script>\n<!-- \/ Yoast SEO plugin. -->","yoast_head_json":{"title":"Datos clave - Archimbaud","robots":{"index":"index","follow":"follow","max-snippet":"max-snippet:-1","max-image-preview":"max-image-preview:large","max-video-preview":"max-video-preview:-1"},"canonical":"https:\/\/www.groupe-archimbaud.com\/es\/datos-clave\/","og_locale":"es_ES","og_type":"article","og_title":"Datos clave - Archimbaud","og_description":"&nbsp; Distribuci\u00f3n del volumen de negocios por actividad Updated key figures 550\u00a0000 m2 de parc industriel (8 sites en France et 2 \u00e0 l&#8217;international) Expand 550 000 m\u00b2 de parque industrial (9 centros en Francia y 3 en el extranjero) 2\u00c8ME scieur fran\u00e7ais de planches \u00e0 palettes Expand 2nd aserradero de tablas para pallets y [&hellip;]","og_url":"https:\/\/www.groupe-archimbaud.com\/es\/datos-clave\/","og_site_name":"Archimbaud","article_modified_time":"2023-01-23T15:40:10+00:00","og_image":[{"width":880,"height":880,"url":"https:\/\/www.groupe-archimbaud.com\/wp-content\/uploads\/2021\/04\/archimbaud-transpalette.jpg","type":"image\/jpeg"}],"twitter_card":"summary_large_image","twitter_misc":{"Tiempo de lectura":"1 minuto"},"schema":{"@context":"https:\/\/schema.org","@graph":[{"@type":"WebPage","@id":"https:\/\/www.groupe-archimbaud.com\/es\/datos-clave\/","url":"https:\/\/www.groupe-archimbaud.com\/es\/datos-clave\/","name":"Datos clave - Archimbaud","isPartOf":{"@id":"https:\/\/www.groupe-archimbaud.com\/es\/#website"},"primaryImageOfPage":{"@id":"https:\/\/www.groupe-archimbaud.com\/es\/datos-clave\/#primaryimage"},"image":{"@id":"https:\/\/www.groupe-archimbaud.com\/es\/datos-clave\/#primaryimage"},"thumbnailUrl":"https:\/\/www.groupe-archimbaud.com\/wp-content\/uploads\/2021\/04\/archimbaud-transpalette.jpg","datePublished":"2020-09-28T09:13:19+00:00","dateModified":"2023-01-23T15:40:10+00:00","breadcrumb":{"@id":"https:\/\/www.groupe-archimbaud.com\/es\/datos-clave\/#breadcrumb"},"inLanguage":"es","potentialAction":[{"@type":"ReadAction","target":["https:\/\/www.groupe-archimbaud.com\/es\/datos-clave\/"]}]},{"@type":"ImageObject","inLanguage":"es","@id":"https:\/\/www.groupe-archimbaud.com\/es\/datos-clave\/#primaryimage","url":"https:\/\/www.groupe-archimbaud.com\/wp-content\/uploads\/2021\/04\/archimbaud-transpalette.jpg","contentUrl":"https:\/\/www.groupe-archimbaud.com\/wp-content\/uploads\/2021\/04\/archimbaud-transpalette.jpg","width":880,"height":880},{"@type":"BreadcrumbList","@id":"https:\/\/www.groupe-archimbaud.com\/es\/datos-clave\/#breadcrumb","itemListElement":[{"@type":"ListItem","position":1,"name":"Accueil","item":"https:\/\/www.groupe-archimbaud.com\/es\/"},{"@type":"ListItem","position":2,"name":"Datos clave"}]},{"@type":"WebSite","@id":"https:\/\/www.groupe-archimbaud.com\/es\/#website","url":"https:\/\/www.groupe-archimbaud.com\/es\/","name":"Archimbaud","description":"","potentialAction":[{"@type":"SearchAction","target":{"@type":"EntryPoint","urlTemplate":"https:\/\/www.groupe-archimbaud.com\/es\/?s={search_term_string}"},"query-input":{"@type":"PropertyValueSpecification","valueRequired":true,"valueName":"search_term_string"}}],"inLanguage":"es"}]}},"_links":{"self":[{"href":"https:\/\/www.groupe-archimbaud.com\/es\/wp-json\/wp\/v2\/pages\/1012","targetHints":{"allow":["GET"]}}],"collection":[{"href":"https:\/\/www.groupe-archimbaud.com\/es\/wp-json\/wp\/v2\/pages"}],"about":[{"href":"https:\/\/www.groupe-archimbaud.com\/es\/wp-json\/wp\/v2\/types\/page"}],"author":[{"embeddable":true,"href":"https:\/\/www.groupe-archimbaud.com\/es\/wp-json\/wp\/v2\/users\/1"}],"replies":[{"embeddable":true,"href":"https:\/\/www.groupe-archimbaud.com\/es\/wp-json\/wp\/v2\/comments?post=1012"}],"version-history":[{"count":4,"href":"https:\/\/www.groupe-archimbaud.com\/es\/wp-json\/wp\/v2\/pages\/1012\/revisions"}],"predecessor-version":[{"id":2333,"href":"https:\/\/www.groupe-archimbaud.com\/es\/wp-json\/wp\/v2\/pages\/1012\/revisions\/2333"}],"wp:featuredmedia":[{"embeddable":true,"href":"https:\/\/www.groupe-archimbaud.com\/es\/wp-json\/wp\/v2\/media\/900"}],"wp:attachment":[{"href":"https:\/\/www.groupe-archimbaud.com\/es\/wp-json\/wp\/v2\/media?parent=1012"}],"curies":[{"name":"wp","href":"https:\/\/api.w.org\/{rel}","templated":true}]}}