{"id":1020,"date":"2020-09-28T10:13:19","date_gmt":"2020-09-28T09:13:19","guid":{"rendered":"https:\/\/www.groupe-archimbaud.com\/rse\/"},"modified":"2021-06-22T15:14:51","modified_gmt":"2021-06-22T14:14:51","slug":"rsc","status":"publish","type":"page","link":"https:\/\/www.groupe-archimbaud.com\/es\/rsc\/","title":{"rendered":"RSC"},"content":{"rendered":"\n\n\t\t\t\t<img decoding=\"async\" src=\"https:\/\/www.groupe-archimbaud.com\/wp-content\/uploads\/2021\/02\/Plantations.jpg\" alt=\"Plantations\" itemprop=\"image\" height=\"683\" width=\"1024\" title=\"Plantations\" onerror=\"this.style.display='none'\"  \/>\n\t<p>Cuestiones medioambientales<\/p>\nLas cuestiones medioambientales relacionadas con el calentamiento global y la reducci\u00f3n de los gases de efecto invernadero otorgan un lugar especial a la industria de la madera: material sostenible, renovable y reciclable, la madera posee unas formidables cualidades intr\u00ednsecas. <br \/>\n<strong>Altamente aislante<\/strong>, reduce el consumo de energ\u00eda. Al ser un <strong>sumidero de carbono<\/strong>, almacena CO2 durante toda su vida.\n<p>Adem\u00e1s, <strong>la dendroenerg\u00eda<\/strong> (madera, troncos, astillas forestales, subproductos del aserrado, productos de madera al final de su vida \u00fatil, pellets) <strong>es el primer recurso energ\u00e9tico renovable en Francia<\/strong> (47% del mix energ\u00e9tico franc\u00e9s): constituye una alternativa a los combustibles f\u00f3siles.<\/p>\n\tLa econom\u00eda circular <br \/>\nen el centro del modelo de desarrollo \n<p>&nbsp;<\/p>\n<p>Modelo econ\u00f3mico cuyo objetivo es producir bienes y servicios de forma sostenible, limitando el consumo y el desperdicio de recursos (materias primas, agua, energ\u00eda) as\u00ed como la producci\u00f3n de residuos, la econom\u00eda circular est\u00e1 omnipresente en la organizaci\u00f3n y el desarrollo del Grupo Archimbaud.<\/p>\n<p>El grupo se compromete a preservar los bosques, plantar \u00e1rboles, recuperar los residuos de la producci\u00f3n, encontrar nuevos usos y producir energ\u00eda a lo largo de toda la cadena de valor.<\/p>\n\t\n\t\n\t\n\t\t\t\t<img decoding=\"async\" src=\"https:\/\/www.groupe-archimbaud.com\/wp-content\/uploads\/2020\/12\/schema-archimbaud-economie-circulaire.jpg\" alt=\"schema-archimbaud-economie-circulaire\" itemprop=\"image\" height=\"876\" width=\"1000\" title=\"schema-archimbaud-economie-circulaire\" onerror=\"this.style.display='none'\"  \/>\n\t<p>Compartiendo el valor<\/p>\n<p>En cada etapa de la cadena de valor, la empresa se compromete a preservar y desarrollar sus activos tangibles e intangibles y a transformar el recurso en un valor sostenible compartido con todos los interesados: clientes, empleados, proveedores, inversores, territorios y sociedad civil y medio ambiente.<\/p>\n\t<p>\u00ab Desarrollar los recursos madereros de nuestros territorios respetando a las personas y su entorno dentro de una empresa independiente con una gobernanza \u00fanica. \u00bb<\/p>\n\t\t\t\t<img decoding=\"async\" src=\"https:\/\/www.groupe-archimbaud.com\/wp-content\/uploads\/2021\/06\/RAPPORT_archimbaud.jpg\" alt=\"RAPPORT_archimbaud\" itemprop=\"image\" height=\"1024\" width=\"709\" title=\"RAPPORT_archimbaud\" onerror=\"this.style.display='none'\"  \/>\n\t\t\t<a href=\"https:\/\/www.groupe-archimbaud.com\/wp-content\/uploads\/2021\/06\/RAPPORT-INTEGRE-GRPE-ARCHIMBAUD-ok-PDF-BDef-pr-le-WEB.pdf\" target=\"_blank\" role=\"button\" rel=\"noopener\">\n\t\t\t\t\t\t\tT\u00e9l\u00e9charger le rapport int\u00e9gr\u00e9 du groupe Archimbaud\n\t\t\t\t\t<\/a>\n\n","protected":false},"excerpt":{"rendered":"<p>Cuestiones medioambientales Las cuestiones medioambientales relacionadas con el calentamiento global y la reducci\u00f3n de los gases de efecto invernadero otorgan un lugar especial a la industria de la madera: material sostenible, renovable y reciclable, la madera posee unas formidables cualidades intr\u00ednsecas. Altamente aislante, reduce el consumo de energ\u00eda. Al ser un sumidero de carbono, almacena [&hellip;]<\/p>\n","protected":false},"author":1,"featured_media":811,"parent":0,"menu_order":0,"comment_status":"closed","ping_status":"closed","template":"","meta":{"_acf_changed":false,"footnotes":""},"class_list":["post-1020","page","type-page","status-publish","has-post-thumbnail","hentry"],"acf":[],"yoast_head":"<!-- This site is optimized with the Yoast SEO plugin v27.5 - https:\/\/yoast.com\/product\/yoast-seo-wordpress\/ -->\n<title>RSC - Archimbaud<\/title>\n<meta name=\"robots\" content=\"index, follow, max-snippet:-1, max-image-preview:large, max-video-preview:-1\" \/>\n<link rel=\"canonical\" href=\"https:\/\/www.groupe-archimbaud.com\/es\/rsc\/\" \/>\n<meta property=\"og:locale\" content=\"es_ES\" \/>\n<meta property=\"og:type\" content=\"article\" \/>\n<meta property=\"og:title\" content=\"RSC - Archimbaud\" \/>\n<meta property=\"og:description\" content=\"Cuestiones medioambientales Las cuestiones medioambientales relacionadas con el calentamiento global y la reducci\u00f3n de los gases de efecto invernadero otorgan un lugar especial a la industria de la madera: material sostenible, renovable y reciclable, la madera posee unas formidables cualidades intr\u00ednsecas. Altamente aislante, reduce el consumo de energ\u00eda. Al ser un sumidero de carbono, almacena [&hellip;]\" \/>\n<meta property=\"og:url\" content=\"https:\/\/www.groupe-archimbaud.com\/es\/rsc\/\" \/>\n<meta property=\"og:site_name\" content=\"Archimbaud\" \/>\n<meta property=\"article:modified_time\" content=\"2021-06-22T14:14:51+00:00\" \/>\n<meta property=\"og:image\" content=\"https:\/\/www.groupe-archimbaud.com\/wp-content\/uploads\/2021\/04\/arbre-rse.jpg\" \/>\n\t<meta property=\"og:image:width\" content=\"880\" \/>\n\t<meta property=\"og:image:height\" content=\"880\" \/>\n\t<meta property=\"og:image:type\" content=\"image\/jpeg\" \/>\n<meta name=\"twitter:card\" content=\"summary_large_image\" \/>\n<meta name=\"twitter:label1\" content=\"Tiempo de lectura\" \/>\n\t<meta name=\"twitter:data1\" content=\"1 minuto\" \/>\n<script type=\"application\/ld+json\" class=\"yoast-schema-graph\">{\"@context\":\"https:\\\/\\\/schema.org\",\"@graph\":[{\"@type\":\"WebPage\",\"@id\":\"https:\\\/\\\/www.groupe-archimbaud.com\\\/es\\\/rsc\\\/\",\"url\":\"https:\\\/\\\/www.groupe-archimbaud.com\\\/es\\\/rsc\\\/\",\"name\":\"RSC - Archimbaud\",\"isPartOf\":{\"@id\":\"https:\\\/\\\/www.groupe-archimbaud.com\\\/es\\\/#website\"},\"primaryImageOfPage\":{\"@id\":\"https:\\\/\\\/www.groupe-archimbaud.com\\\/es\\\/rsc\\\/#primaryimage\"},\"image\":{\"@id\":\"https:\\\/\\\/www.groupe-archimbaud.com\\\/es\\\/rsc\\\/#primaryimage\"},\"thumbnailUrl\":\"https:\\\/\\\/www.groupe-archimbaud.com\\\/wp-content\\\/uploads\\\/2021\\\/04\\\/arbre-rse.jpg\",\"datePublished\":\"2020-09-28T09:13:19+00:00\",\"dateModified\":\"2021-06-22T14:14:51+00:00\",\"breadcrumb\":{\"@id\":\"https:\\\/\\\/www.groupe-archimbaud.com\\\/es\\\/rsc\\\/#breadcrumb\"},\"inLanguage\":\"es\",\"potentialAction\":[{\"@type\":\"ReadAction\",\"target\":[\"https:\\\/\\\/www.groupe-archimbaud.com\\\/es\\\/rsc\\\/\"]}]},{\"@type\":\"ImageObject\",\"inLanguage\":\"es\",\"@id\":\"https:\\\/\\\/www.groupe-archimbaud.com\\\/es\\\/rsc\\\/#primaryimage\",\"url\":\"https:\\\/\\\/www.groupe-archimbaud.com\\\/wp-content\\\/uploads\\\/2021\\\/04\\\/arbre-rse.jpg\",\"contentUrl\":\"https:\\\/\\\/www.groupe-archimbaud.com\\\/wp-content\\\/uploads\\\/2021\\\/04\\\/arbre-rse.jpg\",\"width\":880,\"height\":880},{\"@type\":\"BreadcrumbList\",\"@id\":\"https:\\\/\\\/www.groupe-archimbaud.com\\\/es\\\/rsc\\\/#breadcrumb\",\"itemListElement\":[{\"@type\":\"ListItem\",\"position\":1,\"name\":\"Accueil\",\"item\":\"https:\\\/\\\/www.groupe-archimbaud.com\\\/es\\\/\"},{\"@type\":\"ListItem\",\"position\":2,\"name\":\"RSC\"}]},{\"@type\":\"WebSite\",\"@id\":\"https:\\\/\\\/www.groupe-archimbaud.com\\\/es\\\/#website\",\"url\":\"https:\\\/\\\/www.groupe-archimbaud.com\\\/es\\\/\",\"name\":\"Archimbaud\",\"description\":\"\",\"potentialAction\":[{\"@type\":\"SearchAction\",\"target\":{\"@type\":\"EntryPoint\",\"urlTemplate\":\"https:\\\/\\\/www.groupe-archimbaud.com\\\/es\\\/?s={search_term_string}\"},\"query-input\":{\"@type\":\"PropertyValueSpecification\",\"valueRequired\":true,\"valueName\":\"search_term_string\"}}],\"inLanguage\":\"es\"}]}<\/script>\n<!-- \/ Yoast SEO plugin. -->","yoast_head_json":{"title":"RSC - Archimbaud","robots":{"index":"index","follow":"follow","max-snippet":"max-snippet:-1","max-image-preview":"max-image-preview:large","max-video-preview":"max-video-preview:-1"},"canonical":"https:\/\/www.groupe-archimbaud.com\/es\/rsc\/","og_locale":"es_ES","og_type":"article","og_title":"RSC - Archimbaud","og_description":"Cuestiones medioambientales Las cuestiones medioambientales relacionadas con el calentamiento global y la reducci\u00f3n de los gases de efecto invernadero otorgan un lugar especial a la industria de la madera: material sostenible, renovable y reciclable, la madera posee unas formidables cualidades intr\u00ednsecas. Altamente aislante, reduce el consumo de energ\u00eda. Al ser un sumidero de carbono, almacena [&hellip;]","og_url":"https:\/\/www.groupe-archimbaud.com\/es\/rsc\/","og_site_name":"Archimbaud","article_modified_time":"2021-06-22T14:14:51+00:00","og_image":[{"width":880,"height":880,"url":"https:\/\/www.groupe-archimbaud.com\/wp-content\/uploads\/2021\/04\/arbre-rse.jpg","type":"image\/jpeg"}],"twitter_card":"summary_large_image","twitter_misc":{"Tiempo de lectura":"1 minuto"},"schema":{"@context":"https:\/\/schema.org","@graph":[{"@type":"WebPage","@id":"https:\/\/www.groupe-archimbaud.com\/es\/rsc\/","url":"https:\/\/www.groupe-archimbaud.com\/es\/rsc\/","name":"RSC - Archimbaud","isPartOf":{"@id":"https:\/\/www.groupe-archimbaud.com\/es\/#website"},"primaryImageOfPage":{"@id":"https:\/\/www.groupe-archimbaud.com\/es\/rsc\/#primaryimage"},"image":{"@id":"https:\/\/www.groupe-archimbaud.com\/es\/rsc\/#primaryimage"},"thumbnailUrl":"https:\/\/www.groupe-archimbaud.com\/wp-content\/uploads\/2021\/04\/arbre-rse.jpg","datePublished":"2020-09-28T09:13:19+00:00","dateModified":"2021-06-22T14:14:51+00:00","breadcrumb":{"@id":"https:\/\/www.groupe-archimbaud.com\/es\/rsc\/#breadcrumb"},"inLanguage":"es","potentialAction":[{"@type":"ReadAction","target":["https:\/\/www.groupe-archimbaud.com\/es\/rsc\/"]}]},{"@type":"ImageObject","inLanguage":"es","@id":"https:\/\/www.groupe-archimbaud.com\/es\/rsc\/#primaryimage","url":"https:\/\/www.groupe-archimbaud.com\/wp-content\/uploads\/2021\/04\/arbre-rse.jpg","contentUrl":"https:\/\/www.groupe-archimbaud.com\/wp-content\/uploads\/2021\/04\/arbre-rse.jpg","width":880,"height":880},{"@type":"BreadcrumbList","@id":"https:\/\/www.groupe-archimbaud.com\/es\/rsc\/#breadcrumb","itemListElement":[{"@type":"ListItem","position":1,"name":"Accueil","item":"https:\/\/www.groupe-archimbaud.com\/es\/"},{"@type":"ListItem","position":2,"name":"RSC"}]},{"@type":"WebSite","@id":"https:\/\/www.groupe-archimbaud.com\/es\/#website","url":"https:\/\/www.groupe-archimbaud.com\/es\/","name":"Archimbaud","description":"","potentialAction":[{"@type":"SearchAction","target":{"@type":"EntryPoint","urlTemplate":"https:\/\/www.groupe-archimbaud.com\/es\/?s={search_term_string}"},"query-input":{"@type":"PropertyValueSpecification","valueRequired":true,"valueName":"search_term_string"}}],"inLanguage":"es"}]}},"_links":{"self":[{"href":"https:\/\/www.groupe-archimbaud.com\/es\/wp-json\/wp\/v2\/pages\/1020","targetHints":{"allow":["GET"]}}],"collection":[{"href":"https:\/\/www.groupe-archimbaud.com\/es\/wp-json\/wp\/v2\/pages"}],"about":[{"href":"https:\/\/www.groupe-archimbaud.com\/es\/wp-json\/wp\/v2\/types\/page"}],"author":[{"embeddable":true,"href":"https:\/\/www.groupe-archimbaud.com\/es\/wp-json\/wp\/v2\/users\/1"}],"replies":[{"embeddable":true,"href":"https:\/\/www.groupe-archimbaud.com\/es\/wp-json\/wp\/v2\/comments?post=1020"}],"version-history":[{"count":2,"href":"https:\/\/www.groupe-archimbaud.com\/es\/wp-json\/wp\/v2\/pages\/1020\/revisions"}],"predecessor-version":[{"id":1022,"href":"https:\/\/www.groupe-archimbaud.com\/es\/wp-json\/wp\/v2\/pages\/1020\/revisions\/1022"}],"wp:featuredmedia":[{"embeddable":true,"href":"https:\/\/www.groupe-archimbaud.com\/es\/wp-json\/wp\/v2\/media\/811"}],"wp:attachment":[{"href":"https:\/\/www.groupe-archimbaud.com\/es\/wp-json\/wp\/v2\/media?parent=1020"}],"curies":[{"name":"wp","href":"https:\/\/api.w.org\/{rel}","templated":true}]}}