{"id":1028,"date":"2020-09-28T10:13:19","date_gmt":"2020-09-28T09:13:19","guid":{"rendered":"https:\/\/www.groupe-archimbaud.com\/ressource\/"},"modified":"2023-01-23T16:22:56","modified_gmt":"2023-01-23T15:22:56","slug":"recursos","status":"publish","type":"page","link":"https:\/\/www.groupe-archimbaud.com\/es\/recursos\/","title":{"rendered":"Recursos"},"content":{"rendered":"\n\n\t\t\t\t<img decoding=\"async\" src=\"https:\/\/www.groupe-archimbaud.com\/wp-content\/uploads\/2020\/11\/rondins-bois-archimbaud.jpg\" alt=\"rondins-bois-archimbaud\" itemprop=\"image\" height=\"800\" width=\"800\" title=\"rondins-bois-archimbaud\" onerror=\"this.style.display='none'\"  \/>\n\t<p><strong>La madera, un recurso renovable\u00a0<\/strong><\/p>\n<p>En Francia, cuyos bosques ocupan 1\/3 del territorio metropolitano, el crecimiento natural es superior a la madera cortada y la legislaci\u00f3n francesa supervisa intensamente las pr\u00e1cticas forestales para apoyar una gesti\u00f3n sostenible. Esto hace de la madera un recurso renovable por excelencia y le confiere un importante potencial de desarrollo.<\/p>\n\t<p><strong>Explotaci\u00f3n razonable<\/strong><\/p>\n<p><strong>El Grupo Archimbaud fomenta el uso racional de la madera en las zonas forestales situadas cerca de sus centros de transformaci\u00f3n.<\/strong><\/p>\n<p>Una parte de su abastecimiento est\u00e1 garantizada por la explotaci\u00f3n de su propio parque forestal, totalmente certificado PEFC. El grupo exige a sus proveedores de madera blanda que se abastezcan de propietarios con certificaci\u00f3n PEFC. Adem\u00e1s, como miembro de la carta Merci le Peuplier, anima a los propietarios de las choperas a dar los pasos necesarios para obtener la certificaci\u00f3n y les proporciona apoyo si es necesario.\u00a0<\/p>\n<p>Adem\u00e1s, la empresa lleva a cabo acciones sostenibles para mantener y ampliar las superficies forestales: replanta el equivalente a 30 hect\u00e1reas de bosque cada a\u00f1o y participa activamente en el programa Plantons pour l&#8217;Avenir, del que es uno de los principales patrocinadores desde la creaci\u00f3n del programa de reforestaci\u00f3n.<\/p>\n<table>\n<tbody>\n<tr>\n<td><img decoding=\"async\" src=\"https:\/\/www.groupe-archimbaud.com\/wp-content\/uploads\/2020\/11\/merci-peuplier.jpg\" alt=\"\" width=\"300\" height=\"200\" \/>\n<\/td>\n<td><img decoding=\"async\" src=\"https:\/\/www.groupe-archimbaud.com\/wp-content\/uploads\/2020\/11\/planton-avenir.jpg\" alt=\"\" width=\"201\" height=\"195\" \/><\/td>\n<\/tr>\n<\/tbody>\n<\/table>\n\t<p><strong>Plantons Pour l&#8217;Avenir<\/strong><\/p>\n<p>\u00danete a nosotros y hazte mecenas del fondo de dotaci\u00f3n Plantons pour l&#8217;Avenir.<\/p>\n<p>Participar\u00e1s en el lanzamiento de la repoblaci\u00f3n forestal en Francia, mientras te beneficias de una reducci\u00f3n del impuesto sobre la renta del 66% de tu donaci\u00f3n para los particulares y del 60% para las empresas. Como a todos nos interesa asegurar el futuro de nuestros bosques, <strong>\u00a1\u00fanete a nosotros haciendo una donaci\u00f3n!<\/strong><\/p>\n\t\t\t<a href=\"https:\/\/www.plantonspourlavenir.fr\/faire-un-don\/?MECENE=SCIERIE%20ARCHIMBAUD%20ET%20FILS&#038;LOGO_MECENE=\" target=\"_blank\" role=\"button\" rel=\"noopener\">\n\t\t\t\t\t\t\t\u00a1\u00danete a nosotros!\n\t\t\t\t\t<\/a>\n\t<p>Enfoque<\/p>\n\t\t\t\t<img decoding=\"async\" src=\"https:\/\/www.groupe-archimbaud.com\/wp-content\/uploads\/2020\/10\/bandeau-fonds-archimbaud-m.jpg\" alt=\"bandeau-fonds-archimbaud-m\" itemprop=\"image\" height=\"500\" width=\"1000\" title=\"bandeau-fonds-archimbaud-m\" onerror=\"this.style.display='none'\"  \/>\n\t<p>Enfoque en el \u00e1lamo<\/p>\n\t<p><strong>Francia es el primer productor europeo de \u00e1lamos en t\u00e9rminos de superficie plantada y el segundo del mundo despu\u00e9s de China.<\/strong>\u00a0Sin embargo, hoy en d\u00eda s\u00f3lo se planta en Francia la mitad de la madera que se necesitar\u00e1 en los pr\u00f3ximos a\u00f1os: sin medidas contundentes a favor de la plantaci\u00f3n, todo el sector de la transformaci\u00f3n podr\u00eda verse en dificultades. El Conseil National du Peuplier y los profesionales se movilizan para reactivar la plantaci\u00f3n. La Carta \u00abMerci le Peuplier\u00bb acerca a las empresas a los cultivadores de \u00e1lamo y ofrece una ayuda financiera directa para la repoblaci\u00f3n tras la cosecha.<\/p>\n\t<p><strong>\u00c1rbol emblem\u00e1tico de los valles fluviales de las Deux-S\u00e8vres, el \u00e1lamo ha tenido hist\u00f3ricamente una relaci\u00f3n especial con el grupo Archimbaud<\/strong> El \u00e1lamo es el \u00e1rbol emblem\u00e1tico de los valles fluviales de la regi\u00f3n de Deux-S\u00e8vres e hist\u00f3ricamente ha tenido una relaci\u00f3n especial con el Grupo Archimbaud, que cre\u00f3 el Groupement Forestier des Peupliers en 2015, lo que ha permitido un mejor control de los suministros y es un valor ejemplar para el sector. Este grupo forestal reforesta unas 35 hect\u00e1reas cada a\u00f1o y tiene como objetivo adquirir 50 hect\u00e1reas de terreno al a\u00f1o dedicadas al chopo.<\/p>\n\t<p><strong>Para transformar el recurso del \u00e1lamo, el grupo Archimbaud ha invertido en una herramienta industrial adecuada:<\/strong> inaugurada en 2018, la l\u00ednea de aserrado de madera de gran tama\u00f1o de Secondign\u00e9-sur-Belle procesa troncos de \u00e1lamo para numerosas aplicaciones constructivas y decorativas: revestimientos, listones, paneles, accesorios de interior y muebles. Madera local certificada PEFC, el aserrado de \u00e1lamo de Archimbaud es una soluci\u00f3n que combina competitividad y cualidades t\u00e9cnicas.<\/p>\n\t<p><strong>Descarbonizar la econom\u00eda<\/strong><\/p>\n\t<p>Sostenible, la madera es tambi\u00e9n un recurso esencial para avanzar hacia una econom\u00eda baja en carbono, principalmente por su funci\u00f3n de sumidero de carbono. Se calcula que los bosques de la Francia metropolitana absorben 87 millones de toneladas de CO2 al a\u00f1o, es decir, aproximadamente el 19% de las emisiones anuales francesas. La explotaci\u00f3n de los bosques permite tanto su renovaci\u00f3n como su mantenimiento, lo que favorece su capacidad de absorci\u00f3n.<\/p>\n\t<ul>\n<li>El grupo tiene sus <strong>propias 350 hect\u00e1reas de bosques con certificaci\u00f3n PEFC.<\/strong><\/li>\n<li>El Grupo Archimbaud replanta directamente <strong>30 hect\u00e1reas de bosque cada a\u00f1o.<\/strong> <\/li>\n<li>Principal patrocinador del fondo de dotaci\u00f3n Plantons pour l&#8217;Avenir, el grupo dona <strong>70.000 euros cada a\u00f1o para ayudar a reforestar el bosque franc\u00e9s.<\/strong> <\/li>\n<li><strong>El 60% de la madera procesada por el grupo tiene la certificaci\u00f3n PEFC <\/strong><\/li>\n<li><strong>250 km: distancia m\u00e1xima entre la recogida de madera y los aserraderos del grupo.<\/strong><\/li>\n<\/ul>\n\t<iframe width=\"560\" height=\"315\" src=\"https:\/\/www.youtube.com\/embed\/CA127ijyPuY\" frameborder=\"0\" allow=\"accelerometer; autoplay; clipboard-write; encrypted-media; gyroscope; picture-in-picture\" allowfullscreen><\/iframe>\n\n","protected":false},"excerpt":{"rendered":"<p>La madera, un recurso renovable\u00a0 En Francia, cuyos bosques ocupan 1\/3 del territorio metropolitano, el crecimiento natural es superior a la madera cortada y la legislaci\u00f3n francesa supervisa intensamente las pr\u00e1cticas forestales para apoyar una gesti\u00f3n sostenible. Esto hace de la madera un recurso renovable por excelencia y le confiere un importante potencial de desarrollo. [&hellip;]<\/p>\n","protected":false},"author":1,"featured_media":568,"parent":0,"menu_order":0,"comment_status":"closed","ping_status":"closed","template":"","meta":{"_acf_changed":false,"footnotes":""},"class_list":["post-1028","page","type-page","status-publish","has-post-thumbnail","hentry"],"acf":[],"yoast_head":"<!-- This site is optimized with the Yoast SEO plugin v27.4 - https:\/\/yoast.com\/product\/yoast-seo-wordpress\/ -->\n<title>Recursos - Archimbaud<\/title>\n<meta name=\"robots\" content=\"index, follow, max-snippet:-1, max-image-preview:large, max-video-preview:-1\" \/>\n<link rel=\"canonical\" href=\"https:\/\/www.groupe-archimbaud.com\/es\/recursos\/\" \/>\n<meta property=\"og:locale\" content=\"es_ES\" \/>\n<meta property=\"og:type\" content=\"article\" \/>\n<meta property=\"og:title\" content=\"Recursos - Archimbaud\" \/>\n<meta property=\"og:description\" content=\"La madera, un recurso renovable\u00a0 En Francia, cuyos bosques ocupan 1\/3 del territorio metropolitano, el crecimiento natural es superior a la madera cortada y la legislaci\u00f3n francesa supervisa intensamente las pr\u00e1cticas forestales para apoyar una gesti\u00f3n sostenible. Esto hace de la madera un recurso renovable por excelencia y le confiere un importante potencial de desarrollo. [&hellip;]\" \/>\n<meta property=\"og:url\" content=\"https:\/\/www.groupe-archimbaud.com\/es\/recursos\/\" \/>\n<meta property=\"og:site_name\" content=\"Archimbaud\" \/>\n<meta property=\"article:modified_time\" content=\"2023-01-23T15:22:56+00:00\" \/>\n<meta property=\"og:image\" content=\"https:\/\/www.groupe-archimbaud.com\/wp-content\/uploads\/2020\/12\/archimbaud-plantage.jpg\" \/>\n\t<meta property=\"og:image:width\" content=\"730\" \/>\n\t<meta property=\"og:image:height\" content=\"730\" \/>\n\t<meta property=\"og:image:type\" content=\"image\/jpeg\" \/>\n<meta name=\"twitter:card\" content=\"summary_large_image\" \/>\n<meta name=\"twitter:label1\" content=\"Tiempo de lectura\" \/>\n\t<meta name=\"twitter:data1\" content=\"4 minutos\" \/>\n<script type=\"application\/ld+json\" class=\"yoast-schema-graph\">{\"@context\":\"https:\\\/\\\/schema.org\",\"@graph\":[{\"@type\":\"WebPage\",\"@id\":\"https:\\\/\\\/www.groupe-archimbaud.com\\\/es\\\/recursos\\\/\",\"url\":\"https:\\\/\\\/www.groupe-archimbaud.com\\\/es\\\/recursos\\\/\",\"name\":\"Recursos - Archimbaud\",\"isPartOf\":{\"@id\":\"https:\\\/\\\/www.groupe-archimbaud.com\\\/es\\\/#website\"},\"primaryImageOfPage\":{\"@id\":\"https:\\\/\\\/www.groupe-archimbaud.com\\\/es\\\/recursos\\\/#primaryimage\"},\"image\":{\"@id\":\"https:\\\/\\\/www.groupe-archimbaud.com\\\/es\\\/recursos\\\/#primaryimage\"},\"thumbnailUrl\":\"https:\\\/\\\/www.groupe-archimbaud.com\\\/wp-content\\\/uploads\\\/2020\\\/12\\\/archimbaud-plantage.jpg\",\"datePublished\":\"2020-09-28T09:13:19+00:00\",\"dateModified\":\"2023-01-23T15:22:56+00:00\",\"breadcrumb\":{\"@id\":\"https:\\\/\\\/www.groupe-archimbaud.com\\\/es\\\/recursos\\\/#breadcrumb\"},\"inLanguage\":\"es\",\"potentialAction\":[{\"@type\":\"ReadAction\",\"target\":[\"https:\\\/\\\/www.groupe-archimbaud.com\\\/es\\\/recursos\\\/\"]}]},{\"@type\":\"ImageObject\",\"inLanguage\":\"es\",\"@id\":\"https:\\\/\\\/www.groupe-archimbaud.com\\\/es\\\/recursos\\\/#primaryimage\",\"url\":\"https:\\\/\\\/www.groupe-archimbaud.com\\\/wp-content\\\/uploads\\\/2020\\\/12\\\/archimbaud-plantage.jpg\",\"contentUrl\":\"https:\\\/\\\/www.groupe-archimbaud.com\\\/wp-content\\\/uploads\\\/2020\\\/12\\\/archimbaud-plantage.jpg\",\"width\":730,\"height\":730},{\"@type\":\"BreadcrumbList\",\"@id\":\"https:\\\/\\\/www.groupe-archimbaud.com\\\/es\\\/recursos\\\/#breadcrumb\",\"itemListElement\":[{\"@type\":\"ListItem\",\"position\":1,\"name\":\"Accueil\",\"item\":\"https:\\\/\\\/www.groupe-archimbaud.com\\\/es\\\/\"},{\"@type\":\"ListItem\",\"position\":2,\"name\":\"Recursos\"}]},{\"@type\":\"WebSite\",\"@id\":\"https:\\\/\\\/www.groupe-archimbaud.com\\\/es\\\/#website\",\"url\":\"https:\\\/\\\/www.groupe-archimbaud.com\\\/es\\\/\",\"name\":\"Archimbaud\",\"description\":\"\",\"potentialAction\":[{\"@type\":\"SearchAction\",\"target\":{\"@type\":\"EntryPoint\",\"urlTemplate\":\"https:\\\/\\\/www.groupe-archimbaud.com\\\/es\\\/?s={search_term_string}\"},\"query-input\":{\"@type\":\"PropertyValueSpecification\",\"valueRequired\":true,\"valueName\":\"search_term_string\"}}],\"inLanguage\":\"es\"}]}<\/script>\n<!-- \/ Yoast SEO plugin. -->","yoast_head_json":{"title":"Recursos - Archimbaud","robots":{"index":"index","follow":"follow","max-snippet":"max-snippet:-1","max-image-preview":"max-image-preview:large","max-video-preview":"max-video-preview:-1"},"canonical":"https:\/\/www.groupe-archimbaud.com\/es\/recursos\/","og_locale":"es_ES","og_type":"article","og_title":"Recursos - Archimbaud","og_description":"La madera, un recurso renovable\u00a0 En Francia, cuyos bosques ocupan 1\/3 del territorio metropolitano, el crecimiento natural es superior a la madera cortada y la legislaci\u00f3n francesa supervisa intensamente las pr\u00e1cticas forestales para apoyar una gesti\u00f3n sostenible. Esto hace de la madera un recurso renovable por excelencia y le confiere un importante potencial de desarrollo. [&hellip;]","og_url":"https:\/\/www.groupe-archimbaud.com\/es\/recursos\/","og_site_name":"Archimbaud","article_modified_time":"2023-01-23T15:22:56+00:00","og_image":[{"width":730,"height":730,"url":"https:\/\/www.groupe-archimbaud.com\/wp-content\/uploads\/2020\/12\/archimbaud-plantage.jpg","type":"image\/jpeg"}],"twitter_card":"summary_large_image","twitter_misc":{"Tiempo de lectura":"4 minutos"},"schema":{"@context":"https:\/\/schema.org","@graph":[{"@type":"WebPage","@id":"https:\/\/www.groupe-archimbaud.com\/es\/recursos\/","url":"https:\/\/www.groupe-archimbaud.com\/es\/recursos\/","name":"Recursos - Archimbaud","isPartOf":{"@id":"https:\/\/www.groupe-archimbaud.com\/es\/#website"},"primaryImageOfPage":{"@id":"https:\/\/www.groupe-archimbaud.com\/es\/recursos\/#primaryimage"},"image":{"@id":"https:\/\/www.groupe-archimbaud.com\/es\/recursos\/#primaryimage"},"thumbnailUrl":"https:\/\/www.groupe-archimbaud.com\/wp-content\/uploads\/2020\/12\/archimbaud-plantage.jpg","datePublished":"2020-09-28T09:13:19+00:00","dateModified":"2023-01-23T15:22:56+00:00","breadcrumb":{"@id":"https:\/\/www.groupe-archimbaud.com\/es\/recursos\/#breadcrumb"},"inLanguage":"es","potentialAction":[{"@type":"ReadAction","target":["https:\/\/www.groupe-archimbaud.com\/es\/recursos\/"]}]},{"@type":"ImageObject","inLanguage":"es","@id":"https:\/\/www.groupe-archimbaud.com\/es\/recursos\/#primaryimage","url":"https:\/\/www.groupe-archimbaud.com\/wp-content\/uploads\/2020\/12\/archimbaud-plantage.jpg","contentUrl":"https:\/\/www.groupe-archimbaud.com\/wp-content\/uploads\/2020\/12\/archimbaud-plantage.jpg","width":730,"height":730},{"@type":"BreadcrumbList","@id":"https:\/\/www.groupe-archimbaud.com\/es\/recursos\/#breadcrumb","itemListElement":[{"@type":"ListItem","position":1,"name":"Accueil","item":"https:\/\/www.groupe-archimbaud.com\/es\/"},{"@type":"ListItem","position":2,"name":"Recursos"}]},{"@type":"WebSite","@id":"https:\/\/www.groupe-archimbaud.com\/es\/#website","url":"https:\/\/www.groupe-archimbaud.com\/es\/","name":"Archimbaud","description":"","potentialAction":[{"@type":"SearchAction","target":{"@type":"EntryPoint","urlTemplate":"https:\/\/www.groupe-archimbaud.com\/es\/?s={search_term_string}"},"query-input":{"@type":"PropertyValueSpecification","valueRequired":true,"valueName":"search_term_string"}}],"inLanguage":"es"}]}},"_links":{"self":[{"href":"https:\/\/www.groupe-archimbaud.com\/es\/wp-json\/wp\/v2\/pages\/1028","targetHints":{"allow":["GET"]}}],"collection":[{"href":"https:\/\/www.groupe-archimbaud.com\/es\/wp-json\/wp\/v2\/pages"}],"about":[{"href":"https:\/\/www.groupe-archimbaud.com\/es\/wp-json\/wp\/v2\/types\/page"}],"author":[{"embeddable":true,"href":"https:\/\/www.groupe-archimbaud.com\/es\/wp-json\/wp\/v2\/users\/1"}],"replies":[{"embeddable":true,"href":"https:\/\/www.groupe-archimbaud.com\/es\/wp-json\/wp\/v2\/comments?post=1028"}],"version-history":[{"count":5,"href":"https:\/\/www.groupe-archimbaud.com\/es\/wp-json\/wp\/v2\/pages\/1028\/revisions"}],"predecessor-version":[{"id":2330,"href":"https:\/\/www.groupe-archimbaud.com\/es\/wp-json\/wp\/v2\/pages\/1028\/revisions\/2330"}],"wp:featuredmedia":[{"embeddable":true,"href":"https:\/\/www.groupe-archimbaud.com\/es\/wp-json\/wp\/v2\/media\/568"}],"wp:attachment":[{"href":"https:\/\/www.groupe-archimbaud.com\/es\/wp-json\/wp\/v2\/media?parent=1028"}],"curies":[{"name":"wp","href":"https:\/\/api.w.org\/{rel}","templated":true}]}}