{"id":1053,"date":"2020-12-22T09:29:27","date_gmt":"2020-12-22T08:29:27","guid":{"rendered":"https:\/\/www.groupe-archimbaud.com\/palettes\/"},"modified":"2022-07-12T11:20:01","modified_gmt":"2022-07-12T10:20:01","slug":"palets","status":"publish","type":"page","link":"https:\/\/www.groupe-archimbaud.com\/es\/palets\/","title":{"rendered":"Palets"},"content":{"rendered":"\r\n<p><img decoding=\"async\" title=\"Ligne-Cap-production-palettes-2\" src=\"https:\/\/www.groupe-archimbaud.com\/wp-content\/uploads\/2021\/02\/Ligne-Cap-production-palettes-2.jpg\" alt=\"Ligne-Cap-production-palettes-2\" width=\"600\" height=\"899\" \/><\/p>\r\n<p><strong>Fabricados exclusivamente a partir de madera procedente de los raleos, los palets fabricados por el Grupo Archimbaud privilegian las especies locales,<\/strong> obtenidas cerca de sus centros de transformaci\u00f3n. Pino mar\u00edtimo, abeto Douglas, picea, abeto, laricio o \u00e1lamo: la reconocida experiencia del Grupo Archimbaud permite elegir la madera m\u00e1s adecuada para el uso de tus palets.<\/p>\r\n<p><img decoding=\"async\" title=\"pefc\" src=\"https:\/\/www.groupe-archimbaud.com\/wp-content\/uploads\/2021\/01\/pefc.png\" alt=\"pefc\" width=\"173\" height=\"225\" \/> <img decoding=\"async\" title=\"bois-france\" src=\"https:\/\/www.groupe-archimbaud.com\/wp-content\/uploads\/2021\/01\/bois-france.png\" alt=\"bois-france\" width=\"191\" height=\"219\" \/><\/p>\r\n<ul>\r\n<li><strong>9 l\u00edneas de aserrado<\/strong><\/li>\r\n<li><strong>11 l\u00edneas de clavado de alta velocidad <\/strong><\/li>\r\n<li><strong>Biselado<\/strong><\/li>\r\n<li><strong>20 celdas de secado <\/strong>(estabilidad y est\u00e9tica)<\/li>\r\n<li><strong>Unidades de tratamiento Nimf 15 <\/strong>(garant\u00eda sanitaria para el transporte internacional)<\/li>\r\n<li><strong>3 cabinas de pintura <\/strong>(personalizaci\u00f3n)<\/li>\r\n<li><strong>Tinta o estampaci\u00f3n en caliente<\/strong><\/li>\r\n<li><strong>Espacios de almacenamiento: 20 ha\/4 ha cubiertas<\/strong><\/li>\r\n<li><strong>Tacos de madera conglomerada<\/strong><\/li>\r\n<li><strong>Doble certificaci\u00f3n PEFC y Bois de France<\/strong><\/li>\r\n<\/ul>\r\n<p><strong>Trazabilidad, adaptabilidad, productividad y personalizaci\u00f3n:<\/strong> los palets Migeon cumplen las especificaciones m\u00e1s exigentes.<\/p>\r\n<p><strong>El Grupo Archimbaud es el l\u00edder franc\u00e9s en la fabricaci\u00f3n de palets en espina de pescado de 2 v\u00edas, y tambi\u00e9n es una referencia en la producci\u00f3n de palets de 4 v\u00edas est\u00e1ndar o personalizados<\/strong>. Construcci\u00f3n, industria alimentaria, agricultura, industria cosm\u00e9tica y farmac\u00e9utica, qu\u00edmica: sea cual sea tu sector de actividad, nuestros palets de madera aseguran el transporte, el almacenamiento y la integridad de tus mercanc\u00edas. Nuestra capacidad de almacenamiento (200.000 m2, de los cuales 40.000 m2 bajo techo), junto con nuestra red de socios transportistas, nos permite gestionar tus existencias de palets y garantizar tu suministro durante todo el a\u00f1o.<\/p>\r\n<p><img decoding=\"async\" title=\"Palettes Migeon\" src=\"https:\/\/www.groupe-archimbaud.com\/wp-content\/uploads\/2021\/02\/Palettes-Migeon.jpg\" alt=\"Palettes Migeon\" width=\"221\" height=\"228\" \/><\/p>\r\n<p>Tacos de madera reciclada<\/p>\r\n<p>Palets estandarizados<\/p>\r\n<p><img decoding=\"async\" title=\"palette-epal\" src=\"https:\/\/www.groupe-archimbaud.com\/wp-content\/uploads\/2021\/04\/palette-epal.jpg\" alt=\"palette-epal\" width=\"500\" height=\"400\" \/><\/p>\r\n<p>Palet EPAL<\/p>\r\n<p>El palet de madera EPAL es el est\u00e1ndar para el transporte e intercambio de palet en Europa. Los palets europeos fabricados por el Grupo Archimbaud cumplen en todos los aspectos las normas de certificaci\u00f3n EPAL.<\/p>\r\n<p><img decoding=\"async\" title=\"palette-cp\" src=\"https:\/\/www.groupe-archimbaud.com\/wp-content\/uploads\/2021\/04\/palette-cp.jpg\" alt=\"palette-cp\" width=\"500\" height=\"400\" \/><\/p>\r\n<p>Palet CP (productos qu\u00edmicos)<\/p>\r\n<p>Dise\u00f1ados para el transporte de productos qu\u00edmicos, nuestros palets CP est\u00e1n fabricados pensando en la seguridad a la hora de manipular y transportar esta categor\u00eda de productos.<\/p>\r\n<p><img decoding=\"async\" title=\"palette-vmf\" src=\"https:\/\/www.groupe-archimbaud.com\/wp-content\/uploads\/2021\/04\/palette-vmf.jpg\" alt=\"palette-vmf\" width=\"500\" height=\"400\" \/><\/p>\r\n<p>Palet VMF (Verreries)<\/p>\r\n<p>Destinado al transporte de botellas, el palet VMF (Verreries M\u00e9caniques de France) se destina hoy en d\u00eda m\u00e1s espec\u00edficamente al transporte de vino, as\u00ed como a las industrias de envasado y embotellado de l\u00edquidos.<\/p>\r\n<p>Palet de madera, perimetral, 4 entradas y suelas enmarcadas.<\/p>\r\n<p><img decoding=\"async\" title=\"palette-galia\" src=\"https:\/\/www.groupe-archimbaud.com\/wp-content\/uploads\/2021\/04\/palette-galia.jpg\" alt=\"palette-galia\" width=\"500\" height=\"400\" \/><\/p>\r\n<p>Palet GALIA (Automoci\u00f3n)<\/p>\r\n<p>Est\u00e1ndar de la industria del autom\u00f3vil, el palet GALIA (Groupement pour l&#8217;Am\u00e9lioration des Liaisons dans l&#8217;Industrie Automobile) facilita el transporte de todos los componentes que intervienen en la producci\u00f3n del autom\u00f3vil.<\/p>\r\n<p><img decoding=\"async\" title=\"palette-ibc\" src=\"https:\/\/www.groupe-archimbaud.com\/wp-content\/uploads\/2021\/04\/palette-ibc.jpg\" alt=\"palette-ibc\" width=\"500\" height=\"400\" \/><\/p>\r\n<p>Palet IBC (contenedores de pl\u00e1stico)<\/p>\r\n<p>Destinado al almacenamiento y transporte de l\u00edquidos o polvos de muchos sectores industriales (agua, productos qu\u00edmicos, alimentos, productos farmac\u00e9uticos, etc.), el palet IBC (Intermediate Bulk, Container) es el soporte est\u00e1ndar de estos contenedores de pl\u00e1stico.<\/p>\r\n<p><img decoding=\"async\" title=\"palette-fruitiere\" src=\"https:\/\/www.groupe-archimbaud.com\/wp-content\/uploads\/2021\/04\/palette-fruitiere.jpg\" alt=\"palette-fruitiere\" width=\"500\" height=\"400\" \/><\/p>\r\n<p>Palets para fruta<\/p>\r\n<p>3 o 5 suelas, los palets para fruta cumplen las normas de transporte de frutas y verduras.<\/p>\r\n<p><img decoding=\"async\" title=\"Palettes-detourees-des-massifs\" src=\"https:\/\/www.groupe-archimbaud.com\/wp-content\/uploads\/2021\/02\/Palettes-detourees-des-massifs.jpg\" alt=\"Palettes-detourees-des-massifs\" width=\"600\" height=\"800\" \/><\/p>\r\n<p>Palets a medida<\/p>\r\n<p>Est\u00e1n disponibles para ayudarte a elegir los palets adecuados para tus necesidades de transporte y almacenamiento, y ofrecen soluciones de marcado, tratamiento y pintura para distinguir tus palets en la cadena de suministro.<\/p>\r\n<p>Nuestro taller de creaci\u00f3n de prototipos realiza pruebas de preserie antes de pasar a la producci\u00f3n. Nuestra herramienta industrial se adapta a todas las caracter\u00edsticas dimensionales, mec\u00e1nicas y est\u00e9ticas de tus palets.<\/p>\r\n<p><img decoding=\"async\" title=\"atelier-etude-sciage\" src=\"https:\/\/www.groupe-archimbaud.com\/wp-content\/uploads\/2021\/04\/atelier-etude-sciage.jpg\" alt=\"atelier-etude-sciage\" width=\"672\" height=\"134\" \/><\/p>\r\n","protected":false},"excerpt":{"rendered":"<p>Fabricados exclusivamente a partir de madera procedente de los raleos, los palets fabricados por el Grupo Archimbaud privilegian las especies locales, obtenidas cerca de sus centros de transformaci\u00f3n. Pino mar\u00edtimo, abeto Douglas, picea, abeto, laricio o \u00e1lamo: la reconocida experiencia del Grupo Archimbaud permite elegir la madera m\u00e1s adecuada para el uso de tus palets. [&hellip;]<\/p>\n","protected":false},"author":1,"featured_media":565,"parent":0,"menu_order":0,"comment_status":"closed","ping_status":"closed","template":"","meta":{"_acf_changed":false,"footnotes":""},"class_list":["post-1053","page","type-page","status-publish","has-post-thumbnail","hentry"],"acf":[],"yoast_head":"<!-- This site is optimized with the Yoast SEO plugin v27.4 - https:\/\/yoast.com\/product\/yoast-seo-wordpress\/ -->\n<title>Palets - Archimbaud<\/title>\n<meta name=\"robots\" content=\"index, follow, max-snippet:-1, max-image-preview:large, max-video-preview:-1\" \/>\n<link rel=\"canonical\" href=\"https:\/\/www.groupe-archimbaud.com\/es\/palets\/\" \/>\n<meta property=\"og:locale\" content=\"es_ES\" \/>\n<meta property=\"og:type\" content=\"article\" \/>\n<meta property=\"og:title\" content=\"Palets - Archimbaud\" \/>\n<meta property=\"og:description\" content=\"Fabricados exclusivamente a partir de madera procedente de los raleos, los palets fabricados por el Grupo Archimbaud privilegian las especies locales, obtenidas cerca de sus centros de transformaci\u00f3n. Pino mar\u00edtimo, abeto Douglas, picea, abeto, laricio o \u00e1lamo: la reconocida experiencia del Grupo Archimbaud permite elegir la madera m\u00e1s adecuada para el uso de tus palets. [&hellip;]\" \/>\n<meta property=\"og:url\" content=\"https:\/\/www.groupe-archimbaud.com\/es\/palets\/\" \/>\n<meta property=\"og:site_name\" content=\"Archimbaud\" \/>\n<meta property=\"article:modified_time\" content=\"2022-07-12T10:20:01+00:00\" \/>\n<meta property=\"og:image\" content=\"https:\/\/www.groupe-archimbaud.com\/wp-content\/uploads\/2020\/12\/archimbaud-palettes.jpg\" \/>\n\t<meta property=\"og:image:width\" content=\"730\" \/>\n\t<meta property=\"og:image:height\" content=\"730\" \/>\n\t<meta property=\"og:image:type\" content=\"image\/jpeg\" \/>\n<meta name=\"twitter:card\" content=\"summary_large_image\" \/>\n<meta name=\"twitter:label1\" content=\"Tiempo de lectura\" \/>\n\t<meta name=\"twitter:data1\" content=\"3 minutos\" \/>\n<script type=\"application\/ld+json\" class=\"yoast-schema-graph\">{\"@context\":\"https:\\\/\\\/schema.org\",\"@graph\":[{\"@type\":\"WebPage\",\"@id\":\"https:\\\/\\\/www.groupe-archimbaud.com\\\/es\\\/palets\\\/\",\"url\":\"https:\\\/\\\/www.groupe-archimbaud.com\\\/es\\\/palets\\\/\",\"name\":\"Palets - Archimbaud\",\"isPartOf\":{\"@id\":\"https:\\\/\\\/www.groupe-archimbaud.com\\\/es\\\/#website\"},\"primaryImageOfPage\":{\"@id\":\"https:\\\/\\\/www.groupe-archimbaud.com\\\/es\\\/palets\\\/#primaryimage\"},\"image\":{\"@id\":\"https:\\\/\\\/www.groupe-archimbaud.com\\\/es\\\/palets\\\/#primaryimage\"},\"thumbnailUrl\":\"https:\\\/\\\/www.groupe-archimbaud.com\\\/wp-content\\\/uploads\\\/2020\\\/12\\\/archimbaud-palettes.jpg\",\"datePublished\":\"2020-12-22T08:29:27+00:00\",\"dateModified\":\"2022-07-12T10:20:01+00:00\",\"breadcrumb\":{\"@id\":\"https:\\\/\\\/www.groupe-archimbaud.com\\\/es\\\/palets\\\/#breadcrumb\"},\"inLanguage\":\"es\",\"potentialAction\":[{\"@type\":\"ReadAction\",\"target\":[\"https:\\\/\\\/www.groupe-archimbaud.com\\\/es\\\/palets\\\/\"]}]},{\"@type\":\"ImageObject\",\"inLanguage\":\"es\",\"@id\":\"https:\\\/\\\/www.groupe-archimbaud.com\\\/es\\\/palets\\\/#primaryimage\",\"url\":\"https:\\\/\\\/www.groupe-archimbaud.com\\\/wp-content\\\/uploads\\\/2020\\\/12\\\/archimbaud-palettes.jpg\",\"contentUrl\":\"https:\\\/\\\/www.groupe-archimbaud.com\\\/wp-content\\\/uploads\\\/2020\\\/12\\\/archimbaud-palettes.jpg\",\"width\":730,\"height\":730},{\"@type\":\"BreadcrumbList\",\"@id\":\"https:\\\/\\\/www.groupe-archimbaud.com\\\/es\\\/palets\\\/#breadcrumb\",\"itemListElement\":[{\"@type\":\"ListItem\",\"position\":1,\"name\":\"Accueil\",\"item\":\"https:\\\/\\\/www.groupe-archimbaud.com\\\/es\\\/\"},{\"@type\":\"ListItem\",\"position\":2,\"name\":\"Palets\"}]},{\"@type\":\"WebSite\",\"@id\":\"https:\\\/\\\/www.groupe-archimbaud.com\\\/es\\\/#website\",\"url\":\"https:\\\/\\\/www.groupe-archimbaud.com\\\/es\\\/\",\"name\":\"Archimbaud\",\"description\":\"\",\"potentialAction\":[{\"@type\":\"SearchAction\",\"target\":{\"@type\":\"EntryPoint\",\"urlTemplate\":\"https:\\\/\\\/www.groupe-archimbaud.com\\\/es\\\/?s={search_term_string}\"},\"query-input\":{\"@type\":\"PropertyValueSpecification\",\"valueRequired\":true,\"valueName\":\"search_term_string\"}}],\"inLanguage\":\"es\"}]}<\/script>\n<!-- \/ Yoast SEO plugin. -->","yoast_head_json":{"title":"Palets - Archimbaud","robots":{"index":"index","follow":"follow","max-snippet":"max-snippet:-1","max-image-preview":"max-image-preview:large","max-video-preview":"max-video-preview:-1"},"canonical":"https:\/\/www.groupe-archimbaud.com\/es\/palets\/","og_locale":"es_ES","og_type":"article","og_title":"Palets - Archimbaud","og_description":"Fabricados exclusivamente a partir de madera procedente de los raleos, los palets fabricados por el Grupo Archimbaud privilegian las especies locales, obtenidas cerca de sus centros de transformaci\u00f3n. Pino mar\u00edtimo, abeto Douglas, picea, abeto, laricio o \u00e1lamo: la reconocida experiencia del Grupo Archimbaud permite elegir la madera m\u00e1s adecuada para el uso de tus palets. [&hellip;]","og_url":"https:\/\/www.groupe-archimbaud.com\/es\/palets\/","og_site_name":"Archimbaud","article_modified_time":"2022-07-12T10:20:01+00:00","og_image":[{"width":730,"height":730,"url":"https:\/\/www.groupe-archimbaud.com\/wp-content\/uploads\/2020\/12\/archimbaud-palettes.jpg","type":"image\/jpeg"}],"twitter_card":"summary_large_image","twitter_misc":{"Tiempo de lectura":"3 minutos"},"schema":{"@context":"https:\/\/schema.org","@graph":[{"@type":"WebPage","@id":"https:\/\/www.groupe-archimbaud.com\/es\/palets\/","url":"https:\/\/www.groupe-archimbaud.com\/es\/palets\/","name":"Palets - Archimbaud","isPartOf":{"@id":"https:\/\/www.groupe-archimbaud.com\/es\/#website"},"primaryImageOfPage":{"@id":"https:\/\/www.groupe-archimbaud.com\/es\/palets\/#primaryimage"},"image":{"@id":"https:\/\/www.groupe-archimbaud.com\/es\/palets\/#primaryimage"},"thumbnailUrl":"https:\/\/www.groupe-archimbaud.com\/wp-content\/uploads\/2020\/12\/archimbaud-palettes.jpg","datePublished":"2020-12-22T08:29:27+00:00","dateModified":"2022-07-12T10:20:01+00:00","breadcrumb":{"@id":"https:\/\/www.groupe-archimbaud.com\/es\/palets\/#breadcrumb"},"inLanguage":"es","potentialAction":[{"@type":"ReadAction","target":["https:\/\/www.groupe-archimbaud.com\/es\/palets\/"]}]},{"@type":"ImageObject","inLanguage":"es","@id":"https:\/\/www.groupe-archimbaud.com\/es\/palets\/#primaryimage","url":"https:\/\/www.groupe-archimbaud.com\/wp-content\/uploads\/2020\/12\/archimbaud-palettes.jpg","contentUrl":"https:\/\/www.groupe-archimbaud.com\/wp-content\/uploads\/2020\/12\/archimbaud-palettes.jpg","width":730,"height":730},{"@type":"BreadcrumbList","@id":"https:\/\/www.groupe-archimbaud.com\/es\/palets\/#breadcrumb","itemListElement":[{"@type":"ListItem","position":1,"name":"Accueil","item":"https:\/\/www.groupe-archimbaud.com\/es\/"},{"@type":"ListItem","position":2,"name":"Palets"}]},{"@type":"WebSite","@id":"https:\/\/www.groupe-archimbaud.com\/es\/#website","url":"https:\/\/www.groupe-archimbaud.com\/es\/","name":"Archimbaud","description":"","potentialAction":[{"@type":"SearchAction","target":{"@type":"EntryPoint","urlTemplate":"https:\/\/www.groupe-archimbaud.com\/es\/?s={search_term_string}"},"query-input":{"@type":"PropertyValueSpecification","valueRequired":true,"valueName":"search_term_string"}}],"inLanguage":"es"}]}},"_links":{"self":[{"href":"https:\/\/www.groupe-archimbaud.com\/es\/wp-json\/wp\/v2\/pages\/1053","targetHints":{"allow":["GET"]}}],"collection":[{"href":"https:\/\/www.groupe-archimbaud.com\/es\/wp-json\/wp\/v2\/pages"}],"about":[{"href":"https:\/\/www.groupe-archimbaud.com\/es\/wp-json\/wp\/v2\/types\/page"}],"author":[{"embeddable":true,"href":"https:\/\/www.groupe-archimbaud.com\/es\/wp-json\/wp\/v2\/users\/1"}],"replies":[{"embeddable":true,"href":"https:\/\/www.groupe-archimbaud.com\/es\/wp-json\/wp\/v2\/comments?post=1053"}],"version-history":[{"count":4,"href":"https:\/\/www.groupe-archimbaud.com\/es\/wp-json\/wp\/v2\/pages\/1053\/revisions"}],"predecessor-version":[{"id":1832,"href":"https:\/\/www.groupe-archimbaud.com\/es\/wp-json\/wp\/v2\/pages\/1053\/revisions\/1832"}],"wp:featuredmedia":[{"embeddable":true,"href":"https:\/\/www.groupe-archimbaud.com\/es\/wp-json\/wp\/v2\/media\/565"}],"wp:attachment":[{"href":"https:\/\/www.groupe-archimbaud.com\/es\/wp-json\/wp\/v2\/media?parent=1053"}],"curies":[{"name":"wp","href":"https:\/\/api.w.org\/{rel}","templated":true}]}}