{"id":1061,"date":"2020-12-22T09:28:55","date_gmt":"2020-12-22T08:28:55","guid":{"rendered":"https:\/\/www.groupe-archimbaud.com\/des-a-palettes-archiblock\/"},"modified":"2024-06-10T13:59:30","modified_gmt":"2024-06-10T12:59:30","slug":"tacos-para-palets","status":"publish","type":"page","link":"https:\/\/www.groupe-archimbaud.com\/es\/tacos-para-palets\/","title":{"rendered":"Tacos para palets"},"content":{"rendered":"\n\n\t<iframe allowfullscreen allow=\"autoplay\" data-src=\"https:\/\/www.youtube.com\/embed\/afQ_JtvdnUU?feature=oembed&amp;start&amp;end&amp;wmode=opaque&amp;loop=0&amp;controls=1&amp;mute=0&amp;rel=0&amp;modestbranding=0\"><\/iframe>\t\t\n\t\t\t\t\tPlay Video\n\t<p><strong>Valorizar el material<\/strong><\/p>\n<p>Con una capacidad de producci\u00f3n anual de 130 millones de cubos, Archiblock\u00ae <strong>recupera hasta 100.000 toneladas de material destinado al vertedero<\/strong>. Toda la madera reciclada utilizada en la producci\u00f3n de Archiblock\u00ae se obtiene en un radio m\u00e1ximo de 100 km desde el centro de producci\u00f3n situado en Mauz\u00e9-sur-le-Mignon, en el Arco Atl\u00e1ntico.<\/p>\n\t<p>Para palets m\u00e1s resistentes <\/p>\n<p>Naturalmente resistente a la decoloraci\u00f3n, a los hongos y al moho, Archiblock\u00ae tiene tambi\u00e9n una excelente resistencia a la extracci\u00f3n de clavos: <strong>el palet ensamblado es m\u00e1s resistente al envejecimiento.<\/strong><\/p>\n\t<p>Garant\u00eda de calidad <\/p>\n<ul>\n<li>En el laboratorio, todos los materiales utilizados en la composici\u00f3n del taco -madera reciclada y resina &#8211; est\u00e1n sometidos a un control permanente.\u00a0<\/li>\n<li>El proceso de fabricaci\u00f3n y el control de calidad continuo garantizan que cada taco Archiblock\u00ae sea <strong>perfectamente estable<\/strong> en cuanto a sus dimensiones. Esta estabilidad se comprueba durante un ciclo de envejecimiento acelerado en el laboratorio (se toman muestras aleatorias de cada producci\u00f3n).\u00a0<\/li>\n<li>La resistencia a la extracci\u00f3n de clavos tambi\u00e9n se comprueba mediante pruebas aleatorias.<\/li>\n<\/ul>\n\t\t\t\t<a href=\"mailto:contact@archiblock.eu\" target=\"_blank\" rel=\"noopener\" itemprop=\"url\">\n\t\t\t\t<img decoding=\"async\" src=\"https:\/\/www.groupe-archimbaud.com\/wp-content\/uploads\/2021\/04\/arguments-pave.jpg\" alt=\"arguments-pave\" itemprop=\"image\" height=\"221\" width=\"211\" title=\"arguments-pave\" onerror=\"this.style.display='none'\"  \/>\n\t\t\t\t<\/a>\n\t\t\t<a href=\"mailto:contact@archiblock.eu\" target=\"_blank\" rel=\"noopener\">\n\t\t\t\t\t\t\tContacter Archiblock\n\t\t\t\t\t<\/a>\n\t<p>Eficiencia energ\u00e9tica <\/p>\n<ul>\n<li>La producci\u00f3n de un Archiblock\u00ae <strong>ahorra el 75% de la energ\u00eda necesaria para el secado del material<\/strong> de un taco de aglomerado tradicional.<\/li>\n<li>Durante la producci\u00f3n del palet, <strong>el tiempo de secado al final de la producci\u00f3n se reduce en un 30%<\/strong>. <\/li>\n<li>Gracias a su contenido de humedad especialmente bajo, Archiblock\u00ae <strong>permite triplicar la productividad<\/strong> durante la estampaci\u00f3n en caliente.<\/li>\n<\/ul>\n\t<p><strong>Optimizar el recurso <\/strong><\/p>\n<p>La eliminaci\u00f3n de la operaci\u00f3n de aserrado de vigas, normalmente necesaria para fabricar tacos de madera maciza, <strong>reduce la p\u00e9rdida de material en un 5%.<\/strong><\/p>\n\t<p>Seguridad en la ejecuci\u00f3n <\/p>\n<p>Los m\u00e9todos de fabricaci\u00f3n adoptados por Archiblock\u00ae garantizan <strong>una forma completa y homog\u00e9nea:<\/strong><\/p>\n<ul>\n<li>Clavado 100% seguro al montar el palet.<\/li>\n<li>Elimina el riesgo de astillamiento o de rotura.<\/li>\n<\/ul>\n\t\t\t\t<img decoding=\"async\" src=\"https:\/\/www.groupe-archimbaud.com\/wp-content\/uploads\/2024\/06\/Logo-Archiblock-x-GrpA_horiz_quadri.png\" alt=\"Logo Archiblock x GrpA_horiz_quadri\" itemprop=\"image\" height=\"600\" width=\"2321\" title=\"Logo Archiblock x GrpA_horiz_quadri\" onerror=\"this.style.display='none'\"  \/>\n\t\t\t\t<a href=\"https:\/\/www.groupe-archimbaud.com\/wp-content\/uploads\/2024\/06\/ES_plaquette-commerciale-Archiblock_NUM.pdf\" target=\"_self\" itemprop=\"url\" rel=\"noopener\">\n\t\t\t\t<img decoding=\"async\" src=\"https:\/\/www.groupe-archimbaud.com\/wp-content\/uploads\/2024\/06\/Extrait_plaquette-commerciale-Archiblock_site_OK_ES_0624.png\" alt=\"Extrait_plaquette-commerciale-Archiblock_site_OK_ES_0624\" itemprop=\"image\" height=\"436\" width=\"396\" title=\"Extrait_plaquette-commerciale-Archiblock_site_OK_ES_0624\" onerror=\"this.style.display='none'\"  \/>\n\t\t\t\t<\/a>\n\t<p><strong>Tous vos composants de palettes pr\u00eats \u00e0 assembler en une seule livraison : <\/strong>simplifiez votre logistique et optimisez vos capacit\u00e9s de stockage en regroupant sur un m\u00eame transport planches brutes et\/ou chanfrein\u00e9es, d\u00e9s en bois recycl\u00e9 et\/ou massif.<\/p>\n\n","protected":false},"excerpt":{"rendered":"<p>Play Video Valorizar el material Con una capacidad de producci\u00f3n anual de 130 millones de cubos, Archiblock\u00ae recupera hasta 100.000 toneladas de material destinado al vertedero. Toda la madera reciclada utilizada en la producci\u00f3n de Archiblock\u00ae se obtiene en un radio m\u00e1ximo de 100 km desde el centro de producci\u00f3n situado en Mauz\u00e9-sur-le-Mignon, en el [&hellip;]<\/p>\n","protected":false},"author":1,"featured_media":944,"parent":0,"menu_order":0,"comment_status":"closed","ping_status":"closed","template":"","meta":{"_acf_changed":false,"footnotes":""},"class_list":["post-1061","page","type-page","status-publish","has-post-thumbnail","hentry"],"acf":[],"yoast_head":"<!-- This site is optimized with the Yoast SEO plugin v27.4 - https:\/\/yoast.com\/product\/yoast-seo-wordpress\/ -->\n<title>Tacos para palets - Archimbaud<\/title>\n<meta name=\"robots\" content=\"index, follow, max-snippet:-1, max-image-preview:large, max-video-preview:-1\" \/>\n<link rel=\"canonical\" href=\"https:\/\/www.groupe-archimbaud.com\/es\/tacos-para-palets\/\" \/>\n<meta property=\"og:locale\" content=\"es_ES\" \/>\n<meta property=\"og:type\" content=\"article\" \/>\n<meta property=\"og:title\" content=\"Tacos para palets - Archimbaud\" \/>\n<meta property=\"og:description\" content=\"Play Video Valorizar el material Con una capacidad de producci\u00f3n anual de 130 millones de cubos, Archiblock\u00ae recupera hasta 100.000 toneladas de material destinado al vertedero. Toda la madera reciclada utilizada en la producci\u00f3n de Archiblock\u00ae se obtiene en un radio m\u00e1ximo de 100 km desde el centro de producci\u00f3n situado en Mauz\u00e9-sur-le-Mignon, en el [&hellip;]\" \/>\n<meta property=\"og:url\" content=\"https:\/\/www.groupe-archimbaud.com\/es\/tacos-para-palets\/\" \/>\n<meta property=\"og:site_name\" content=\"Archimbaud\" \/>\n<meta property=\"article:modified_time\" content=\"2024-06-10T12:59:30+00:00\" \/>\n<meta property=\"og:image\" content=\"https:\/\/www.groupe-archimbaud.com\/wp-content\/uploads\/2021\/04\/contene-archiblock.jpg\" \/>\n\t<meta property=\"og:image:width\" content=\"880\" \/>\n\t<meta property=\"og:image:height\" content=\"880\" \/>\n\t<meta property=\"og:image:type\" content=\"image\/jpeg\" \/>\n<meta name=\"twitter:card\" content=\"summary_large_image\" \/>\n<meta name=\"twitter:label1\" content=\"Tiempo de lectura\" \/>\n\t<meta name=\"twitter:data1\" content=\"3 minutos\" \/>\n<script type=\"application\/ld+json\" class=\"yoast-schema-graph\">{\"@context\":\"https:\\\/\\\/schema.org\",\"@graph\":[{\"@type\":\"WebPage\",\"@id\":\"https:\\\/\\\/www.groupe-archimbaud.com\\\/es\\\/tacos-para-palets\\\/\",\"url\":\"https:\\\/\\\/www.groupe-archimbaud.com\\\/es\\\/tacos-para-palets\\\/\",\"name\":\"Tacos para palets - Archimbaud\",\"isPartOf\":{\"@id\":\"https:\\\/\\\/www.groupe-archimbaud.com\\\/es\\\/#website\"},\"primaryImageOfPage\":{\"@id\":\"https:\\\/\\\/www.groupe-archimbaud.com\\\/es\\\/tacos-para-palets\\\/#primaryimage\"},\"image\":{\"@id\":\"https:\\\/\\\/www.groupe-archimbaud.com\\\/es\\\/tacos-para-palets\\\/#primaryimage\"},\"thumbnailUrl\":\"https:\\\/\\\/www.groupe-archimbaud.com\\\/wp-content\\\/uploads\\\/2021\\\/04\\\/contene-archiblock.jpg\",\"datePublished\":\"2020-12-22T08:28:55+00:00\",\"dateModified\":\"2024-06-10T12:59:30+00:00\",\"breadcrumb\":{\"@id\":\"https:\\\/\\\/www.groupe-archimbaud.com\\\/es\\\/tacos-para-palets\\\/#breadcrumb\"},\"inLanguage\":\"es\",\"potentialAction\":[{\"@type\":\"ReadAction\",\"target\":[\"https:\\\/\\\/www.groupe-archimbaud.com\\\/es\\\/tacos-para-palets\\\/\"]}]},{\"@type\":\"ImageObject\",\"inLanguage\":\"es\",\"@id\":\"https:\\\/\\\/www.groupe-archimbaud.com\\\/es\\\/tacos-para-palets\\\/#primaryimage\",\"url\":\"https:\\\/\\\/www.groupe-archimbaud.com\\\/wp-content\\\/uploads\\\/2021\\\/04\\\/contene-archiblock.jpg\",\"contentUrl\":\"https:\\\/\\\/www.groupe-archimbaud.com\\\/wp-content\\\/uploads\\\/2021\\\/04\\\/contene-archiblock.jpg\",\"width\":880,\"height\":880},{\"@type\":\"BreadcrumbList\",\"@id\":\"https:\\\/\\\/www.groupe-archimbaud.com\\\/es\\\/tacos-para-palets\\\/#breadcrumb\",\"itemListElement\":[{\"@type\":\"ListItem\",\"position\":1,\"name\":\"Accueil\",\"item\":\"https:\\\/\\\/www.groupe-archimbaud.com\\\/es\\\/\"},{\"@type\":\"ListItem\",\"position\":2,\"name\":\"Tacos para palets\"}]},{\"@type\":\"WebSite\",\"@id\":\"https:\\\/\\\/www.groupe-archimbaud.com\\\/es\\\/#website\",\"url\":\"https:\\\/\\\/www.groupe-archimbaud.com\\\/es\\\/\",\"name\":\"Archimbaud\",\"description\":\"\",\"potentialAction\":[{\"@type\":\"SearchAction\",\"target\":{\"@type\":\"EntryPoint\",\"urlTemplate\":\"https:\\\/\\\/www.groupe-archimbaud.com\\\/es\\\/?s={search_term_string}\"},\"query-input\":{\"@type\":\"PropertyValueSpecification\",\"valueRequired\":true,\"valueName\":\"search_term_string\"}}],\"inLanguage\":\"es\"}]}<\/script>\n<!-- \/ Yoast SEO plugin. -->","yoast_head_json":{"title":"Tacos para palets - Archimbaud","robots":{"index":"index","follow":"follow","max-snippet":"max-snippet:-1","max-image-preview":"max-image-preview:large","max-video-preview":"max-video-preview:-1"},"canonical":"https:\/\/www.groupe-archimbaud.com\/es\/tacos-para-palets\/","og_locale":"es_ES","og_type":"article","og_title":"Tacos para palets - Archimbaud","og_description":"Play Video Valorizar el material Con una capacidad de producci\u00f3n anual de 130 millones de cubos, Archiblock\u00ae recupera hasta 100.000 toneladas de material destinado al vertedero. Toda la madera reciclada utilizada en la producci\u00f3n de Archiblock\u00ae se obtiene en un radio m\u00e1ximo de 100 km desde el centro de producci\u00f3n situado en Mauz\u00e9-sur-le-Mignon, en el [&hellip;]","og_url":"https:\/\/www.groupe-archimbaud.com\/es\/tacos-para-palets\/","og_site_name":"Archimbaud","article_modified_time":"2024-06-10T12:59:30+00:00","og_image":[{"width":880,"height":880,"url":"https:\/\/www.groupe-archimbaud.com\/wp-content\/uploads\/2021\/04\/contene-archiblock.jpg","type":"image\/jpeg"}],"twitter_card":"summary_large_image","twitter_misc":{"Tiempo de lectura":"3 minutos"},"schema":{"@context":"https:\/\/schema.org","@graph":[{"@type":"WebPage","@id":"https:\/\/www.groupe-archimbaud.com\/es\/tacos-para-palets\/","url":"https:\/\/www.groupe-archimbaud.com\/es\/tacos-para-palets\/","name":"Tacos para palets - Archimbaud","isPartOf":{"@id":"https:\/\/www.groupe-archimbaud.com\/es\/#website"},"primaryImageOfPage":{"@id":"https:\/\/www.groupe-archimbaud.com\/es\/tacos-para-palets\/#primaryimage"},"image":{"@id":"https:\/\/www.groupe-archimbaud.com\/es\/tacos-para-palets\/#primaryimage"},"thumbnailUrl":"https:\/\/www.groupe-archimbaud.com\/wp-content\/uploads\/2021\/04\/contene-archiblock.jpg","datePublished":"2020-12-22T08:28:55+00:00","dateModified":"2024-06-10T12:59:30+00:00","breadcrumb":{"@id":"https:\/\/www.groupe-archimbaud.com\/es\/tacos-para-palets\/#breadcrumb"},"inLanguage":"es","potentialAction":[{"@type":"ReadAction","target":["https:\/\/www.groupe-archimbaud.com\/es\/tacos-para-palets\/"]}]},{"@type":"ImageObject","inLanguage":"es","@id":"https:\/\/www.groupe-archimbaud.com\/es\/tacos-para-palets\/#primaryimage","url":"https:\/\/www.groupe-archimbaud.com\/wp-content\/uploads\/2021\/04\/contene-archiblock.jpg","contentUrl":"https:\/\/www.groupe-archimbaud.com\/wp-content\/uploads\/2021\/04\/contene-archiblock.jpg","width":880,"height":880},{"@type":"BreadcrumbList","@id":"https:\/\/www.groupe-archimbaud.com\/es\/tacos-para-palets\/#breadcrumb","itemListElement":[{"@type":"ListItem","position":1,"name":"Accueil","item":"https:\/\/www.groupe-archimbaud.com\/es\/"},{"@type":"ListItem","position":2,"name":"Tacos para palets"}]},{"@type":"WebSite","@id":"https:\/\/www.groupe-archimbaud.com\/es\/#website","url":"https:\/\/www.groupe-archimbaud.com\/es\/","name":"Archimbaud","description":"","potentialAction":[{"@type":"SearchAction","target":{"@type":"EntryPoint","urlTemplate":"https:\/\/www.groupe-archimbaud.com\/es\/?s={search_term_string}"},"query-input":{"@type":"PropertyValueSpecification","valueRequired":true,"valueName":"search_term_string"}}],"inLanguage":"es"}]}},"_links":{"self":[{"href":"https:\/\/www.groupe-archimbaud.com\/es\/wp-json\/wp\/v2\/pages\/1061","targetHints":{"allow":["GET"]}}],"collection":[{"href":"https:\/\/www.groupe-archimbaud.com\/es\/wp-json\/wp\/v2\/pages"}],"about":[{"href":"https:\/\/www.groupe-archimbaud.com\/es\/wp-json\/wp\/v2\/types\/page"}],"author":[{"embeddable":true,"href":"https:\/\/www.groupe-archimbaud.com\/es\/wp-json\/wp\/v2\/users\/1"}],"replies":[{"embeddable":true,"href":"https:\/\/www.groupe-archimbaud.com\/es\/wp-json\/wp\/v2\/comments?post=1061"}],"version-history":[{"count":16,"href":"https:\/\/www.groupe-archimbaud.com\/es\/wp-json\/wp\/v2\/pages\/1061\/revisions"}],"predecessor-version":[{"id":2816,"href":"https:\/\/www.groupe-archimbaud.com\/es\/wp-json\/wp\/v2\/pages\/1061\/revisions\/2816"}],"wp:featuredmedia":[{"embeddable":true,"href":"https:\/\/www.groupe-archimbaud.com\/es\/wp-json\/wp\/v2\/media\/944"}],"wp:attachment":[{"href":"https:\/\/www.groupe-archimbaud.com\/es\/wp-json\/wp\/v2\/media?parent=1061"}],"curies":[{"name":"wp","href":"https:\/\/api.w.org\/{rel}","templated":true}]}}