{"id":1105,"date":"2020-09-28T10:13:19","date_gmt":"2020-09-28T09:13:19","guid":{"rendered":"https:\/\/www.groupe-archimbaud.com\/vocations\/"},"modified":"2021-07-07T17:11:42","modified_gmt":"2021-07-07T16:11:42","slug":"vocaciones","status":"publish","type":"page","link":"https:\/\/www.groupe-archimbaud.com\/es\/vocaciones\/","title":{"rendered":"Vocaciones"},"content":{"rendered":"\n\n\t\t\t\t<img decoding=\"async\" src=\"https:\/\/www.groupe-archimbaud.com\/wp-content\/uploads\/2021\/02\/tron-arbre.jpg\" alt=\"tron-arbre\" itemprop=\"image\" height=\"933\" width=\"700\" title=\"tron-arbre\" onerror=\"this.style.display='none'\"  \/>\n\t<p>La misi\u00f3n econ\u00f3mica del Fondo<\/p>\n<p>El Fondo Archimbaud pour l&#8217;Homme et la For\u00eat (para el Hombre y el Bosque) es una de las primeras fundaciones accionariales francesas. Propietario del 10% del Grupo Archimbaud en 2016, ahora posee el 25% y llegar\u00e1 a ser su accionista mayoritario con m\u00e1s del 70%.<\/p>\n\t<p>Protecci\u00f3n de la empresa<\/p>\n<p>Gracias a una participaci\u00f3n estable y a largo plazo (un fondo de dotaci\u00f3n no se puede adquirir), el <a href=\"https:\/\/www.fonds-archimbaud.org\/\" target=\"_blank\" rel=\"noopener\">Fonds Archimbaud<\/a> contribuye a la sostenibilidad de la empresa.<\/p>\n<p>Gobernanza<\/p>\n<p>Como accionista mayoritario, el Fondo participa directamente en la gobernanza de la empresa y se convertir\u00e1 en un actor clave en la toma de decisiones estrat\u00e9gicas.<\/p>\n<p>Valores<\/p>\n<p>Al recibir las acciones de la empresa de forma irrevocable e inalienable, el fondo de dotaci\u00f3n se convierte en el guardi\u00e1n de los valores fundacionales y del modelo de desarrollo responsable a lo largo del tiempo.<\/p>\n\t<p>Misi\u00f3n filantr\u00f3pica del fondo\u00a0<\/p>\n<p>El Fondo Archimbaud da a su compromiso filantr\u00f3pico una dimensi\u00f3n de innovaci\u00f3n y co-construcci\u00f3n local, con un doble objetivo de impacto social y medioambiental.<\/p>\n<p>Gracias a los dividendos recibidos de la empresa de la que es accionista, y a todo tipo de ingresos posibles (patrocinio empresarial, donaciones\/legados de parcelas, donaciones\/legados de acciones de otras empresas, etc.), apoya proyectos de inter\u00e9s general.<\/p>\n\t\t\t<a href=\"https:\/\/www.groupe-archimbaud.com\/projets\" target=\"_self\" role=\"button\" rel=\"noopener\">\n\t\t\t\t\t\t\tDescubre los proyectos\n\t\t\t\t\t<\/a>\n\t<p>Volver a tejer y desarrollar v\u00ednculos sostenibles entre el Hombre, los \u00e1rboles y los bosques, a escala local, nacional e incluso internacional.<\/p>\n\t<p>Apoyar iniciativas de inter\u00e9s general que refuercen el v\u00ednculo entre el Hombre, el \u00e1rbol y su entorno.<\/p>\n\t<p>Promover la aparici\u00f3n de nuevos modelos de conservaci\u00f3n e integraci\u00f3n de los recursos forestales, silv\u00edcolas y agroforestales.<\/p>\n\t<p>\u00bfQu\u00e9 es un fondo de dotaci\u00f3n?<\/p>\n<p>\u00ab <em>Un fondo de dotaci\u00f3n es una entidad jur\u00eddica de derecho privado, sin \u00e1nimo de lucro, que recibe y gestiona, mediante su capitalizaci\u00f3n, bienes y derechos de cualquier naturaleza que le son aportados a t\u00edtulo gratuito e irrevocable, y destina los ingresos de la capitalizaci\u00f3n a la realizaci\u00f3n de una obra o misi\u00f3n de inter\u00e9s general.<\/em> \u00bb (Ley de Modernizaci\u00f3n de la Econom\u00eda francesa, agosto de 2008).<\/p>\n\t<p>\u00bfQu\u00e9 es una fundaci\u00f3n de accionistas?<\/p>\n<p>Una fundaci\u00f3n o estructura similar que posee todo o parte del capital y los derechos de voto de una empresa comercial. Esta denominaci\u00f3n gen\u00e9rica se traduce, seg\u00fan los pa\u00edses, por diversos estatus jur\u00eddicos posibles (fundaci\u00f3n, FRUP, fondo de dotaci\u00f3n, fondo de perpetuidad). La fundaci\u00f3n de accionistas cumple tanto una misi\u00f3n econ\u00f3mica (que var\u00eda en funci\u00f3n de las responsabilidades que se le atribuyen) como una misi\u00f3n filantr\u00f3pica financiada principalmente por los dividendos de la empresa cuyo capital posee.<\/p>\n\t\n\t\t\t\t<a href=\"https:\/\/prophil.eu\/de-facto\/\" target=\"_blank\" rel=\"noopener\" itemprop=\"url\">\n\t\t\t\t<img decoding=\"async\" src=\"https:\/\/www.groupe-archimbaud.com\/wp-content\/uploads\/2021\/01\/defacto.png\" alt=\"defacto\" itemprop=\"image\" height=\"149\" width=\"339\" title=\"defacto\" onerror=\"this.style.display='none'\"  \/>\n\t\t\t\t<\/a>\n\t\t\t<a href=\"https:\/\/www.groupe-archimbaud.com\/contacter-le-fond\/\" target=\"_self\" role=\"button\" rel=\"noopener\">\n\t\t\t\t\t\t\tContactar con el fondo archimbaud \n\t\t\t\t\t<\/a>\n\t<iframe allowfullscreen allow=\"autoplay\" src=\"https:\/\/www.youtube.com\/embed\/fkprlAe0Dek?feature=oembed&amp;start&amp;end&amp;wmode=opaque&amp;loop=0&amp;controls=1&amp;mute=0&amp;rel=0&amp;modestbranding=0\"><\/iframe>\t\n\n","protected":false},"excerpt":{"rendered":"<p>La misi\u00f3n econ\u00f3mica del Fondo El Fondo Archimbaud pour l&#8217;Homme et la For\u00eat (para el Hombre y el Bosque) es una de las primeras fundaciones accionariales francesas. Propietario del 10% del Grupo Archimbaud en 2016, ahora posee el 25% y llegar\u00e1 a ser su accionista mayoritario con m\u00e1s del 70%. Protecci\u00f3n de la empresa Gracias [&hellip;]<\/p>\n","protected":false},"author":1,"featured_media":660,"parent":0,"menu_order":0,"comment_status":"closed","ping_status":"closed","template":"","meta":{"_acf_changed":false,"footnotes":""},"class_list":["post-1105","page","type-page","status-publish","has-post-thumbnail","hentry"],"acf":[],"yoast_head":"<!-- This site is optimized with the Yoast SEO plugin v27.4 - https:\/\/yoast.com\/product\/yoast-seo-wordpress\/ -->\n<title>Vocaciones - Archimbaud<\/title>\n<meta name=\"robots\" content=\"index, follow, max-snippet:-1, max-image-preview:large, max-video-preview:-1\" \/>\n<link rel=\"canonical\" href=\"https:\/\/www.groupe-archimbaud.com\/es\/vocaciones\/\" \/>\n<meta property=\"og:locale\" content=\"es_ES\" \/>\n<meta property=\"og:type\" content=\"article\" \/>\n<meta property=\"og:title\" content=\"Vocaciones - Archimbaud\" \/>\n<meta property=\"og:description\" content=\"La misi\u00f3n econ\u00f3mica del Fondo El Fondo Archimbaud pour l&#8217;Homme et la For\u00eat (para el Hombre y el Bosque) es una de las primeras fundaciones accionariales francesas. Propietario del 10% del Grupo Archimbaud en 2016, ahora posee el 25% y llegar\u00e1 a ser su accionista mayoritario con m\u00e1s del 70%. Protecci\u00f3n de la empresa Gracias [&hellip;]\" \/>\n<meta property=\"og:url\" content=\"https:\/\/www.groupe-archimbaud.com\/es\/vocaciones\/\" \/>\n<meta property=\"og:site_name\" content=\"Archimbaud\" \/>\n<meta property=\"article:modified_time\" content=\"2021-07-07T16:11:42+00:00\" \/>\n<meta property=\"og:image\" content=\"https:\/\/www.groupe-archimbaud.com\/wp-content\/uploads\/2021\/01\/fonds-archimbaud.jpg\" \/>\n\t<meta property=\"og:image:width\" content=\"730\" \/>\n\t<meta property=\"og:image:height\" content=\"730\" \/>\n\t<meta property=\"og:image:type\" content=\"image\/jpeg\" \/>\n<meta name=\"twitter:card\" content=\"summary_large_image\" \/>\n<meta name=\"twitter:label1\" content=\"Tiempo de lectura\" \/>\n\t<meta name=\"twitter:data1\" content=\"2 minutos\" \/>\n<script type=\"application\/ld+json\" class=\"yoast-schema-graph\">{\"@context\":\"https:\\\/\\\/schema.org\",\"@graph\":[{\"@type\":\"WebPage\",\"@id\":\"https:\\\/\\\/www.groupe-archimbaud.com\\\/es\\\/vocaciones\\\/\",\"url\":\"https:\\\/\\\/www.groupe-archimbaud.com\\\/es\\\/vocaciones\\\/\",\"name\":\"Vocaciones - Archimbaud\",\"isPartOf\":{\"@id\":\"https:\\\/\\\/www.groupe-archimbaud.com\\\/es\\\/#website\"},\"primaryImageOfPage\":{\"@id\":\"https:\\\/\\\/www.groupe-archimbaud.com\\\/es\\\/vocaciones\\\/#primaryimage\"},\"image\":{\"@id\":\"https:\\\/\\\/www.groupe-archimbaud.com\\\/es\\\/vocaciones\\\/#primaryimage\"},\"thumbnailUrl\":\"https:\\\/\\\/www.groupe-archimbaud.com\\\/wp-content\\\/uploads\\\/2021\\\/01\\\/fonds-archimbaud.jpg\",\"datePublished\":\"2020-09-28T09:13:19+00:00\",\"dateModified\":\"2021-07-07T16:11:42+00:00\",\"breadcrumb\":{\"@id\":\"https:\\\/\\\/www.groupe-archimbaud.com\\\/es\\\/vocaciones\\\/#breadcrumb\"},\"inLanguage\":\"es\",\"potentialAction\":[{\"@type\":\"ReadAction\",\"target\":[\"https:\\\/\\\/www.groupe-archimbaud.com\\\/es\\\/vocaciones\\\/\"]}]},{\"@type\":\"ImageObject\",\"inLanguage\":\"es\",\"@id\":\"https:\\\/\\\/www.groupe-archimbaud.com\\\/es\\\/vocaciones\\\/#primaryimage\",\"url\":\"https:\\\/\\\/www.groupe-archimbaud.com\\\/wp-content\\\/uploads\\\/2021\\\/01\\\/fonds-archimbaud.jpg\",\"contentUrl\":\"https:\\\/\\\/www.groupe-archimbaud.com\\\/wp-content\\\/uploads\\\/2021\\\/01\\\/fonds-archimbaud.jpg\",\"width\":730,\"height\":730},{\"@type\":\"BreadcrumbList\",\"@id\":\"https:\\\/\\\/www.groupe-archimbaud.com\\\/es\\\/vocaciones\\\/#breadcrumb\",\"itemListElement\":[{\"@type\":\"ListItem\",\"position\":1,\"name\":\"Accueil\",\"item\":\"https:\\\/\\\/www.groupe-archimbaud.com\\\/es\\\/\"},{\"@type\":\"ListItem\",\"position\":2,\"name\":\"Vocaciones\"}]},{\"@type\":\"WebSite\",\"@id\":\"https:\\\/\\\/www.groupe-archimbaud.com\\\/es\\\/#website\",\"url\":\"https:\\\/\\\/www.groupe-archimbaud.com\\\/es\\\/\",\"name\":\"Archimbaud\",\"description\":\"\",\"potentialAction\":[{\"@type\":\"SearchAction\",\"target\":{\"@type\":\"EntryPoint\",\"urlTemplate\":\"https:\\\/\\\/www.groupe-archimbaud.com\\\/es\\\/?s={search_term_string}\"},\"query-input\":{\"@type\":\"PropertyValueSpecification\",\"valueRequired\":true,\"valueName\":\"search_term_string\"}}],\"inLanguage\":\"es\"}]}<\/script>\n<!-- \/ Yoast SEO plugin. -->","yoast_head_json":{"title":"Vocaciones - Archimbaud","robots":{"index":"index","follow":"follow","max-snippet":"max-snippet:-1","max-image-preview":"max-image-preview:large","max-video-preview":"max-video-preview:-1"},"canonical":"https:\/\/www.groupe-archimbaud.com\/es\/vocaciones\/","og_locale":"es_ES","og_type":"article","og_title":"Vocaciones - Archimbaud","og_description":"La misi\u00f3n econ\u00f3mica del Fondo El Fondo Archimbaud pour l&#8217;Homme et la For\u00eat (para el Hombre y el Bosque) es una de las primeras fundaciones accionariales francesas. Propietario del 10% del Grupo Archimbaud en 2016, ahora posee el 25% y llegar\u00e1 a ser su accionista mayoritario con m\u00e1s del 70%. Protecci\u00f3n de la empresa Gracias [&hellip;]","og_url":"https:\/\/www.groupe-archimbaud.com\/es\/vocaciones\/","og_site_name":"Archimbaud","article_modified_time":"2021-07-07T16:11:42+00:00","og_image":[{"width":730,"height":730,"url":"https:\/\/www.groupe-archimbaud.com\/wp-content\/uploads\/2021\/01\/fonds-archimbaud.jpg","type":"image\/jpeg"}],"twitter_card":"summary_large_image","twitter_misc":{"Tiempo de lectura":"2 minutos"},"schema":{"@context":"https:\/\/schema.org","@graph":[{"@type":"WebPage","@id":"https:\/\/www.groupe-archimbaud.com\/es\/vocaciones\/","url":"https:\/\/www.groupe-archimbaud.com\/es\/vocaciones\/","name":"Vocaciones - Archimbaud","isPartOf":{"@id":"https:\/\/www.groupe-archimbaud.com\/es\/#website"},"primaryImageOfPage":{"@id":"https:\/\/www.groupe-archimbaud.com\/es\/vocaciones\/#primaryimage"},"image":{"@id":"https:\/\/www.groupe-archimbaud.com\/es\/vocaciones\/#primaryimage"},"thumbnailUrl":"https:\/\/www.groupe-archimbaud.com\/wp-content\/uploads\/2021\/01\/fonds-archimbaud.jpg","datePublished":"2020-09-28T09:13:19+00:00","dateModified":"2021-07-07T16:11:42+00:00","breadcrumb":{"@id":"https:\/\/www.groupe-archimbaud.com\/es\/vocaciones\/#breadcrumb"},"inLanguage":"es","potentialAction":[{"@type":"ReadAction","target":["https:\/\/www.groupe-archimbaud.com\/es\/vocaciones\/"]}]},{"@type":"ImageObject","inLanguage":"es","@id":"https:\/\/www.groupe-archimbaud.com\/es\/vocaciones\/#primaryimage","url":"https:\/\/www.groupe-archimbaud.com\/wp-content\/uploads\/2021\/01\/fonds-archimbaud.jpg","contentUrl":"https:\/\/www.groupe-archimbaud.com\/wp-content\/uploads\/2021\/01\/fonds-archimbaud.jpg","width":730,"height":730},{"@type":"BreadcrumbList","@id":"https:\/\/www.groupe-archimbaud.com\/es\/vocaciones\/#breadcrumb","itemListElement":[{"@type":"ListItem","position":1,"name":"Accueil","item":"https:\/\/www.groupe-archimbaud.com\/es\/"},{"@type":"ListItem","position":2,"name":"Vocaciones"}]},{"@type":"WebSite","@id":"https:\/\/www.groupe-archimbaud.com\/es\/#website","url":"https:\/\/www.groupe-archimbaud.com\/es\/","name":"Archimbaud","description":"","potentialAction":[{"@type":"SearchAction","target":{"@type":"EntryPoint","urlTemplate":"https:\/\/www.groupe-archimbaud.com\/es\/?s={search_term_string}"},"query-input":{"@type":"PropertyValueSpecification","valueRequired":true,"valueName":"search_term_string"}}],"inLanguage":"es"}]}},"_links":{"self":[{"href":"https:\/\/www.groupe-archimbaud.com\/es\/wp-json\/wp\/v2\/pages\/1105","targetHints":{"allow":["GET"]}}],"collection":[{"href":"https:\/\/www.groupe-archimbaud.com\/es\/wp-json\/wp\/v2\/pages"}],"about":[{"href":"https:\/\/www.groupe-archimbaud.com\/es\/wp-json\/wp\/v2\/types\/page"}],"author":[{"embeddable":true,"href":"https:\/\/www.groupe-archimbaud.com\/es\/wp-json\/wp\/v2\/users\/1"}],"replies":[{"embeddable":true,"href":"https:\/\/www.groupe-archimbaud.com\/es\/wp-json\/wp\/v2\/comments?post=1105"}],"version-history":[{"count":5,"href":"https:\/\/www.groupe-archimbaud.com\/es\/wp-json\/wp\/v2\/pages\/1105\/revisions"}],"predecessor-version":[{"id":1253,"href":"https:\/\/www.groupe-archimbaud.com\/es\/wp-json\/wp\/v2\/pages\/1105\/revisions\/1253"}],"wp:featuredmedia":[{"embeddable":true,"href":"https:\/\/www.groupe-archimbaud.com\/es\/wp-json\/wp\/v2\/media\/660"}],"wp:attachment":[{"href":"https:\/\/www.groupe-archimbaud.com\/es\/wp-json\/wp\/v2\/media?parent=1105"}],"curies":[{"name":"wp","href":"https:\/\/api.w.org\/{rel}","templated":true}]}}