{"id":1137,"date":"2016-02-19T15:50:57","date_gmt":"2016-02-19T14:50:57","guid":{"rendered":"https:\/\/www.groupe-archimbaud.com\/mentions-legales\/"},"modified":"2021-06-23T15:44:13","modified_gmt":"2021-06-23T14:44:13","slug":"aviso-legal","status":"publish","type":"page","link":"https:\/\/www.groupe-archimbaud.com\/es\/aviso-legal\/","title":{"rendered":"Aviso legal"},"content":{"rendered":"\n\n\t<h3>Presentaci\u00f3n de la p\u00e1gina web<\/h3>\n<p>De conformidad con los art\u00edculos 6-III y 19 de la Ley N\u00ba 2004-575 del 21 de junio de 2004, sobre la confianza en la econom\u00eda digital, llamada LCEN, llamamos la atenci\u00f3n de los usuarios y visitantes del sitio www.groupearchimbaud.com sobre la siguiente informaci\u00f3n:<\/p>\n<ul>\n<li>\n<p>ESTADO DEL PROPIETARIO: SAS <\/p>\n<\/li>\n<li>\n<p>Propietario: SCIERIE ARCHIMBAUD<\/p>\n<\/li>\n<li>\n<p>Direcci\u00f3n: 7, chemin de Dare 79170 SECONDIGNE SUR BELLE<\/p>\n<\/li>\n<li>\n<p>Tel.: +33 5 49 07 18 18 <\/p>\n<\/li>\n<li>\n<p>Direcci\u00f3n de correo electr\u00f3nico: contact@scierie-archimbaud.com <\/p>\n<\/li>\n<li>\n<p>Capital: 4 000 000 \u20ac <\/p>\n<\/li>\n<li>\n<p>N\u00daMERO SIRET: 388 218 745 00015 <\/p>\n<\/li>\n<li>\n<p>Responsable de la publicaci\u00f3n: Sr. Jean-Pascal ARCHIMBAUD <\/p>\n<\/li>\n<li>\n\n<\/li>\n<li>\n<p>Alojamiento:\u00a0<a href=\"http:\/\/www.datacampus.fr\/\">Datacampus\u00a0<\/a>27 avenue Ren\u00e9 Cassin &#8211; 86360 Chasseneuil Futuroscope<\/p>\n<\/li>\n<\/ul>\n<h3>\u00a0<\/h3>\n<h3>Condiciones generales de uso del sitio y de los servicios ofrecidos<\/h3>\n<p>El uso del sitio web www.groupearchimbaud.com implica la plena aceptaci\u00f3n de las condiciones generales de uso que se describen a continuaci\u00f3n. Estas condiciones de uso pueden ser modificadas o completadas en cualquier momento, sin previo aviso, por lo que se invita a los usuarios del sitio www.groupearchimbaud.com a consultarlas regularmente. El sitio www.groupearchimbaud.com es, en principio, accesible a los usuarios las 24 horas del d\u00eda, los 7 d\u00edas de la semana, salvo en caso de interrupci\u00f3n, programada o no, por motivos de mantenimiento o en casos de fuerza mayor. En caso de imposibilidad de acceso al servicio, www.groupearchimbaud.com se compromete a hacer todo lo posible para restablecer el acceso al servicio y se esforzar\u00e1 por informar a los usuarios con antelaci\u00f3n de las fechas y horas de la intervenci\u00f3n. Al estar sujeta \u00fanicamente a una obligaci\u00f3n de medios, www.groupearchimbaud.com no podr\u00e1 ser considerada responsable de ning\u00fan da\u00f1o, sea cual sea su naturaleza, derivado de la indisponibilidad del servicio. El propietario del sitio www.groupearchimbaud.com lo actualiza regularmente. Del mismo modo, los avisos legales pueden ser modificados en cualquier momento, sin previo aviso y se imponen al usuario sin reserva. Se considera que el usuario los acepta sin reservas y que los consulta regularmente para tomar nota de las modificaciones.<\/p>\n<p>El sitio www.groupearchimbaud.com tambi\u00e9n se reserva el derecho de ceder, transferir, sin previo aviso los derechos y \/ u obligaciones de estos T\u00e9rminos y Legal. Al continuar utilizando los servicios del sitio www.groupearchimbaud.com, el usuario reconoce aceptar cualquier cambio en las condiciones generales que pueda producirse.<\/p>\n<h3>\u00a0<\/h3>\n<h3>Descripci\u00f3n de los servicios prestados<\/h3>\n<p>El objetivo del sitio web www.groupearchimbaud.com es ofrecer informaci\u00f3n sobre todas las actividades de la empresa. El propietario del sitio hace lo posible por proporcionar informaci\u00f3n en el sitio www.groupearchimbaud.com lo m\u00e1s exacta posible. Sin embargo, no se le puede responsabilizar de las omisiones, inexactitudes y deficiencias en la actualizaci\u00f3n, ya sean de su propia iniciativa o de la de los terceros que proporcionan esta informaci\u00f3n. Toda la informaci\u00f3n proporcionada en el sitio web www.groupearchimbaud.com se ofrece a t\u00edtulo informativo, no es exhaustiva y est\u00e1 sujeta a cambios. Esta informaci\u00f3n se proporciona a sabiendas de que se han realizado modificaciones desde que se puso en l\u00ednea.<\/p>\n<h3>\u00a0<\/h3>\n<h3>L\u00edmites de responsabilidad<\/h3>\n<p>El sitio web www.groupearchimbaud.com utiliza tecnolog\u00eda javascript. El sitio www.groupearchimbaud.com no se responsabiliza de los errores tipogr\u00e1ficos o inexactitudes que aparezcan en el servicio, ni de los da\u00f1os sufridos como consecuencia de su uso. El usuario sigue siendo responsable de su equipo y de su uso, y es el \u00fanico que asume los costes directos o indirectos derivados de su conexi\u00f3n a Internet. El usuario del sitio www.groupearchimbaud.com se compromete a acceder al mismo utilizando equipos recientes, libres de virus y con un navegador actualizado de \u00faltima generaci\u00f3n. El usuario exime la responsabilidad de www.groupearchimbaud.com por cualquier perjuicio que pudiera sufrir o hacer sufrir, directa o indirectamente, por los servicios ofrecidos. S\u00f3lo el usuario es responsable del uso del servicio ofrecido y el usuario libera expresamente al sitio www.groupearchimbaud.com de cualquier responsabilidad frente a terceros.<\/p>\n<p>El propietario del sitio se reserva la posibilidad de apelar a la responsabilidad civil y\/o penal del usuario, en particular en caso de mensaje en materia racista, injuriosa, difamatoria o pornogr\u00e1fica, cualquiera que sea el soporte utilizado (texto, fotograf\u00eda&#8230;). Se recuerda que los desarrolladores del sitio web www.groupearchimbaud.com mantienen un registro de la direcci\u00f3n de correo electr\u00f3nico y de la direcci\u00f3n IP del usuario. En consecuencia, el usuario debe ser consciente de que en caso de requerimiento de la autoridad judicial puede ser localizado y perseguido.<\/p>\n<h3>\u00a0<\/h3>\n<h3>Propiedad intelectual y falsificaci\u00f3n<\/h3>\n<p>El propietario del sitio es el titular de los derechos de propiedad intelectual o tiene los derechos de uso sobre todos los elementos accesibles en el sitio, en particular los textos, im\u00e1genes, gr\u00e1ficos, logotipos, iconos, sonidos, software. Cualquier reproducci\u00f3n, representaci\u00f3n, modificaci\u00f3n, publicaci\u00f3n, adaptaci\u00f3n total o parcial de los elementos del sitio, cualquiera que sea el medio o el procedimiento utilizado, est\u00e1 prohibida, salvo autorizaci\u00f3n previa por escrito con el correo electr\u00f3nico: contact@scierie-archimbaud.com . Toda explotaci\u00f3n no autorizada del sitio o de cualquier elemento contenido en \u00e9l ser\u00e1 considerada como constitutiva de una infracci\u00f3n y perseguida de acuerdo con las disposiciones de los art\u00edculos L.335-2 y siguientes del C\u00f3digo de la Propiedad Intelectual.<\/p>\n<h3>\u00a0<\/h3>\n<h3>Hiperenlaces y cookies<\/h3>\n<p>El sitio www.groupearchimbaud.com contiene un cierto n\u00famero de enlaces de hipertexto hacia otros sitios (socios, informaci\u00f3n&#8230;) establecidos con la autorizaci\u00f3n del propietario del sitio. Sin embargo, el propietario del sitio no tiene la posibilidad de comprobar los contenidos de los sitios as\u00ed visitados y por lo tanto declina cualquier responsabilidad de este hecho en cuanto a los posibles riesgos de contenidos il\u00edcitos. Se informa al usuario de que durante sus visitas al sitio www.groupearchimbaud.com pueden instalarse autom\u00e1ticamente una o varias cookies en su ordenador. Una cookie es un peque\u00f1o archivo que no permite la identificaci\u00f3n del usuario, pero que registra informaci\u00f3n relativa a la navegaci\u00f3n de un ordenador en un sitio. Los datos as\u00ed obtenidos est\u00e1n destinados a facilitar la navegaci\u00f3n posterior en el sitio, y tambi\u00e9n a permitir diversas medidas de frecuentaci\u00f3n.<\/p>\n<p>La parametrizaci\u00f3n del programa de navegaci\u00f3n permite informarle de la presencia de una cookie y, en su caso, rechazarla de la forma descrita en la siguiente direcci\u00f3n: www.cnil.fr<\/p>\n<p>Rechazar la instalaci\u00f3n de una cookie puede imposibilitar el acceso a determinados servicios. Sin embargo, el usuario puede configurar su ordenador de la siguiente manera para rechazar la instalaci\u00f3n de cookies:<\/p>\n<ul>\n<li>\n<p>En Internet Explorer: pesta\u00f1a de herramientas \/ Opciones de Internet. Haga clic en Privacidad y elija Bloquear todas las cookies. Validar con Ok.<\/p>\n<\/li>\n<li>\n<p>En Netscape: pesta\u00f1a editar \/ preferencias. Haga clic en Avanzadas y elija Desactivar cookies. Validar con Ok.<\/p>\n<\/li>\n<li>\n<p>En Firefox: Herramientas \/ opciones \/ privacidad. En la secci\u00f3n de Historial, seleccione la opci\u00f3n Usar una configuraci\u00f3n personalizada para el historial. Seleccione la opci\u00f3n para deshabilitar las cookies. Validar con OK.<\/p>\n<\/li>\n<li>\n<p>En Chrome: Men\u00fa de Google Chrome \/ Configuraci\u00f3n \/ Mostrar la configuraci\u00f3n avanzada en la parte inferior de la p\u00e1gina \/ Haga clic en \u00abConfiguraci\u00f3n de sitios web\u00bb \/ Bloquear todas las cookies de terceros sin excepci\u00f3n. Validar con Ok.<\/p>\n<\/li>\n<\/ul>\n<h3>\u00a0<\/h3>\n<h3>Ley aplicable y jurisdicci\u00f3n<\/h3>\n<p>Cualquier litigio relacionado con el uso del sitio web www.groupearchimbaud.com est\u00e1 sujeto a la legislaci\u00f3n francesa. El usuario y www.groupearchimbaud.com aceptan someterse a la jurisdicci\u00f3n exclusiva de los tribunales franceses en caso de litigio.<\/p>\n<h3>\u00a0<\/h3>\n<h3>Protecci\u00f3n de bienes y personas &#8211; gesti\u00f3n de datos personales<\/h3>\n<p>Usuario: usuario de Internet que se conecta, utilizando el sitio mencionado: www.groupearchimbaud.com<\/p>\n<p>En Francia, los datos personales est\u00e1n protegidos por la ley n\u00b0 78-87 del 6 de enero de 1978, la ley n\u00b0 2004-801 del 6 de agosto de 2004, el art\u00edculo L. 226-13 del C\u00f3digo Penal y la Directiva Europea del 24 de octubre de 1995.<\/p>\n<p>En el sitio www.groupearchimbaud.com el propietario del sitio recoge informaci\u00f3n personal relativa al usuario s\u00f3lo para la necesidad de ciertos servicios ofrecidos por el sitio www.groupearchimbaud.com. El usuario proporciona esta informaci\u00f3n con pleno conocimiento de causa, en particular cuando la introduce. Posteriormente se especifica al usuario del sitio www.groupearchimbaud.com la obligaci\u00f3n o no de proporcionar esta informaci\u00f3n. De conformidad con las disposiciones de los art\u00edculos 38 y siguientes de la ley 78-17 del 6 de enero de 1978 relativa a la inform\u00e1tica, los archivos y las libertades, todo usuario dispone de un derecho de acceso, de rectificaci\u00f3n, de supresi\u00f3n y de oposici\u00f3n a los datos personales que le conciernen. Para ejercer este derecho, env\u00ede su solicitud a www.groupearchimbaud.com por correo electr\u00f3nico: contact@scierie-archimbaud.com o enviando una solicitud escrita y firmada, acompa\u00f1ada de una copia del documento de identidad con la firma del titular del documento, especificando la direcci\u00f3n a la que debe enviarse la respuesta.<\/p>\n<p>Ninguna informaci\u00f3n personal del usuario del sitio www.groupearchimbaud.com se publica sin el conocimiento del usuario, se intercambia, se transfiere, se cede o se vende en ning\u00fan medio a terceros. S\u00f3lo en el caso de la adquisici\u00f3n del sitio www.groupearchimbaud.com se permitir\u00eda la transmisi\u00f3n de dicha informaci\u00f3n al posible comprador, que a su vez estar\u00eda sujeto a la misma obligaci\u00f3n de conservaci\u00f3n y modificaci\u00f3n de los datos con respecto al usuario del sitio www.groupearchimbaud.com.<\/p>\n<p>Las bases de datos est\u00e1n protegidas por las disposiciones de la ley de 1 de julio de 1998 que transpone la directiva 96\/9 de 11 de marzo de 1996 sobre la protecci\u00f3n jur\u00eddica de las bases de datos.<\/p>\n\n","protected":false},"excerpt":{"rendered":"<p>Presentaci\u00f3n de la p\u00e1gina web De conformidad con los art\u00edculos 6-III y 19 de la Ley N\u00ba 2004-575 del 21 de junio de 2004, sobre la confianza en la econom\u00eda digital, llamada LCEN, llamamos la atenci\u00f3n de los usuarios y visitantes del sitio www.groupearchimbaud.com sobre la siguiente informaci\u00f3n: ESTADO DEL PROPIETARIO: SAS Propietario: SCIERIE ARCHIMBAUD [&hellip;]<\/p>\n","protected":false},"author":1,"featured_media":0,"parent":0,"menu_order":0,"comment_status":"closed","ping_status":"closed","template":"page-simple.php","meta":{"_acf_changed":false,"footnotes":""},"class_list":["post-1137","page","type-page","status-publish","hentry"],"acf":[],"yoast_head":"<!-- This site is optimized with the Yoast SEO plugin v27.4 - https:\/\/yoast.com\/product\/yoast-seo-wordpress\/ -->\n<title>Aviso legal - Archimbaud<\/title>\n<meta name=\"robots\" content=\"index, follow, max-snippet:-1, max-image-preview:large, max-video-preview:-1\" \/>\n<link rel=\"canonical\" href=\"https:\/\/www.groupe-archimbaud.com\/es\/aviso-legal\/\" \/>\n<meta property=\"og:locale\" content=\"es_ES\" \/>\n<meta property=\"og:type\" content=\"article\" \/>\n<meta property=\"og:title\" content=\"Aviso legal - Archimbaud\" \/>\n<meta property=\"og:description\" content=\"Presentaci\u00f3n de la p\u00e1gina web De conformidad con los art\u00edculos 6-III y 19 de la Ley N\u00ba 2004-575 del 21 de junio de 2004, sobre la confianza en la econom\u00eda digital, llamada LCEN, llamamos la atenci\u00f3n de los usuarios y visitantes del sitio www.groupearchimbaud.com sobre la siguiente informaci\u00f3n: ESTADO DEL PROPIETARIO: SAS Propietario: SCIERIE ARCHIMBAUD [&hellip;]\" \/>\n<meta property=\"og:url\" content=\"https:\/\/www.groupe-archimbaud.com\/es\/aviso-legal\/\" \/>\n<meta property=\"og:site_name\" content=\"Archimbaud\" \/>\n<meta property=\"article:modified_time\" content=\"2021-06-23T14:44:13+00:00\" \/>\n<meta name=\"twitter:card\" content=\"summary_large_image\" \/>\n<meta name=\"twitter:label1\" content=\"Tiempo de lectura\" \/>\n\t<meta name=\"twitter:data1\" content=\"8 minutos\" \/>\n<script type=\"application\/ld+json\" class=\"yoast-schema-graph\">{\"@context\":\"https:\\\/\\\/schema.org\",\"@graph\":[{\"@type\":\"WebPage\",\"@id\":\"https:\\\/\\\/www.groupe-archimbaud.com\\\/es\\\/aviso-legal\\\/\",\"url\":\"https:\\\/\\\/www.groupe-archimbaud.com\\\/es\\\/aviso-legal\\\/\",\"name\":\"Aviso legal - Archimbaud\",\"isPartOf\":{\"@id\":\"https:\\\/\\\/www.groupe-archimbaud.com\\\/es\\\/#website\"},\"datePublished\":\"2016-02-19T14:50:57+00:00\",\"dateModified\":\"2021-06-23T14:44:13+00:00\",\"breadcrumb\":{\"@id\":\"https:\\\/\\\/www.groupe-archimbaud.com\\\/es\\\/aviso-legal\\\/#breadcrumb\"},\"inLanguage\":\"es\",\"potentialAction\":[{\"@type\":\"ReadAction\",\"target\":[\"https:\\\/\\\/www.groupe-archimbaud.com\\\/es\\\/aviso-legal\\\/\"]}]},{\"@type\":\"BreadcrumbList\",\"@id\":\"https:\\\/\\\/www.groupe-archimbaud.com\\\/es\\\/aviso-legal\\\/#breadcrumb\",\"itemListElement\":[{\"@type\":\"ListItem\",\"position\":1,\"name\":\"Accueil\",\"item\":\"https:\\\/\\\/www.groupe-archimbaud.com\\\/es\\\/\"},{\"@type\":\"ListItem\",\"position\":2,\"name\":\"Aviso legal\"}]},{\"@type\":\"WebSite\",\"@id\":\"https:\\\/\\\/www.groupe-archimbaud.com\\\/es\\\/#website\",\"url\":\"https:\\\/\\\/www.groupe-archimbaud.com\\\/es\\\/\",\"name\":\"Archimbaud\",\"description\":\"\",\"potentialAction\":[{\"@type\":\"SearchAction\",\"target\":{\"@type\":\"EntryPoint\",\"urlTemplate\":\"https:\\\/\\\/www.groupe-archimbaud.com\\\/es\\\/?s={search_term_string}\"},\"query-input\":{\"@type\":\"PropertyValueSpecification\",\"valueRequired\":true,\"valueName\":\"search_term_string\"}}],\"inLanguage\":\"es\"}]}<\/script>\n<!-- \/ Yoast SEO plugin. -->","yoast_head_json":{"title":"Aviso legal - Archimbaud","robots":{"index":"index","follow":"follow","max-snippet":"max-snippet:-1","max-image-preview":"max-image-preview:large","max-video-preview":"max-video-preview:-1"},"canonical":"https:\/\/www.groupe-archimbaud.com\/es\/aviso-legal\/","og_locale":"es_ES","og_type":"article","og_title":"Aviso legal - Archimbaud","og_description":"Presentaci\u00f3n de la p\u00e1gina web De conformidad con los art\u00edculos 6-III y 19 de la Ley N\u00ba 2004-575 del 21 de junio de 2004, sobre la confianza en la econom\u00eda digital, llamada LCEN, llamamos la atenci\u00f3n de los usuarios y visitantes del sitio www.groupearchimbaud.com sobre la siguiente informaci\u00f3n: ESTADO DEL PROPIETARIO: SAS Propietario: SCIERIE ARCHIMBAUD [&hellip;]","og_url":"https:\/\/www.groupe-archimbaud.com\/es\/aviso-legal\/","og_site_name":"Archimbaud","article_modified_time":"2021-06-23T14:44:13+00:00","twitter_card":"summary_large_image","twitter_misc":{"Tiempo de lectura":"8 minutos"},"schema":{"@context":"https:\/\/schema.org","@graph":[{"@type":"WebPage","@id":"https:\/\/www.groupe-archimbaud.com\/es\/aviso-legal\/","url":"https:\/\/www.groupe-archimbaud.com\/es\/aviso-legal\/","name":"Aviso legal - Archimbaud","isPartOf":{"@id":"https:\/\/www.groupe-archimbaud.com\/es\/#website"},"datePublished":"2016-02-19T14:50:57+00:00","dateModified":"2021-06-23T14:44:13+00:00","breadcrumb":{"@id":"https:\/\/www.groupe-archimbaud.com\/es\/aviso-legal\/#breadcrumb"},"inLanguage":"es","potentialAction":[{"@type":"ReadAction","target":["https:\/\/www.groupe-archimbaud.com\/es\/aviso-legal\/"]}]},{"@type":"BreadcrumbList","@id":"https:\/\/www.groupe-archimbaud.com\/es\/aviso-legal\/#breadcrumb","itemListElement":[{"@type":"ListItem","position":1,"name":"Accueil","item":"https:\/\/www.groupe-archimbaud.com\/es\/"},{"@type":"ListItem","position":2,"name":"Aviso legal"}]},{"@type":"WebSite","@id":"https:\/\/www.groupe-archimbaud.com\/es\/#website","url":"https:\/\/www.groupe-archimbaud.com\/es\/","name":"Archimbaud","description":"","potentialAction":[{"@type":"SearchAction","target":{"@type":"EntryPoint","urlTemplate":"https:\/\/www.groupe-archimbaud.com\/es\/?s={search_term_string}"},"query-input":{"@type":"PropertyValueSpecification","valueRequired":true,"valueName":"search_term_string"}}],"inLanguage":"es"}]}},"_links":{"self":[{"href":"https:\/\/www.groupe-archimbaud.com\/es\/wp-json\/wp\/v2\/pages\/1137","targetHints":{"allow":["GET"]}}],"collection":[{"href":"https:\/\/www.groupe-archimbaud.com\/es\/wp-json\/wp\/v2\/pages"}],"about":[{"href":"https:\/\/www.groupe-archimbaud.com\/es\/wp-json\/wp\/v2\/types\/page"}],"author":[{"embeddable":true,"href":"https:\/\/www.groupe-archimbaud.com\/es\/wp-json\/wp\/v2\/users\/1"}],"replies":[{"embeddable":true,"href":"https:\/\/www.groupe-archimbaud.com\/es\/wp-json\/wp\/v2\/comments?post=1137"}],"version-history":[{"count":2,"href":"https:\/\/www.groupe-archimbaud.com\/es\/wp-json\/wp\/v2\/pages\/1137\/revisions"}],"predecessor-version":[{"id":1139,"href":"https:\/\/www.groupe-archimbaud.com\/es\/wp-json\/wp\/v2\/pages\/1137\/revisions\/1139"}],"wp:attachment":[{"href":"https:\/\/www.groupe-archimbaud.com\/es\/wp-json\/wp\/v2\/media?parent=1137"}],"curies":[{"name":"wp","href":"https:\/\/api.w.org\/{rel}","templated":true}]}}