{"id":1766,"date":"2022-06-13T09:48:33","date_gmt":"2022-06-13T08:48:33","guid":{"rendered":"https:\/\/www.groupe-archimbaud.com\/pallets\/"},"modified":"2023-01-23T11:58:21","modified_gmt":"2023-01-23T10:58:21","slug":"pallets","status":"publish","type":"page","link":"https:\/\/www.groupe-archimbaud.com\/it\/pallets\/","title":{"rendered":"Pallet"},"content":{"rendered":"\n\n\t\t\t\t<img decoding=\"async\" src=\"https:\/\/www.groupe-archimbaud.com\/wp-content\/uploads\/2021\/02\/Ligne-Cap-production-palettes-2.jpg\" alt=\"Ligne-Cap-production-pallet-2\" itemprop=\"image\" height=\"899\" width=\"600\" title=\"Ligne-Cap-production-pallet-2\" onerror=\"this.style.display='none'\"  \/>\n\t<p><strong>Realizzati esclusivamente con legno diradato, i pallet prodotti dal gruppo Archimbaud prediligono specie locali,<\/strong> provenienti vicino ai suoi siti di lavorazione. Pino marittimo, douglas, abete rosso, abete, laricio o pioppo: la competenza nel legno riconosciuta dal gruppo Archimbaud vi permette di scegliere il legno pi\u00f9 adatto all&#8217;utilizzo dei vostri pallet.<\/p>\n\t\t\t\t<img decoding=\"async\" src=\"https:\/\/www.groupe-archimbaud.com\/wp-content\/uploads\/2021\/01\/pefc.png\" alt=\"pefc\" itemprop=\"image\" height=\"225\" width=\"173\" title=\"pefc\" onerror=\"this.style.display='none'\"  \/>\n\t\t\t\t<img decoding=\"async\" src=\"https:\/\/www.groupe-archimbaud.com\/wp-content\/uploads\/2021\/01\/bois-france.png\" alt=\"bois-france\" itemprop=\"image\" height=\"219\" width=\"191\" title=\"bois-france\" onerror=\"this.style.display='none'\"  \/>\n\t<ul>\n<li><strong>9 linee di taglio<\/strong><\/li>\n<li><strong>11 linee di chiodatura ad alta velocit\u00e0<\/strong><\/li>\n<li><strong>Decornazione<\/strong><\/li>\n<li><strong>20 celle di essiccazione <\/strong>(stabilit\u00e0 ed estetica)<\/li>\n<li><strong>Unit\u00e0 di trattamento ISPM 15 <\/strong>(garanzia sanitaria dei trasporti internazionali)<\/li>\n<li><strong>3 cabine di verniciatura<\/strong> (personalizzazione)<\/li>\n<li><strong>Inchiostri o segni a caldo<\/strong><\/li>\n<li><strong>Parchi di stoccaggio: 20 ha\/4 ha al riparo<\/strong><\/li>\n<li><strong><a href=\"https:\/\/www.groupe-archimbaud.com\/it\/pallet-block-archiblock\/\">Dadi in truciolare riciclato<\/a> o legno massello<\/strong><\/li>\n<li><strong>Doppia certificazione PEFC e Bois de France<\/strong><\/li>\n<\/ul>\n\t<p><strong>Tracciabilit\u00e0, adattabilit\u00e0, produttivit\u00e0 e personalizzazione :<\/strong> i pallet Migeon, Francepal e LPA soddisfano le specifiche pi\u00f9 esigenti.<\/p>\n<p><strong>Leader francese nella produzione di pallet a spina di pesce a 2 vie, il gruppo Archimbaud \u00e8 anche un riferimento nella produzione di pallet a 4 vie standardizzati o su misura.<\/strong> Edilizia, agroalimentare, agricoltura, cosmetica, farmaceutica e chimica: qualunque sia il vostro settore di attivit\u00e0, i nostri pallet in legno garantiscono il trasporto, lo stoccaggio e l&#8217;integrit\u00e0 delle vostre merci. La nostra capacit\u00e0 di stoccaggio (200.000 m2 &#8211; di cui 40.000 m2 al coperto) unita alla nostra rete di partner di trasporto, consentono di gestire il vostro stock di pallet e garantire la vostra fornitura durante tutto l&#8217;anno. Avete cos\u00ec il prima possibile la quantit\u00e0 di pallet corrispondente alla realt\u00e0 della vostra produzione.<\/p>\n\t\t\t\t<img decoding=\"async\" src=\"https:\/\/www.groupe-archimbaud.com\/wp-content\/uploads\/2021\/02\/Palettes-Migeon.jpg\" alt=\"Pallet Migeon\" itemprop=\"image\" height=\"228\" width=\"221\" title=\"Pallet Migeon\" onerror=\"this.style.display='none'\"  \/>\n\t<p>Blocchetti per pallet in legno riciclato<\/p>\n<em>Rappresentando fino al 30% del suo volume, il dado costituisce una parte importante della tavolozza. Mettendo al centro delle proprie specifiche l&#8217;utilizzo di legno esclusivamente riciclato, <a href=\"https:\/\/www.groupe-archimbaud.com\/des-a-palettes-archiblock\/\">Archiblock<\/a>\u00ae \u00e8 la &#8220;soluzione per i dadi&#8221; per pallet ad elevate prestazioni ambientali.<br \/>\n<\/em>\n\t<p>Pallet standardizzato<\/p>\n\t\t\t\t<img decoding=\"async\" src=\"https:\/\/www.groupe-archimbaud.com\/wp-content\/uploads\/2021\/04\/palette-epal.jpg\" alt=\"pallet-epal\" itemprop=\"image\" height=\"400\" width=\"500\" title=\"pallet-epal\" onerror=\"this.style.display='none'\"  \/>\n\t<p>Pallet EPAL<\/p>\n<p>Il pallet in legno EPAL europeo \u00e8 lo standard per il trasporto e lo scambio di pallet in Europa. I pallet Europe prodotti dal gruppo Archimbaud rispettano in tutto e per tutto gli standard di certificazione EPAL.<\/p>\n<p><img decoding=\"async\" src=\"https:\/\/www.groupe-archimbaud.com\/wp-content\/uploads\/2021\/01\/epal.jpg\" alt=\"\" width=\"105\" \/><\/p>\n\t\t\t\t<img decoding=\"async\" src=\"https:\/\/www.groupe-archimbaud.com\/wp-content\/uploads\/2021\/04\/palette-cp.jpg\" alt=\"pallet-cp\" itemprop=\"image\" height=\"400\" width=\"500\" title=\"pallet-cp\" onerror=\"this.style.display='none'\"  \/>\n\t<p>Pallet CP (Prodotti chimici)<\/p>\n<p>Progettati per il trasporto di prodotti chimici, i nostri pallet CP pongono la sicurezza relativa alla movimentazione e al trasporto di questa categoria di prodotti al centro della loro fabbricazione.<\/p>\n\t\t\t\t<img decoding=\"async\" src=\"https:\/\/www.groupe-archimbaud.com\/wp-content\/uploads\/2021\/04\/palette-vmf.jpg\" alt=\"pallet-vmf\" itemprop=\"image\" height=\"400\" width=\"500\" title=\"pallet-vmf\" onerror=\"this.style.display='none'\"  \/>\n\t<p>Pallet VMF (Cristalleria)<\/p>\n<p>Destinato al trasporto di bottiglie, il pallet VMF (Verreries M\u00e9caniques de France) \u00e8 ora pi\u00f9 particolarmente destinato al trasporto di vino, nonch\u00e9 all&#8217;industria del confezionamento di liquidi e dell&#8217;imbottigliamento.<\/p>\n<p>Pallet in legno, perimetro, 4 ingressi e suole intelaiate.<\/p>\n\t\t\t\t<img decoding=\"async\" src=\"https:\/\/www.groupe-archimbaud.com\/wp-content\/uploads\/2021\/04\/palette-galia.jpg\" alt=\"pallet-galia\" itemprop=\"image\" height=\"400\" width=\"500\" title=\"pallet-galia\" onerror=\"this.style.display='none'\"  \/>\n\t<p>Pallet GALIA (Automobilistico)<\/p>\n<p>Standard dell&#8217;industria automobilistica, il pallet GALIA (Grouping for the Improvement of Liaisons in the Automotive Industry) facilita il trasporto di tutti i componenti coinvolti nella produzione automobilistica.<\/p>\n\t\t\t\t<img decoding=\"async\" src=\"https:\/\/www.groupe-archimbaud.com\/wp-content\/uploads\/2021\/04\/palette-ibc.jpg\" alt=\"pallet-ibc\" itemprop=\"image\" height=\"400\" width=\"500\" title=\"pallet-ibc\" onerror=\"this.style.display='none'\"  \/>\n\t<p>Pallet IBC (contenitori di plastica)<\/p>\n<p>Destinato allo stoccaggio e al trasporto di contenitori di liquidi o polveri provenienti da molti settori industriali (acqua, chimico, alimentare, farmaceutico, ecc.), il pallet IBC (Intermediate Bulk, Container) \u00e8 il supporto standard per questi contenitori in plastica.<\/p>\n\t\t\t\t<img decoding=\"async\" src=\"https:\/\/www.groupe-archimbaud.com\/wp-content\/uploads\/2021\/04\/palette-fruitiere.jpg\" alt=\"pallet-fruitiere\" itemprop=\"image\" height=\"400\" width=\"500\" title=\"pallet-fruitiere\" onerror=\"this.style.display='none'\"  \/>\n\t<p>Pallet di Frutta<\/p>\n<p>3 o 5 guide, i pallet per frutta soddisfano gli standard di trasporto di frutta e verdura.<\/p>\n\t\t\t\t<img decoding=\"async\" src=\"https:\/\/www.groupe-archimbaud.com\/wp-content\/uploads\/2021\/02\/Palettes-detourees-des-massifs.jpg\" alt=\"Pallet-detourees-des-massifs\" itemprop=\"image\" height=\"800\" width=\"600\" title=\"Pallet-detourees-des-massifs\" onerror=\"this.style.display='none'\"  \/>\n\t<p>Pallet su misura<\/p>\n<p>Ascoltando la supply chain, gli esperti del gruppo Archimbaud analizzano le vostre esigenze di carico e movimentazione. Ottimizzando la struttura e le dimensioni dei vostri imballaggi in legno su misura, vi consigliano e trovano<strong> la migliore coppia resistenza\/volume legno. <\/strong><\/p>\n<p>Disponibili per aiutarvi a scegliere i pallet adatti ai vostri vincoli di trasporto e stoccaggio, offrono soluzioni di marcatura, trattamento e verniciatura per distinguere i vostri pallet nella catena logistica.<\/p>\n<p>La nostra officina di prototipazione effettua i test di pre-serie prima di entrare in produzione su linee automatiche. Il nostro strumento industriale si adatta a tutte le caratteristiche dimensionali, meccaniche ed estetiche dei vostri pallet.<\/p>\n\t\t\t\t<img decoding=\"async\" src=\"https:\/\/www.groupe-archimbaud.com\/wp-content\/uploads\/2021\/04\/atelier-etude-sciage.jpg\" alt=\"atelier-etude-sciage\" itemprop=\"image\" height=\"134\" width=\"672\" title=\"atelier-etude-sciage\" onerror=\"this.style.display='none'\"  \/>\n\n","protected":false},"excerpt":{"rendered":"<p>Realizzati esclusivamente con legno diradato, i pallet prodotti dal gruppo Archimbaud prediligono specie locali, provenienti vicino ai suoi siti di lavorazione. Pino marittimo, douglas, abete rosso, abete, laricio o pioppo: la competenza nel legno riconosciuta dal gruppo Archimbaud vi permette di scegliere il legno pi\u00f9 adatto all&#8217;utilizzo dei vostri pallet. 9 linee di taglio 11 [&hellip;]<\/p>\n","protected":false},"author":1,"featured_media":1622,"parent":0,"menu_order":0,"comment_status":"closed","ping_status":"closed","template":"","meta":{"_acf_changed":false,"footnotes":""},"class_list":["post-1766","page","type-page","status-publish","has-post-thumbnail","hentry"],"acf":[],"yoast_head":"<!-- This site is optimized with the Yoast SEO plugin v27.5 - https:\/\/yoast.com\/product\/yoast-seo-wordpress\/ -->\n<title>Pallet - Archimbaud<\/title>\n<meta name=\"robots\" content=\"index, follow, max-snippet:-1, max-image-preview:large, max-video-preview:-1\" \/>\n<link rel=\"canonical\" href=\"https:\/\/www.groupe-archimbaud.com\/it\/pallets\/\" \/>\n<meta property=\"og:locale\" content=\"it_IT\" \/>\n<meta property=\"og:type\" content=\"article\" \/>\n<meta property=\"og:title\" content=\"Pallet - Archimbaud\" \/>\n<meta property=\"og:description\" content=\"Realizzati esclusivamente con legno diradato, i pallet prodotti dal gruppo Archimbaud prediligono specie locali, provenienti vicino ai suoi siti di lavorazione. Pino marittimo, douglas, abete rosso, abete, laricio o pioppo: la competenza nel legno riconosciuta dal gruppo Archimbaud vi permette di scegliere il legno pi\u00f9 adatto all&#8217;utilizzo dei vostri pallet. 9 linee di taglio 11 [&hellip;]\" \/>\n<meta property=\"og:url\" content=\"https:\/\/www.groupe-archimbaud.com\/it\/pallets\/\" \/>\n<meta property=\"og:site_name\" content=\"Archimbaud\" \/>\n<meta property=\"article:modified_time\" content=\"2023-01-23T10:58:21+00:00\" \/>\n<meta property=\"og:image\" content=\"https:\/\/www.groupe-archimbaud.com\/wp-content\/uploads\/2020\/12\/archimbaud-palettes.jpg\" \/>\n\t<meta property=\"og:image:width\" content=\"730\" \/>\n\t<meta property=\"og:image:height\" content=\"730\" \/>\n\t<meta property=\"og:image:type\" content=\"image\/jpeg\" \/>\n<meta name=\"twitter:card\" content=\"summary_large_image\" \/>\n<script type=\"application\/ld+json\" class=\"yoast-schema-graph\">{\"@context\":\"https:\\\/\\\/schema.org\",\"@graph\":[{\"@type\":\"WebPage\",\"@id\":\"https:\\\/\\\/www.groupe-archimbaud.com\\\/it\\\/pallets\\\/\",\"url\":\"https:\\\/\\\/www.groupe-archimbaud.com\\\/it\\\/pallets\\\/\",\"name\":\"Pallet - Archimbaud\",\"isPartOf\":{\"@id\":\"https:\\\/\\\/www.groupe-archimbaud.com\\\/it\\\/#website\"},\"primaryImageOfPage\":{\"@id\":\"https:\\\/\\\/www.groupe-archimbaud.com\\\/it\\\/pallets\\\/#primaryimage\"},\"image\":{\"@id\":\"https:\\\/\\\/www.groupe-archimbaud.com\\\/it\\\/pallets\\\/#primaryimage\"},\"thumbnailUrl\":\"https:\\\/\\\/www.groupe-archimbaud.com\\\/wp-content\\\/uploads\\\/2020\\\/12\\\/archimbaud-palettes.jpg\",\"datePublished\":\"2022-06-13T08:48:33+00:00\",\"dateModified\":\"2023-01-23T10:58:21+00:00\",\"breadcrumb\":{\"@id\":\"https:\\\/\\\/www.groupe-archimbaud.com\\\/it\\\/pallets\\\/#breadcrumb\"},\"inLanguage\":\"it-IT\",\"potentialAction\":[{\"@type\":\"ReadAction\",\"target\":[\"https:\\\/\\\/www.groupe-archimbaud.com\\\/it\\\/pallets\\\/\"]}]},{\"@type\":\"ImageObject\",\"inLanguage\":\"it-IT\",\"@id\":\"https:\\\/\\\/www.groupe-archimbaud.com\\\/it\\\/pallets\\\/#primaryimage\",\"url\":\"https:\\\/\\\/www.groupe-archimbaud.com\\\/wp-content\\\/uploads\\\/2020\\\/12\\\/archimbaud-palettes.jpg\",\"contentUrl\":\"https:\\\/\\\/www.groupe-archimbaud.com\\\/wp-content\\\/uploads\\\/2020\\\/12\\\/archimbaud-palettes.jpg\",\"width\":730,\"height\":730},{\"@type\":\"BreadcrumbList\",\"@id\":\"https:\\\/\\\/www.groupe-archimbaud.com\\\/it\\\/pallets\\\/#breadcrumb\",\"itemListElement\":[{\"@type\":\"ListItem\",\"position\":1,\"name\":\"Accueil\",\"item\":\"https:\\\/\\\/www.groupe-archimbaud.com\\\/it\\\/\"},{\"@type\":\"ListItem\",\"position\":2,\"name\":\"Pallet\"}]},{\"@type\":\"WebSite\",\"@id\":\"https:\\\/\\\/www.groupe-archimbaud.com\\\/it\\\/#website\",\"url\":\"https:\\\/\\\/www.groupe-archimbaud.com\\\/it\\\/\",\"name\":\"Archimbaud\",\"description\":\"\",\"potentialAction\":[{\"@type\":\"SearchAction\",\"target\":{\"@type\":\"EntryPoint\",\"urlTemplate\":\"https:\\\/\\\/www.groupe-archimbaud.com\\\/it\\\/?s={search_term_string}\"},\"query-input\":{\"@type\":\"PropertyValueSpecification\",\"valueRequired\":true,\"valueName\":\"search_term_string\"}}],\"inLanguage\":\"it-IT\"}]}<\/script>\n<!-- \/ Yoast SEO plugin. -->","yoast_head_json":{"title":"Pallet - Archimbaud","robots":{"index":"index","follow":"follow","max-snippet":"max-snippet:-1","max-image-preview":"max-image-preview:large","max-video-preview":"max-video-preview:-1"},"canonical":"https:\/\/www.groupe-archimbaud.com\/it\/pallets\/","og_locale":"it_IT","og_type":"article","og_title":"Pallet - Archimbaud","og_description":"Realizzati esclusivamente con legno diradato, i pallet prodotti dal gruppo Archimbaud prediligono specie locali, provenienti vicino ai suoi siti di lavorazione. Pino marittimo, douglas, abete rosso, abete, laricio o pioppo: la competenza nel legno riconosciuta dal gruppo Archimbaud vi permette di scegliere il legno pi\u00f9 adatto all&#8217;utilizzo dei vostri pallet. 9 linee di taglio 11 [&hellip;]","og_url":"https:\/\/www.groupe-archimbaud.com\/it\/pallets\/","og_site_name":"Archimbaud","article_modified_time":"2023-01-23T10:58:21+00:00","og_image":[{"width":730,"height":730,"url":"https:\/\/www.groupe-archimbaud.com\/wp-content\/uploads\/2020\/12\/archimbaud-palettes.jpg","type":"image\/jpeg"}],"twitter_card":"summary_large_image","schema":{"@context":"https:\/\/schema.org","@graph":[{"@type":"WebPage","@id":"https:\/\/www.groupe-archimbaud.com\/it\/pallets\/","url":"https:\/\/www.groupe-archimbaud.com\/it\/pallets\/","name":"Pallet - Archimbaud","isPartOf":{"@id":"https:\/\/www.groupe-archimbaud.com\/it\/#website"},"primaryImageOfPage":{"@id":"https:\/\/www.groupe-archimbaud.com\/it\/pallets\/#primaryimage"},"image":{"@id":"https:\/\/www.groupe-archimbaud.com\/it\/pallets\/#primaryimage"},"thumbnailUrl":"https:\/\/www.groupe-archimbaud.com\/wp-content\/uploads\/2020\/12\/archimbaud-palettes.jpg","datePublished":"2022-06-13T08:48:33+00:00","dateModified":"2023-01-23T10:58:21+00:00","breadcrumb":{"@id":"https:\/\/www.groupe-archimbaud.com\/it\/pallets\/#breadcrumb"},"inLanguage":"it-IT","potentialAction":[{"@type":"ReadAction","target":["https:\/\/www.groupe-archimbaud.com\/it\/pallets\/"]}]},{"@type":"ImageObject","inLanguage":"it-IT","@id":"https:\/\/www.groupe-archimbaud.com\/it\/pallets\/#primaryimage","url":"https:\/\/www.groupe-archimbaud.com\/wp-content\/uploads\/2020\/12\/archimbaud-palettes.jpg","contentUrl":"https:\/\/www.groupe-archimbaud.com\/wp-content\/uploads\/2020\/12\/archimbaud-palettes.jpg","width":730,"height":730},{"@type":"BreadcrumbList","@id":"https:\/\/www.groupe-archimbaud.com\/it\/pallets\/#breadcrumb","itemListElement":[{"@type":"ListItem","position":1,"name":"Accueil","item":"https:\/\/www.groupe-archimbaud.com\/it\/"},{"@type":"ListItem","position":2,"name":"Pallet"}]},{"@type":"WebSite","@id":"https:\/\/www.groupe-archimbaud.com\/it\/#website","url":"https:\/\/www.groupe-archimbaud.com\/it\/","name":"Archimbaud","description":"","potentialAction":[{"@type":"SearchAction","target":{"@type":"EntryPoint","urlTemplate":"https:\/\/www.groupe-archimbaud.com\/it\/?s={search_term_string}"},"query-input":{"@type":"PropertyValueSpecification","valueRequired":true,"valueName":"search_term_string"}}],"inLanguage":"it-IT"}]}},"_links":{"self":[{"href":"https:\/\/www.groupe-archimbaud.com\/it\/wp-json\/wp\/v2\/pages\/1766","targetHints":{"allow":["GET"]}}],"collection":[{"href":"https:\/\/www.groupe-archimbaud.com\/it\/wp-json\/wp\/v2\/pages"}],"about":[{"href":"https:\/\/www.groupe-archimbaud.com\/it\/wp-json\/wp\/v2\/types\/page"}],"author":[{"embeddable":true,"href":"https:\/\/www.groupe-archimbaud.com\/it\/wp-json\/wp\/v2\/users\/1"}],"replies":[{"embeddable":true,"href":"https:\/\/www.groupe-archimbaud.com\/it\/wp-json\/wp\/v2\/comments?post=1766"}],"version-history":[{"count":3,"href":"https:\/\/www.groupe-archimbaud.com\/it\/wp-json\/wp\/v2\/pages\/1766\/revisions"}],"predecessor-version":[{"id":2302,"href":"https:\/\/www.groupe-archimbaud.com\/it\/wp-json\/wp\/v2\/pages\/1766\/revisions\/2302"}],"wp:featuredmedia":[{"embeddable":true,"href":"https:\/\/www.groupe-archimbaud.com\/it\/wp-json\/wp\/v2\/media\/1622"}],"wp:attachment":[{"href":"https:\/\/www.groupe-archimbaud.com\/it\/wp-json\/wp\/v2\/media?parent=1766"}],"curies":[{"name":"wp","href":"https:\/\/api.w.org\/{rel}","templated":true}]}}