{"id":1837,"date":"2022-07-18T14:19:51","date_gmt":"2022-07-18T13:19:51","guid":{"rendered":"https:\/\/www.groupe-archimbaud.com\/risorsa\/"},"modified":"2023-01-23T11:39:05","modified_gmt":"2023-01-23T10:39:05","slug":"risorsa","status":"publish","type":"page","link":"https:\/\/www.groupe-archimbaud.com\/it\/risorsa\/","title":{"rendered":"Risorsa"},"content":{"rendered":"\n\n\t\t\t\t<img decoding=\"async\" src=\"https:\/\/www.groupe-archimbaud.com\/wp-content\/uploads\/2020\/11\/rondins-bois-archimbaud.jpg\" alt=\"rondins-legno-archimbaud\" itemprop=\"image\" height=\"800\" width=\"800\" title=\"rondins-legno-archimbaud\" onerror=\"this.style.display='none'\"  \/>\n\t<p><strong>Il legno, una risorsa rinnovabile <\/strong><\/p>\n<p>In Francia, dove la foresta occupa un terzo del territorio metropolitano, l&#8217;aumento naturale \u00e8 maggiore del taglio del legno e la legislazione francese regola fortemente le pratiche forestali al fine di promuovere una gestione sostenibile. Ci\u00f2 rende il legno una risorsa rinnovabile per eccellenza e gli conferisce un notevole potenziale di sviluppo.<\/p>\n\t<p><strong>Sfruttamento ragionevole<\/strong><\/p>\n<strong>Il Gruppo Archimbaud incoraggia l&#8217;uso razionale del legno nelle foreste situate in prossimit\u00e0 dei suoi siti di lavorazione.<br \/>\n<\/strong>\n<p>Parte della sua fornitura \u00e8 assicurata dalla gestione del proprio parco forestale completamente certificato PEFC. Il gruppo richiede ai suoi fornitori di legno tenero di rifornirsi da proprietari certificati PEFC. Aderendo alla carta Merci le Peuplier (Grazie\u00a0il pioppo), incoraggia anche i proprietari di piantagioni di pioppi a svolgere le procedure di certificazione e li supporta se necessario.<\/p>\n<p>Inoltre, l&#8217;azienda agisce in modo sostenibile per mantenere e aumentare le aree forestali: ripianta ogni anno l&#8217;equivalente di 30 ettari di foresta e partecipa attivamente al programma Plantons pour l&#8217;Avenir (Piantiamo per il futuro), di cui \u00e8 membro sin dalla creazione del rimboschimento programma uno dei principali sponsor.<\/p>\n<table>\n<tbody>\n<tr>\n<td><img decoding=\"async\" src=\"https:\/\/www.groupe-archimbaud.com\/wp-content\/uploads\/2020\/11\/merci-peuplier.jpg\" alt=\"\" width=\"166\" height=\"110\" \/>\n<\/td>\n<td><img decoding=\"async\" src=\"https:\/\/www.groupe-archimbaud.com\/wp-content\/uploads\/2020\/11\/planton-avenir.jpg\" alt=\"\" width=\"164\" height=\"160\" \/><\/td>\n<td>\n<p><a href=\"https:\/\/www.groupe-archimbaud.com\/wp-content\/uploads\/2021\/11\/pefc-couleur-2-150x150.png\"><img decoding=\"async\" src=\"https:\/\/www.groupe-archimbaud.com\/wp-content\/uploads\/2021\/11\/pefc-couleur-2-150x150.png\" alt=\"\" width=\"71\" height=\"71\" \/><\/a><\/p>\n<\/td>\n<\/tr>\n<\/tbody>\n<\/table>\n<p>&nbsp;<\/p>\n\t<p><strong>Plantons Pour l&#8217;Avenir<\/strong><\/p>\n<p>Diventa al nostro fianco come sostenitore del fondo di dotazione Plantons pour l&#8217;Avenir.<\/p>\n<p>Parteciperate al rilancio del rimboschimento in Francia, beneficiando di una riduzione dell&#8217;imposta sul reddito fino al 66% della vostra donazione per le persone fisiche e al 60% per le aziende. Perch\u00e9 \u00e8 nel nostro interesse garantire il futuro delle nostre foreste, <strong>diventa al nostro fianco facendo una donazione!<\/strong><\/p>\n\t\t\t<a href=\"https:\/\/www.plantonspourlavenir.fr\/faire-un-don\/?MECENE=SCIERIE%20ARCHIMBAUD%20ET%20FILS&#038;LOGO_MECENE=\" target=\"_blank\" role=\"button\" rel=\"noopener\">\n\t\t\t\t\t\t\tUnisciti a noi !\n\t\t\t\t\t<\/a>\n\t<p>Concentrarsi su<\/p>\n\t\t\t\t<img decoding=\"async\" src=\"https:\/\/www.groupe-archimbaud.com\/wp-content\/uploads\/2020\/10\/bandeau-fonds-archimbaud-m.jpg\" alt=\"bandeau-fonds-archimbaud-m\" itemprop=\"image\" height=\"500\" width=\"1000\" title=\"bandeau-fonds-archimbaud-m\" onerror=\"this.style.display='none'\"  \/>\n\t<p>Concentrarsi sul pioppo<\/p>\n\t<p><strong>La Francia \u00e8 il 1\u00b0 produttore europeo di pioppi e il 2\u00b0 al mondo per superficie coltivata dopo la Cina.<\/strong> Oggi, in Francia viene piantata solo la met\u00e0 del legno necessario per gli anni a venire: senza forti disposizioni a favore della semina, l&#8217;intero settore della trasformazione potrebbe trovarsi in difficolt\u00e0. Il Consiglio Nazionale del Pioppo e la professione si stanno mobilitando per il rilancio delle piantagioni. La Carta Merci le Peuplier (Grazie pioppo) avvicina le aziende ai coltivatori di pioppo e offre assistenza finanziaria diretta per il reimpianto post-raccolta.<\/p>\n\t<p><strong>Albero emblematico delle valli dei fiumi che attraversano Deux-S\u00e8vres, il pioppo ha storicamente mantenuto un rapporto privilegiato con il gruppo Archimbaud<\/strong>, che ha creato nel 2015 il Groupement Forestier des Peupliers (Gruppo forestale di pioppi): la chiave per un migliore controllo degli approvvigionamenti e un valore esemplare per il settore. Questo gruppo forestale riforesta circa 35 ettari all&#8217;anno e mira ad acquisire 50 ettari di terreno all&#8217;anno dedicati al pioppo.<\/p>\n\t<p><strong>Per trasformare la risorsa del pioppo, il gruppo Archimbaud ha investito in uno strumento industriale adeguato<\/strong>: inaugurata nel 2018, la linea di segagione per legname pesante Secondign\u00e9-sur-Belle lavora tronchi di pioppo per numerose applicazioni costruttive e decorative: rivestimenti, listelli, pannellature, allestimenti interni e arredamento. Legno locale certificato PEFC, il legname segato di pioppo Archimbaud \u00e8 una soluzione che unisce competitivit\u00e0 e qualit\u00e0 tecniche.<\/p>\n\t<p><strong>Decarbonizzare l&#8217;economia<\/strong><\/p>\n\t<p>Sostenibile, il legno \u00e8 anche una risorsa essenziale per muoversi verso un&#8217;economia priva di carbonio, principalmente attraverso la sua funzione di pozzo di carbonio. Si stima che la foresta metropolitana assorba 87 milioni di tonnellate di CO2 all&#8217;anno, ovvero circa il 19% delle emissioni annuali francesi. Lo sfruttamento delle foreste ne consente sia il rinnovamento che il mantenimento favorendone la capacit\u00e0 di assorbimento.<\/p>\n\t<ul>\n<li>Il gruppo possiede <strong>350 ettari di foreste completamente certificate PEFC.<\/strong><\/li>\n<li><strong>30 Ha di foresta vengono ripiantati <\/strong>direttamente ogni anno dal gruppo Archimbaud<\/li>\n<li>Principale sponsor del fondo di dotazione Plantons pour l&#8217;Avenir, il gruppo dona <strong>70.000 euro ogni anno per contribuire al rimboschimento delle foreste francesi<\/strong><\/li>\n<li><strong>Il 60% del legno lavorato dal gruppo \u00e8 certificato PEFC<\/strong><\/li>\n<li><strong>250 km: distanza massima tra il taglio del legno e le segherie del gruppo.<\/strong><\/li>\n<\/ul>\n\t<p><iframe src=\"https:\/\/www.youtube.com\/embed\/CA127ijyPuY\" width=\"560\" height=\"315\" frameborder=\"0\" allowfullscreen=\"allowfullscreen\"><\/iframe><\/p>\n\n","protected":false},"excerpt":{"rendered":"<p>Il legno, una risorsa rinnovabile In Francia, dove la foresta occupa un terzo del territorio metropolitano, l&#8217;aumento naturale \u00e8 maggiore del taglio del legno e la legislazione francese regola fortemente le pratiche forestali al fine di promuovere una gestione sostenibile. Ci\u00f2 rende il legno una risorsa rinnovabile per eccellenza e gli conferisce un notevole potenziale [&hellip;]<\/p>\n","protected":false},"author":1,"featured_media":1623,"parent":0,"menu_order":0,"comment_status":"closed","ping_status":"closed","template":"","meta":{"_acf_changed":false,"footnotes":""},"class_list":["post-1837","page","type-page","status-publish","has-post-thumbnail","hentry"],"acf":[],"yoast_head":"<!-- This site is optimized with the Yoast SEO plugin v27.5 - https:\/\/yoast.com\/product\/yoast-seo-wordpress\/ -->\n<title>Risorsa - Archimbaud<\/title>\n<meta name=\"robots\" content=\"index, follow, max-snippet:-1, max-image-preview:large, max-video-preview:-1\" \/>\n<link rel=\"canonical\" href=\"https:\/\/www.groupe-archimbaud.com\/it\/risorsa\/\" \/>\n<meta property=\"og:locale\" content=\"it_IT\" \/>\n<meta property=\"og:type\" content=\"article\" \/>\n<meta property=\"og:title\" content=\"Risorsa - Archimbaud\" \/>\n<meta property=\"og:description\" content=\"Il legno, una risorsa rinnovabile In Francia, dove la foresta occupa un terzo del territorio metropolitano, l&#8217;aumento naturale \u00e8 maggiore del taglio del legno e la legislazione francese regola fortemente le pratiche forestali al fine di promuovere una gestione sostenibile. Ci\u00f2 rende il legno una risorsa rinnovabile per eccellenza e gli conferisce un notevole potenziale [&hellip;]\" \/>\n<meta property=\"og:url\" content=\"https:\/\/www.groupe-archimbaud.com\/it\/risorsa\/\" \/>\n<meta property=\"og:site_name\" content=\"Archimbaud\" \/>\n<meta property=\"article:modified_time\" content=\"2023-01-23T10:39:05+00:00\" \/>\n<meta property=\"og:image\" content=\"https:\/\/www.groupe-archimbaud.com\/wp-content\/uploads\/2020\/12\/archimbaud-plantage.jpg\" \/>\n\t<meta property=\"og:image:width\" content=\"730\" \/>\n\t<meta property=\"og:image:height\" content=\"730\" \/>\n\t<meta property=\"og:image:type\" content=\"image\/jpeg\" \/>\n<meta name=\"twitter:card\" content=\"summary_large_image\" \/>\n<meta name=\"twitter:label1\" content=\"Tempo di lettura stimato\" \/>\n\t<meta name=\"twitter:data1\" content=\"3 minuti\" \/>\n<script type=\"application\/ld+json\" class=\"yoast-schema-graph\">{\"@context\":\"https:\\\/\\\/schema.org\",\"@graph\":[{\"@type\":\"WebPage\",\"@id\":\"https:\\\/\\\/www.groupe-archimbaud.com\\\/it\\\/risorsa\\\/\",\"url\":\"https:\\\/\\\/www.groupe-archimbaud.com\\\/it\\\/risorsa\\\/\",\"name\":\"Risorsa - Archimbaud\",\"isPartOf\":{\"@id\":\"https:\\\/\\\/www.groupe-archimbaud.com\\\/it\\\/#website\"},\"primaryImageOfPage\":{\"@id\":\"https:\\\/\\\/www.groupe-archimbaud.com\\\/it\\\/risorsa\\\/#primaryimage\"},\"image\":{\"@id\":\"https:\\\/\\\/www.groupe-archimbaud.com\\\/it\\\/risorsa\\\/#primaryimage\"},\"thumbnailUrl\":\"https:\\\/\\\/www.groupe-archimbaud.com\\\/wp-content\\\/uploads\\\/2020\\\/12\\\/archimbaud-plantage.jpg\",\"datePublished\":\"2022-07-18T13:19:51+00:00\",\"dateModified\":\"2023-01-23T10:39:05+00:00\",\"breadcrumb\":{\"@id\":\"https:\\\/\\\/www.groupe-archimbaud.com\\\/it\\\/risorsa\\\/#breadcrumb\"},\"inLanguage\":\"it-IT\",\"potentialAction\":[{\"@type\":\"ReadAction\",\"target\":[\"https:\\\/\\\/www.groupe-archimbaud.com\\\/it\\\/risorsa\\\/\"]}]},{\"@type\":\"ImageObject\",\"inLanguage\":\"it-IT\",\"@id\":\"https:\\\/\\\/www.groupe-archimbaud.com\\\/it\\\/risorsa\\\/#primaryimage\",\"url\":\"https:\\\/\\\/www.groupe-archimbaud.com\\\/wp-content\\\/uploads\\\/2020\\\/12\\\/archimbaud-plantage.jpg\",\"contentUrl\":\"https:\\\/\\\/www.groupe-archimbaud.com\\\/wp-content\\\/uploads\\\/2020\\\/12\\\/archimbaud-plantage.jpg\",\"width\":730,\"height\":730},{\"@type\":\"BreadcrumbList\",\"@id\":\"https:\\\/\\\/www.groupe-archimbaud.com\\\/it\\\/risorsa\\\/#breadcrumb\",\"itemListElement\":[{\"@type\":\"ListItem\",\"position\":1,\"name\":\"Accueil\",\"item\":\"https:\\\/\\\/www.groupe-archimbaud.com\\\/it\\\/\"},{\"@type\":\"ListItem\",\"position\":2,\"name\":\"Risorsa\"}]},{\"@type\":\"WebSite\",\"@id\":\"https:\\\/\\\/www.groupe-archimbaud.com\\\/it\\\/#website\",\"url\":\"https:\\\/\\\/www.groupe-archimbaud.com\\\/it\\\/\",\"name\":\"Archimbaud\",\"description\":\"\",\"potentialAction\":[{\"@type\":\"SearchAction\",\"target\":{\"@type\":\"EntryPoint\",\"urlTemplate\":\"https:\\\/\\\/www.groupe-archimbaud.com\\\/it\\\/?s={search_term_string}\"},\"query-input\":{\"@type\":\"PropertyValueSpecification\",\"valueRequired\":true,\"valueName\":\"search_term_string\"}}],\"inLanguage\":\"it-IT\"}]}<\/script>\n<!-- \/ Yoast SEO plugin. -->","yoast_head_json":{"title":"Risorsa - Archimbaud","robots":{"index":"index","follow":"follow","max-snippet":"max-snippet:-1","max-image-preview":"max-image-preview:large","max-video-preview":"max-video-preview:-1"},"canonical":"https:\/\/www.groupe-archimbaud.com\/it\/risorsa\/","og_locale":"it_IT","og_type":"article","og_title":"Risorsa - Archimbaud","og_description":"Il legno, una risorsa rinnovabile In Francia, dove la foresta occupa un terzo del territorio metropolitano, l&#8217;aumento naturale \u00e8 maggiore del taglio del legno e la legislazione francese regola fortemente le pratiche forestali al fine di promuovere una gestione sostenibile. Ci\u00f2 rende il legno una risorsa rinnovabile per eccellenza e gli conferisce un notevole potenziale [&hellip;]","og_url":"https:\/\/www.groupe-archimbaud.com\/it\/risorsa\/","og_site_name":"Archimbaud","article_modified_time":"2023-01-23T10:39:05+00:00","og_image":[{"width":730,"height":730,"url":"https:\/\/www.groupe-archimbaud.com\/wp-content\/uploads\/2020\/12\/archimbaud-plantage.jpg","type":"image\/jpeg"}],"twitter_card":"summary_large_image","twitter_misc":{"Tempo di lettura stimato":"3 minuti"},"schema":{"@context":"https:\/\/schema.org","@graph":[{"@type":"WebPage","@id":"https:\/\/www.groupe-archimbaud.com\/it\/risorsa\/","url":"https:\/\/www.groupe-archimbaud.com\/it\/risorsa\/","name":"Risorsa - Archimbaud","isPartOf":{"@id":"https:\/\/www.groupe-archimbaud.com\/it\/#website"},"primaryImageOfPage":{"@id":"https:\/\/www.groupe-archimbaud.com\/it\/risorsa\/#primaryimage"},"image":{"@id":"https:\/\/www.groupe-archimbaud.com\/it\/risorsa\/#primaryimage"},"thumbnailUrl":"https:\/\/www.groupe-archimbaud.com\/wp-content\/uploads\/2020\/12\/archimbaud-plantage.jpg","datePublished":"2022-07-18T13:19:51+00:00","dateModified":"2023-01-23T10:39:05+00:00","breadcrumb":{"@id":"https:\/\/www.groupe-archimbaud.com\/it\/risorsa\/#breadcrumb"},"inLanguage":"it-IT","potentialAction":[{"@type":"ReadAction","target":["https:\/\/www.groupe-archimbaud.com\/it\/risorsa\/"]}]},{"@type":"ImageObject","inLanguage":"it-IT","@id":"https:\/\/www.groupe-archimbaud.com\/it\/risorsa\/#primaryimage","url":"https:\/\/www.groupe-archimbaud.com\/wp-content\/uploads\/2020\/12\/archimbaud-plantage.jpg","contentUrl":"https:\/\/www.groupe-archimbaud.com\/wp-content\/uploads\/2020\/12\/archimbaud-plantage.jpg","width":730,"height":730},{"@type":"BreadcrumbList","@id":"https:\/\/www.groupe-archimbaud.com\/it\/risorsa\/#breadcrumb","itemListElement":[{"@type":"ListItem","position":1,"name":"Accueil","item":"https:\/\/www.groupe-archimbaud.com\/it\/"},{"@type":"ListItem","position":2,"name":"Risorsa"}]},{"@type":"WebSite","@id":"https:\/\/www.groupe-archimbaud.com\/it\/#website","url":"https:\/\/www.groupe-archimbaud.com\/it\/","name":"Archimbaud","description":"","potentialAction":[{"@type":"SearchAction","target":{"@type":"EntryPoint","urlTemplate":"https:\/\/www.groupe-archimbaud.com\/it\/?s={search_term_string}"},"query-input":{"@type":"PropertyValueSpecification","valueRequired":true,"valueName":"search_term_string"}}],"inLanguage":"it-IT"}]}},"_links":{"self":[{"href":"https:\/\/www.groupe-archimbaud.com\/it\/wp-json\/wp\/v2\/pages\/1837","targetHints":{"allow":["GET"]}}],"collection":[{"href":"https:\/\/www.groupe-archimbaud.com\/it\/wp-json\/wp\/v2\/pages"}],"about":[{"href":"https:\/\/www.groupe-archimbaud.com\/it\/wp-json\/wp\/v2\/types\/page"}],"author":[{"embeddable":true,"href":"https:\/\/www.groupe-archimbaud.com\/it\/wp-json\/wp\/v2\/users\/1"}],"replies":[{"embeddable":true,"href":"https:\/\/www.groupe-archimbaud.com\/it\/wp-json\/wp\/v2\/comments?post=1837"}],"version-history":[{"count":6,"href":"https:\/\/www.groupe-archimbaud.com\/it\/wp-json\/wp\/v2\/pages\/1837\/revisions"}],"predecessor-version":[{"id":2296,"href":"https:\/\/www.groupe-archimbaud.com\/it\/wp-json\/wp\/v2\/pages\/1837\/revisions\/2296"}],"wp:featuredmedia":[{"embeddable":true,"href":"https:\/\/www.groupe-archimbaud.com\/it\/wp-json\/wp\/v2\/media\/1623"}],"wp:attachment":[{"href":"https:\/\/www.groupe-archimbaud.com\/it\/wp-json\/wp\/v2\/media?parent=1837"}],"curies":[{"name":"wp","href":"https:\/\/api.w.org\/{rel}","templated":true}]}}