{"id":1857,"date":"2022-07-19T13:31:59","date_gmt":"2022-07-19T12:31:59","guid":{"rendered":"https:\/\/www.groupe-archimbaud.com\/progetti\/"},"modified":"2023-01-23T14:15:40","modified_gmt":"2023-01-23T13:15:40","slug":"progetti","status":"publish","type":"page","link":"https:\/\/www.groupe-archimbaud.com\/it\/progetti\/","title":{"rendered":"Progetti"},"content":{"rendered":"\n\n\t\t\t\t<img decoding=\"async\" src=\"https:\/\/www.groupe-archimbaud.com\/wp-content\/uploads\/2021\/04\/agroforesterie-photo.jpg\" alt=\"agroforestazione-photo\" itemprop=\"image\" height=\"447\" width=\"672\" title=\"agroforestazione-photo\" onerror=\"this.style.display='none'\"  \/>\n\t<p>AGROFORESTAZIONE<\/p>\n<p><strong>Ispirandosi dal modello agronomico della foresta, l&#8217;agroforestazione consiste nell&#8217;associazione del albero a colture agricole o pascoli d&#8217;allevamento. Questa pratica ancestrale abandonata a causa dell&#8217;agricoltura sempre pi\u00f9 intensiva, assume tutto il suo significato all&#8217;arivo del riscaldamento climatico e del ristabilmento della biodiversit\u00e0.<\/strong><\/p>\n<p>Che sia integrato nelle siepi attorno ai bordi dei appezzamenti, intercalato con le culture o piantato alla scala di uno spartiacque, <strong>l&#8217;albero fuori dalla foresta associato alle culture o all&#8217;allevameto offra vantaggi ambientali, ma anche economici.<\/strong> Frenando l&#8217;erosione del suolo, questi alberi rurali attenuano gli effetti dal cambiamento climatico per la loro capacit\u00e0 a immagazzinare carbonio e a regolare il ciclo e la qualit\u00e0 dell&#8217;acqua. Aumentando il comfort degli animali d&#8217;allevamento e dei allevatori durante le periode calde, restaurano la biodiversit\u00e0 e i paesaggi. Questi boschetti risorgenti contribuiscono anche al piacere visivo della campagna ridisegnata.<\/p>\n<p>Al di l\u00e0 da dei suoi benefici agronomici e ambientale, l&#8217;agroforestazione \u00e8 di interesse economico per gli agricoltori: l&#8217;albero fuori dalla foresta fornisce una biomassa che l&#8217;agricoltore pu\u00f2 valorizzare e quest&#8217;energia del legno constituisce un reddito agricole complementare.<\/p>\n<p><strong>Nuova leva per un&#8217;agricoltura impegnata nella transizione, l&#8217;agroforestazione ha bisogno di essere meglio conosciuta e sostenuta: c&#8217;\u00e8 il senso dei progetti aiutati dal Fondo Archimbaud.<\/strong><\/p>\n<p><\/p>\n\t<h1>\u00a0<\/h1>\n<h1><strong>SCOPRI DI PI\u00d9 SULL&#8217;AGROFORESTAZIONE<\/strong><\/h1>\n\t<iframe allowfullscreen allow=\"autoplay\" data-src=\"https:\/\/www.youtube.com\/embed\/eEVcyQHsrkI?feature=oembed&amp;start&amp;end&amp;wmode=opaque&amp;loop=0&amp;controls=1&amp;mute=0&amp;rel=0&amp;modestbranding=0\"><\/iframe>\t\t\n\t\t\t\t\tPlay Video\n\t\t\t\t<img decoding=\"async\" src=\"https:\/\/www.groupe-archimbaud.com\/wp-content\/uploads\/2021\/01\/agroforesterie.jpg\" alt=\"agroforestazione\" itemprop=\"image\" height=\"343\" width=\"343\" title=\"agroforestazione\" onerror=\"this.style.display='none'\"  \/>\n\t\t\t\t<img decoding=\"async\" src=\"https:\/\/www.groupe-archimbaud.com\/wp-content\/uploads\/2021\/04\/shutterstock_1899715450-300x200.jpg\" alt=\"Beautiful,Green,Leaves,With,The,Shape,Of,Molecules,In,The\" itemprop=\"image\" height=\"200\" width=\"300\" title=\"Beautiful,Green,Leaves,With,The,Shape,Of,Molecules,In,The\" onerror=\"this.style.display='none'\"  \/>\n\t<p>Ricerca<\/p>\n<p>Il fondo consegna borse di studio per la ricerca alle universit\u00e0 su progetti legate al suo scopo aziendale (biomimetrica, adattamento ai cambiamenti climatici, chimica verde, ecc.).<\/p>\n<p>Le foreste e gli alberi si rivelano una ricca fonte di ispirazione per ricercatori: il Fondo Archimbaud intende sostenere progetti di ricerca ispirati agli alberi e agli ecosistemi forestali.<\/p>\n<p>La chimica verde si basa sulla riduzione o adirittura l&#8217;eliminazione di sostanze dannose per l&#8217;ambiente attraverso nuovi processi chimici ispirandosi maggiormente dai ecosisemi naturali, ma anche dal sfruttamento intensivo degli idrocarburi. Il Fondo Archimbaud \u00e8 interessato a progetti di ricerca volti a sviluppare nuove applicazioni nell&#8217;uso delle risorse forestali.<\/p>\n\t<p>CREAZIONE DEL LEGNO<\/p>\n<p><strong>Il fondo desidera incoraggiare l&#8217;uso, il riutilizzo e la valorizzazione del legno per la creazione artistica o sociale.<\/strong><\/p>\n\t\t\t\t<img decoding=\"async\" src=\"https:\/\/www.groupe-archimbaud.com\/wp-content\/uploads\/2021\/01\/palette-creation.jpg\" alt=\"pallets-creation\" itemprop=\"image\" height=\"196\" width=\"354\" title=\"pallets-creation\" onerror=\"this.style.display='none'\"  \/>\n\t<p>Pallet e creazione<\/p>\n<p>Grazie al suo formato standard e alla sua facilit\u00e0 da smontare, il pallet \u00e8 un eco-materiale privilegiato dagli amanti dal recupero e dal riutilizzo. La quantit\u00e0 annuale di pallet destinata alla rivalutazione essendo molto importante, non sono le risorse che mancano! Il Fondo Archimbaud pu\u00f2 sostenere progetti legati alla valorizzazione creativa, ingegnosa o artistica dei pallet.<\/p>\n\t\t\t\t<img decoding=\"async\" src=\"https:\/\/www.groupe-archimbaud.com\/wp-content\/uploads\/2021\/04\/Archibois.png\" alt=\"Archibois\" itemprop=\"image\" height=\"500\" width=\"500\" title=\"Archibois\" onerror=\"this.style.display='none'\"  \/>\n\t<p>CONCORSO ARCHI&#8217;BOIS<\/p>\n<p>Nell&#8217;ambito delle sue azioni d&#8217;interesse generale operate direttamente per il Fondo Archimbaud, Archi&#8217;bois \u00e8 il primo concorso d&#8217;idee destinate per gli studenti francesi in scuole d&#8217;architettura, di ingegneria e di paesaggistica. Appogiandosi su una partnership di esperti con la Scuola Nazionale di Architettura di Paris-Val de Seine, Archi&#8217;bois intende dare al legno un posto privilegiato nella creazione architetturale contemporanea.<\/p>\n<p>Dalla prima edizione nel 2019, gli studenti possono in tal modo svillupare la loro sensibilit\u00e0 e allargare le loro competenze dentro la costruzione e le risorse di legno. I tre progetti laureati ricevono ogni un premio, per una dotazione globale di 12.000 \u20ac.<\/p>\n\t\t\t<a href=\"https:\/\/www.concours-archibois.com\/\" target=\"_blank\" role=\"button\" rel=\"noopener\">\n\t\t\t\t\t\t\tSaperne di pi\u00f9\n\t\t\t\t\t<\/a>\n\t<iframe allowfullscreen allow=\"autoplay\" data-src=\"https:\/\/www.youtube.com\/embed\/LLnPVLdOZns?feature=oembed&amp;start&amp;end&amp;wmode=opaque&amp;loop=0&amp;controls=1&amp;mute=0&amp;rel=0&amp;modestbranding=0\"><\/iframe>\t\t\n\t\t\t\t\tPlay Video\n\t<p>CONTATTARE IL FONDO ARCHIMBAUD <\/p>\n\t\t\t<a href=\"https:\/\/www.groupe-archimbaud.com\/contacter-le-fond\/\" target=\"_self\" role=\"button\" rel=\"noopener\">\n\t\t\t\t\t\t\tContattare \n\t\t\t\t\t<\/a>\n\n","protected":false},"excerpt":{"rendered":"<p>AGROFORESTAZIONE Ispirandosi dal modello agronomico della foresta, l&#8217;agroforestazione consiste nell&#8217;associazione del albero a colture agricole o pascoli d&#8217;allevamento. Questa pratica ancestrale abandonata a causa dell&#8217;agricoltura sempre pi\u00f9 intensiva, assume tutto il suo significato all&#8217;arivo del riscaldamento climatico e del ristabilmento della biodiversit\u00e0. Che sia integrato nelle siepi attorno ai bordi dei appezzamenti, intercalato con le [&hellip;]<\/p>\n","protected":false},"author":1,"featured_media":1641,"parent":0,"menu_order":0,"comment_status":"closed","ping_status":"closed","template":"","meta":{"_acf_changed":false,"footnotes":""},"class_list":["post-1857","page","type-page","status-publish","has-post-thumbnail","hentry"],"acf":[],"yoast_head":"<!-- This site is optimized with the Yoast SEO plugin v27.4 - https:\/\/yoast.com\/product\/yoast-seo-wordpress\/ -->\n<title>Progetti - Archimbaud<\/title>\n<meta name=\"robots\" content=\"index, follow, max-snippet:-1, max-image-preview:large, max-video-preview:-1\" \/>\n<link rel=\"canonical\" href=\"https:\/\/www.groupe-archimbaud.com\/it\/progetti\/\" \/>\n<meta property=\"og:locale\" content=\"it_IT\" \/>\n<meta property=\"og:type\" content=\"article\" \/>\n<meta property=\"og:title\" content=\"Progetti - Archimbaud\" \/>\n<meta property=\"og:description\" content=\"AGROFORESTAZIONE Ispirandosi dal modello agronomico della foresta, l&#8217;agroforestazione consiste nell&#8217;associazione del albero a colture agricole o pascoli d&#8217;allevamento. Questa pratica ancestrale abandonata a causa dell&#8217;agricoltura sempre pi\u00f9 intensiva, assume tutto il suo significato all&#8217;arivo del riscaldamento climatico e del ristabilmento della biodiversit\u00e0. Che sia integrato nelle siepi attorno ai bordi dei appezzamenti, intercalato con le [&hellip;]\" \/>\n<meta property=\"og:url\" content=\"https:\/\/www.groupe-archimbaud.com\/it\/progetti\/\" \/>\n<meta property=\"og:site_name\" content=\"Archimbaud\" \/>\n<meta property=\"article:modified_time\" content=\"2023-01-23T13:15:40+00:00\" \/>\n<meta property=\"og:image\" content=\"https:\/\/www.groupe-archimbaud.com\/wp-content\/uploads\/2021\/01\/fonds-archimbaud.jpg\" \/>\n\t<meta property=\"og:image:width\" content=\"730\" \/>\n\t<meta property=\"og:image:height\" content=\"730\" \/>\n\t<meta property=\"og:image:type\" content=\"image\/jpeg\" \/>\n<meta name=\"twitter:card\" content=\"summary_large_image\" \/>\n<script type=\"application\/ld+json\" class=\"yoast-schema-graph\">{\"@context\":\"https:\\\/\\\/schema.org\",\"@graph\":[{\"@type\":\"WebPage\",\"@id\":\"https:\\\/\\\/www.groupe-archimbaud.com\\\/it\\\/progetti\\\/\",\"url\":\"https:\\\/\\\/www.groupe-archimbaud.com\\\/it\\\/progetti\\\/\",\"name\":\"Progetti - Archimbaud\",\"isPartOf\":{\"@id\":\"https:\\\/\\\/www.groupe-archimbaud.com\\\/it\\\/#website\"},\"primaryImageOfPage\":{\"@id\":\"https:\\\/\\\/www.groupe-archimbaud.com\\\/it\\\/progetti\\\/#primaryimage\"},\"image\":{\"@id\":\"https:\\\/\\\/www.groupe-archimbaud.com\\\/it\\\/progetti\\\/#primaryimage\"},\"thumbnailUrl\":\"https:\\\/\\\/www.groupe-archimbaud.com\\\/wp-content\\\/uploads\\\/2021\\\/01\\\/fonds-archimbaud.jpg\",\"datePublished\":\"2022-07-19T12:31:59+00:00\",\"dateModified\":\"2023-01-23T13:15:40+00:00\",\"breadcrumb\":{\"@id\":\"https:\\\/\\\/www.groupe-archimbaud.com\\\/it\\\/progetti\\\/#breadcrumb\"},\"inLanguage\":\"it-IT\",\"potentialAction\":[{\"@type\":\"ReadAction\",\"target\":[\"https:\\\/\\\/www.groupe-archimbaud.com\\\/it\\\/progetti\\\/\"]}]},{\"@type\":\"ImageObject\",\"inLanguage\":\"it-IT\",\"@id\":\"https:\\\/\\\/www.groupe-archimbaud.com\\\/it\\\/progetti\\\/#primaryimage\",\"url\":\"https:\\\/\\\/www.groupe-archimbaud.com\\\/wp-content\\\/uploads\\\/2021\\\/01\\\/fonds-archimbaud.jpg\",\"contentUrl\":\"https:\\\/\\\/www.groupe-archimbaud.com\\\/wp-content\\\/uploads\\\/2021\\\/01\\\/fonds-archimbaud.jpg\",\"width\":730,\"height\":730},{\"@type\":\"BreadcrumbList\",\"@id\":\"https:\\\/\\\/www.groupe-archimbaud.com\\\/it\\\/progetti\\\/#breadcrumb\",\"itemListElement\":[{\"@type\":\"ListItem\",\"position\":1,\"name\":\"Accueil\",\"item\":\"https:\\\/\\\/www.groupe-archimbaud.com\\\/it\\\/\"},{\"@type\":\"ListItem\",\"position\":2,\"name\":\"Progetti\"}]},{\"@type\":\"WebSite\",\"@id\":\"https:\\\/\\\/www.groupe-archimbaud.com\\\/it\\\/#website\",\"url\":\"https:\\\/\\\/www.groupe-archimbaud.com\\\/it\\\/\",\"name\":\"Archimbaud\",\"description\":\"\",\"potentialAction\":[{\"@type\":\"SearchAction\",\"target\":{\"@type\":\"EntryPoint\",\"urlTemplate\":\"https:\\\/\\\/www.groupe-archimbaud.com\\\/it\\\/?s={search_term_string}\"},\"query-input\":{\"@type\":\"PropertyValueSpecification\",\"valueRequired\":true,\"valueName\":\"search_term_string\"}}],\"inLanguage\":\"it-IT\"}]}<\/script>\n<!-- \/ Yoast SEO plugin. -->","yoast_head_json":{"title":"Progetti - Archimbaud","robots":{"index":"index","follow":"follow","max-snippet":"max-snippet:-1","max-image-preview":"max-image-preview:large","max-video-preview":"max-video-preview:-1"},"canonical":"https:\/\/www.groupe-archimbaud.com\/it\/progetti\/","og_locale":"it_IT","og_type":"article","og_title":"Progetti - Archimbaud","og_description":"AGROFORESTAZIONE Ispirandosi dal modello agronomico della foresta, l&#8217;agroforestazione consiste nell&#8217;associazione del albero a colture agricole o pascoli d&#8217;allevamento. Questa pratica ancestrale abandonata a causa dell&#8217;agricoltura sempre pi\u00f9 intensiva, assume tutto il suo significato all&#8217;arivo del riscaldamento climatico e del ristabilmento della biodiversit\u00e0. Che sia integrato nelle siepi attorno ai bordi dei appezzamenti, intercalato con le [&hellip;]","og_url":"https:\/\/www.groupe-archimbaud.com\/it\/progetti\/","og_site_name":"Archimbaud","article_modified_time":"2023-01-23T13:15:40+00:00","og_image":[{"width":730,"height":730,"url":"https:\/\/www.groupe-archimbaud.com\/wp-content\/uploads\/2021\/01\/fonds-archimbaud.jpg","type":"image\/jpeg"}],"twitter_card":"summary_large_image","schema":{"@context":"https:\/\/schema.org","@graph":[{"@type":"WebPage","@id":"https:\/\/www.groupe-archimbaud.com\/it\/progetti\/","url":"https:\/\/www.groupe-archimbaud.com\/it\/progetti\/","name":"Progetti - Archimbaud","isPartOf":{"@id":"https:\/\/www.groupe-archimbaud.com\/it\/#website"},"primaryImageOfPage":{"@id":"https:\/\/www.groupe-archimbaud.com\/it\/progetti\/#primaryimage"},"image":{"@id":"https:\/\/www.groupe-archimbaud.com\/it\/progetti\/#primaryimage"},"thumbnailUrl":"https:\/\/www.groupe-archimbaud.com\/wp-content\/uploads\/2021\/01\/fonds-archimbaud.jpg","datePublished":"2022-07-19T12:31:59+00:00","dateModified":"2023-01-23T13:15:40+00:00","breadcrumb":{"@id":"https:\/\/www.groupe-archimbaud.com\/it\/progetti\/#breadcrumb"},"inLanguage":"it-IT","potentialAction":[{"@type":"ReadAction","target":["https:\/\/www.groupe-archimbaud.com\/it\/progetti\/"]}]},{"@type":"ImageObject","inLanguage":"it-IT","@id":"https:\/\/www.groupe-archimbaud.com\/it\/progetti\/#primaryimage","url":"https:\/\/www.groupe-archimbaud.com\/wp-content\/uploads\/2021\/01\/fonds-archimbaud.jpg","contentUrl":"https:\/\/www.groupe-archimbaud.com\/wp-content\/uploads\/2021\/01\/fonds-archimbaud.jpg","width":730,"height":730},{"@type":"BreadcrumbList","@id":"https:\/\/www.groupe-archimbaud.com\/it\/progetti\/#breadcrumb","itemListElement":[{"@type":"ListItem","position":1,"name":"Accueil","item":"https:\/\/www.groupe-archimbaud.com\/it\/"},{"@type":"ListItem","position":2,"name":"Progetti"}]},{"@type":"WebSite","@id":"https:\/\/www.groupe-archimbaud.com\/it\/#website","url":"https:\/\/www.groupe-archimbaud.com\/it\/","name":"Archimbaud","description":"","potentialAction":[{"@type":"SearchAction","target":{"@type":"EntryPoint","urlTemplate":"https:\/\/www.groupe-archimbaud.com\/it\/?s={search_term_string}"},"query-input":{"@type":"PropertyValueSpecification","valueRequired":true,"valueName":"search_term_string"}}],"inLanguage":"it-IT"}]}},"_links":{"self":[{"href":"https:\/\/www.groupe-archimbaud.com\/it\/wp-json\/wp\/v2\/pages\/1857","targetHints":{"allow":["GET"]}}],"collection":[{"href":"https:\/\/www.groupe-archimbaud.com\/it\/wp-json\/wp\/v2\/pages"}],"about":[{"href":"https:\/\/www.groupe-archimbaud.com\/it\/wp-json\/wp\/v2\/types\/page"}],"author":[{"embeddable":true,"href":"https:\/\/www.groupe-archimbaud.com\/it\/wp-json\/wp\/v2\/users\/1"}],"replies":[{"embeddable":true,"href":"https:\/\/www.groupe-archimbaud.com\/it\/wp-json\/wp\/v2\/comments?post=1857"}],"version-history":[{"count":4,"href":"https:\/\/www.groupe-archimbaud.com\/it\/wp-json\/wp\/v2\/pages\/1857\/revisions"}],"predecessor-version":[{"id":2317,"href":"https:\/\/www.groupe-archimbaud.com\/it\/wp-json\/wp\/v2\/pages\/1857\/revisions\/2317"}],"wp:featuredmedia":[{"embeddable":true,"href":"https:\/\/www.groupe-archimbaud.com\/it\/wp-json\/wp\/v2\/media\/1641"}],"wp:attachment":[{"href":"https:\/\/www.groupe-archimbaud.com\/it\/wp-json\/wp\/v2\/media?parent=1857"}],"curies":[{"name":"wp","href":"https:\/\/api.w.org\/{rel}","templated":true}]}}