{"id":2051,"date":"2022-09-29T13:58:32","date_gmt":"2022-09-29T12:58:32","guid":{"rendered":"https:\/\/www.groupe-archimbaud.com\/cifre-chiave\/"},"modified":"2023-01-23T16:41:22","modified_gmt":"2023-01-23T15:41:22","slug":"cifre-chiave","status":"publish","type":"page","link":"https:\/\/www.groupe-archimbaud.com\/it\/cifre-chiave\/","title":{"rendered":"Figure chiave"},"content":{"rendered":"\r\n<p>&nbsp;<\/p>\r\n<p><strong>RIPARTIZIONE DEL FATTURATO PER ATTIVIT\u00c0<\/strong><\/p>\r\n<p><strong>Cifre chiave aggiornate<\/strong><\/p>\r\n<p><a id=\"fl-accordion--label-0\" tabindex=\"0\" href=\"#\" aria-controls=\"fl-accordion--panel-0\">550\u00a0000 m2 de parc industriel (8 sites en France et 3 \u00e0 l&#8217;international)<\/a> <a id=\"fl-accordion--icon-0\" tabindex=\"0\" href=\"#\" aria-controls=\"fl-accordion--panel-0\"><i>Expand<\/i><\/a><\/p>\r\n<p>550 000<\/p>\r\n<p>m\u00b2 di parco industriale (8 siti in Francia e 3 all&#8217;estero)<\/p>\r\n<p><a id=\"fl-accordion--label-1\" tabindex=\"0\" href=\"#\" aria-controls=\"fl-accordion--panel-1\">2\u00b0 scieur fran\u00e7ais de planches \u00e0 palettes<\/a> <a id=\"fl-accordion--icon-1\" tabindex=\"0\" href=\"#\" aria-controls=\"fl-accordion--panel-1\"><i>Expand<\/i><\/a><\/p>\r\n<p>2\u00b0<\/p>\r\n<p>segatrice francese di pannelli per pallet<\/p>\r\n<p><a id=\"fl-accordion--label-2\" tabindex=\"0\" href=\"#\" aria-controls=\"fl-accordion--panel-2\">200 000 tonnes de granul\u00e9s bois pour le chauffage<\/a> <a id=\"fl-accordion--icon-2\" tabindex=\"0\" href=\"#\" aria-controls=\"fl-accordion--panel-2\"><i>Expand<\/i><\/a><\/p>\r\n<p>230 000<\/p>\r\n<p>tonnellate di pellet di legno per riscaldamento<\/p>\r\n<p><a id=\"fl-accordion--label-3\" tabindex=\"0\" href=\"#\" aria-controls=\"fl-accordion--panel-3\">100M\u20ac de chiffre d&#8217;affaires<\/a> <a id=\"fl-accordion--icon-3\" tabindex=\"0\" href=\"#\" aria-controls=\"fl-accordion--panel-3\"><i>Expand<\/i><\/a><\/p>\r\n<p>145M\u20ac<\/p>\r\n<p>milioni di euro di fatturato<\/p>\r\n<p><a id=\"fl-accordion--label-4\" tabindex=\"0\" href=\"#\" aria-controls=\"fl-accordion--panel-4\">650 000 tonnes de bois transform\u00e9s\u00a0<\/a> <a id=\"fl-accordion--icon-4\" tabindex=\"0\" href=\"#\" aria-controls=\"fl-accordion--panel-4\"><i>Expand<\/i><\/a><\/p>\r\n<p>650 000<\/p>\r\n<p>tonnellate di legno lavorato<\/p>\r\n<p><a id=\"fl-accordion--label-5\" tabindex=\"0\" href=\"#\" aria-controls=\"fl-accordion--panel-5\">3 200 000 de palettes assembl\u00e9es<\/a> <a id=\"fl-accordion--icon-5\" tabindex=\"0\" href=\"#\" aria-controls=\"fl-accordion--panel-5\"><i>Expand<\/i><\/a><\/p>\r\n<p>7 000 000<\/p>\r\n<p>pallet assemblati<\/p>\r\n<p><a id=\"fl-accordion--label-6\" tabindex=\"0\" href=\"#\" aria-controls=\"fl-accordion--panel-6\">450 collaborateurs<\/a> <a id=\"fl-accordion--icon-6\" tabindex=\"0\" href=\"#\" aria-controls=\"fl-accordion--panel-6\"><i>Expand<\/i><\/a><\/p>\r\n<p>600<\/p>\r\n<p>dipendenti<\/p>\r\n<p><a id=\"fl-accordion--label-7\" tabindex=\"0\" href=\"#\" aria-controls=\"fl-accordion--panel-7\">30 GW de production \u00e9nerg\u00e9tique par la centrale biomasse Cogeland et panneaux photovolta\u00efques \u00e0 St-Romans-les-Melle.<\/a> <a id=\"fl-accordion--icon-7\" tabindex=\"0\" href=\"#\" aria-controls=\"fl-accordion--panel-7\"><i>Expand<\/i><\/a><\/p>\r\n<p>30 GW<\/p>\r\n<p>di produzione di energia dalla centrale a biomasse Cogeland e pannelli fotovoltaici a St-Romans-les-Melle<\/p>\r\n","protected":false},"excerpt":{"rendered":"<p>&nbsp; RIPARTIZIONE DEL FATTURATO PER ATTIVIT\u00c0 Cifre chiave aggiornate 550\u00a0000 m2 de parc industriel (8 sites en France et 3 \u00e0 l&#8217;international) Expand 550 000 m\u00b2 di parco industriale (8 siti in Francia e 3 all&#8217;estero) 2\u00b0 scieur fran\u00e7ais de planches \u00e0 palettes Expand 2\u00b0 segatrice francese di pannelli per pallet 200 000 tonnes de [&hellip;]<\/p>\n","protected":false},"author":1,"featured_media":1692,"parent":0,"menu_order":0,"comment_status":"closed","ping_status":"closed","template":"","meta":{"_acf_changed":false,"footnotes":""},"class_list":["post-2051","page","type-page","status-publish","has-post-thumbnail","hentry"],"acf":[],"yoast_head":"<!-- This site is optimized with the Yoast SEO plugin v27.5 - https:\/\/yoast.com\/product\/yoast-seo-wordpress\/ -->\n<title>Figure chiave - Archimbaud<\/title>\n<meta name=\"robots\" content=\"index, follow, max-snippet:-1, max-image-preview:large, max-video-preview:-1\" \/>\n<link rel=\"canonical\" href=\"https:\/\/www.groupe-archimbaud.com\/it\/cifre-chiave\/\" \/>\n<meta property=\"og:locale\" content=\"it_IT\" \/>\n<meta property=\"og:type\" content=\"article\" \/>\n<meta property=\"og:title\" content=\"Figure chiave - Archimbaud\" \/>\n<meta property=\"og:description\" content=\"&nbsp; RIPARTIZIONE DEL FATTURATO PER ATTIVIT\u00c0 Cifre chiave aggiornate 550\u00a0000 m2 de parc industriel (8 sites en France et 3 \u00e0 l&#8217;international) Expand 550 000 m\u00b2 di parco industriale (8 siti in Francia e 3 all&#8217;estero) 2\u00b0 scieur fran\u00e7ais de planches \u00e0 palettes Expand 2\u00b0 segatrice francese di pannelli per pallet 200 000 tonnes de [&hellip;]\" \/>\n<meta property=\"og:url\" content=\"https:\/\/www.groupe-archimbaud.com\/it\/cifre-chiave\/\" \/>\n<meta property=\"og:site_name\" content=\"Archimbaud\" \/>\n<meta property=\"article:modified_time\" content=\"2023-01-23T15:41:22+00:00\" \/>\n<meta property=\"og:image\" content=\"https:\/\/www.groupe-archimbaud.com\/wp-content\/uploads\/2021\/04\/archimbaud-transpalette.jpg\" \/>\n\t<meta property=\"og:image:width\" content=\"880\" \/>\n\t<meta property=\"og:image:height\" content=\"880\" \/>\n\t<meta property=\"og:image:type\" content=\"image\/jpeg\" \/>\n<meta name=\"twitter:card\" content=\"summary_large_image\" \/>\n<meta name=\"twitter:label1\" content=\"Tempo di lettura stimato\" \/>\n\t<meta name=\"twitter:data1\" content=\"1 minuto\" \/>\n<script type=\"application\/ld+json\" class=\"yoast-schema-graph\">{\"@context\":\"https:\\\/\\\/schema.org\",\"@graph\":[{\"@type\":\"WebPage\",\"@id\":\"https:\\\/\\\/www.groupe-archimbaud.com\\\/it\\\/cifre-chiave\\\/\",\"url\":\"https:\\\/\\\/www.groupe-archimbaud.com\\\/it\\\/cifre-chiave\\\/\",\"name\":\"Figure chiave - Archimbaud\",\"isPartOf\":{\"@id\":\"https:\\\/\\\/www.groupe-archimbaud.com\\\/it\\\/#website\"},\"primaryImageOfPage\":{\"@id\":\"https:\\\/\\\/www.groupe-archimbaud.com\\\/it\\\/cifre-chiave\\\/#primaryimage\"},\"image\":{\"@id\":\"https:\\\/\\\/www.groupe-archimbaud.com\\\/it\\\/cifre-chiave\\\/#primaryimage\"},\"thumbnailUrl\":\"https:\\\/\\\/www.groupe-archimbaud.com\\\/wp-content\\\/uploads\\\/2021\\\/04\\\/archimbaud-transpalette.jpg\",\"datePublished\":\"2022-09-29T12:58:32+00:00\",\"dateModified\":\"2023-01-23T15:41:22+00:00\",\"breadcrumb\":{\"@id\":\"https:\\\/\\\/www.groupe-archimbaud.com\\\/it\\\/cifre-chiave\\\/#breadcrumb\"},\"inLanguage\":\"it-IT\",\"potentialAction\":[{\"@type\":\"ReadAction\",\"target\":[\"https:\\\/\\\/www.groupe-archimbaud.com\\\/it\\\/cifre-chiave\\\/\"]}]},{\"@type\":\"ImageObject\",\"inLanguage\":\"it-IT\",\"@id\":\"https:\\\/\\\/www.groupe-archimbaud.com\\\/it\\\/cifre-chiave\\\/#primaryimage\",\"url\":\"https:\\\/\\\/www.groupe-archimbaud.com\\\/wp-content\\\/uploads\\\/2021\\\/04\\\/archimbaud-transpalette.jpg\",\"contentUrl\":\"https:\\\/\\\/www.groupe-archimbaud.com\\\/wp-content\\\/uploads\\\/2021\\\/04\\\/archimbaud-transpalette.jpg\",\"width\":880,\"height\":880},{\"@type\":\"BreadcrumbList\",\"@id\":\"https:\\\/\\\/www.groupe-archimbaud.com\\\/it\\\/cifre-chiave\\\/#breadcrumb\",\"itemListElement\":[{\"@type\":\"ListItem\",\"position\":1,\"name\":\"Accueil\",\"item\":\"https:\\\/\\\/www.groupe-archimbaud.com\\\/it\\\/\"},{\"@type\":\"ListItem\",\"position\":2,\"name\":\"Figure chiave\"}]},{\"@type\":\"WebSite\",\"@id\":\"https:\\\/\\\/www.groupe-archimbaud.com\\\/it\\\/#website\",\"url\":\"https:\\\/\\\/www.groupe-archimbaud.com\\\/it\\\/\",\"name\":\"Archimbaud\",\"description\":\"\",\"potentialAction\":[{\"@type\":\"SearchAction\",\"target\":{\"@type\":\"EntryPoint\",\"urlTemplate\":\"https:\\\/\\\/www.groupe-archimbaud.com\\\/it\\\/?s={search_term_string}\"},\"query-input\":{\"@type\":\"PropertyValueSpecification\",\"valueRequired\":true,\"valueName\":\"search_term_string\"}}],\"inLanguage\":\"it-IT\"}]}<\/script>\n<!-- \/ Yoast SEO plugin. -->","yoast_head_json":{"title":"Figure chiave - Archimbaud","robots":{"index":"index","follow":"follow","max-snippet":"max-snippet:-1","max-image-preview":"max-image-preview:large","max-video-preview":"max-video-preview:-1"},"canonical":"https:\/\/www.groupe-archimbaud.com\/it\/cifre-chiave\/","og_locale":"it_IT","og_type":"article","og_title":"Figure chiave - Archimbaud","og_description":"&nbsp; RIPARTIZIONE DEL FATTURATO PER ATTIVIT\u00c0 Cifre chiave aggiornate 550\u00a0000 m2 de parc industriel (8 sites en France et 3 \u00e0 l&#8217;international) Expand 550 000 m\u00b2 di parco industriale (8 siti in Francia e 3 all&#8217;estero) 2\u00b0 scieur fran\u00e7ais de planches \u00e0 palettes Expand 2\u00b0 segatrice francese di pannelli per pallet 200 000 tonnes de [&hellip;]","og_url":"https:\/\/www.groupe-archimbaud.com\/it\/cifre-chiave\/","og_site_name":"Archimbaud","article_modified_time":"2023-01-23T15:41:22+00:00","og_image":[{"width":880,"height":880,"url":"https:\/\/www.groupe-archimbaud.com\/wp-content\/uploads\/2021\/04\/archimbaud-transpalette.jpg","type":"image\/jpeg"}],"twitter_card":"summary_large_image","twitter_misc":{"Tempo di lettura stimato":"1 minuto"},"schema":{"@context":"https:\/\/schema.org","@graph":[{"@type":"WebPage","@id":"https:\/\/www.groupe-archimbaud.com\/it\/cifre-chiave\/","url":"https:\/\/www.groupe-archimbaud.com\/it\/cifre-chiave\/","name":"Figure chiave - Archimbaud","isPartOf":{"@id":"https:\/\/www.groupe-archimbaud.com\/it\/#website"},"primaryImageOfPage":{"@id":"https:\/\/www.groupe-archimbaud.com\/it\/cifre-chiave\/#primaryimage"},"image":{"@id":"https:\/\/www.groupe-archimbaud.com\/it\/cifre-chiave\/#primaryimage"},"thumbnailUrl":"https:\/\/www.groupe-archimbaud.com\/wp-content\/uploads\/2021\/04\/archimbaud-transpalette.jpg","datePublished":"2022-09-29T12:58:32+00:00","dateModified":"2023-01-23T15:41:22+00:00","breadcrumb":{"@id":"https:\/\/www.groupe-archimbaud.com\/it\/cifre-chiave\/#breadcrumb"},"inLanguage":"it-IT","potentialAction":[{"@type":"ReadAction","target":["https:\/\/www.groupe-archimbaud.com\/it\/cifre-chiave\/"]}]},{"@type":"ImageObject","inLanguage":"it-IT","@id":"https:\/\/www.groupe-archimbaud.com\/it\/cifre-chiave\/#primaryimage","url":"https:\/\/www.groupe-archimbaud.com\/wp-content\/uploads\/2021\/04\/archimbaud-transpalette.jpg","contentUrl":"https:\/\/www.groupe-archimbaud.com\/wp-content\/uploads\/2021\/04\/archimbaud-transpalette.jpg","width":880,"height":880},{"@type":"BreadcrumbList","@id":"https:\/\/www.groupe-archimbaud.com\/it\/cifre-chiave\/#breadcrumb","itemListElement":[{"@type":"ListItem","position":1,"name":"Accueil","item":"https:\/\/www.groupe-archimbaud.com\/it\/"},{"@type":"ListItem","position":2,"name":"Figure chiave"}]},{"@type":"WebSite","@id":"https:\/\/www.groupe-archimbaud.com\/it\/#website","url":"https:\/\/www.groupe-archimbaud.com\/it\/","name":"Archimbaud","description":"","potentialAction":[{"@type":"SearchAction","target":{"@type":"EntryPoint","urlTemplate":"https:\/\/www.groupe-archimbaud.com\/it\/?s={search_term_string}"},"query-input":{"@type":"PropertyValueSpecification","valueRequired":true,"valueName":"search_term_string"}}],"inLanguage":"it-IT"}]}},"_links":{"self":[{"href":"https:\/\/www.groupe-archimbaud.com\/it\/wp-json\/wp\/v2\/pages\/2051","targetHints":{"allow":["GET"]}}],"collection":[{"href":"https:\/\/www.groupe-archimbaud.com\/it\/wp-json\/wp\/v2\/pages"}],"about":[{"href":"https:\/\/www.groupe-archimbaud.com\/it\/wp-json\/wp\/v2\/types\/page"}],"author":[{"embeddable":true,"href":"https:\/\/www.groupe-archimbaud.com\/it\/wp-json\/wp\/v2\/users\/1"}],"replies":[{"embeddable":true,"href":"https:\/\/www.groupe-archimbaud.com\/it\/wp-json\/wp\/v2\/comments?post=2051"}],"version-history":[{"count":9,"href":"https:\/\/www.groupe-archimbaud.com\/it\/wp-json\/wp\/v2\/pages\/2051\/revisions"}],"predecessor-version":[{"id":2334,"href":"https:\/\/www.groupe-archimbaud.com\/it\/wp-json\/wp\/v2\/pages\/2051\/revisions\/2334"}],"wp:featuredmedia":[{"embeddable":true,"href":"https:\/\/www.groupe-archimbaud.com\/it\/wp-json\/wp\/v2\/media\/1692"}],"wp:attachment":[{"href":"https:\/\/www.groupe-archimbaud.com\/it\/wp-json\/wp\/v2\/media?parent=2051"}],"curies":[{"name":"wp","href":"https:\/\/api.w.org\/{rel}","templated":true}]}}